{"id":29831,"date":"2026-03-30T11:27:21","date_gmt":"2026-03-30T08:27:21","guid":{"rendered":"https:\/\/packmarkt.com\/product\/kapese-me-pompe-per-locion-metropolitan-18-415-pp-e-zeze-doze-0-15ml-kapese-sigurie-e-zeze-virgo-30\/"},"modified":"2026-03-30T11:27:21","modified_gmt":"2026-03-30T08:27:21","slug":"kapese-me-pompe-per-locion-metropolitan-18-415-pp-e-zeze-doze-0-15ml-kapese-sigurie-e-zeze-virgo-30","status":"publish","type":"product","link":"https:\/\/packmarkt.com\/sq\/produkt\/kapese-me-pompe-per-locion-metropolitan-18-415-pp-e-zeze-doze-0-15ml-kapese-sigurie-e-zeze-virgo-30\/","title":{"rendered":"Kap\u00ebse me pomp\u00eb p\u00ebr locion Metropolitan 18\/415, PP, e zez\u00eb, doz\u00eb 0.15ml, kap\u00ebse sigurie e zez\u00eb (Virgo 30)"},"content":{"rendered":"","protected":false},"excerpt":{"rendered":"<p><strong>Kodi:<\/strong>ABB07A3C002-200<br \/>\n<strong>Lart\u00ebsia <\/strong>40,75 mm<br \/>\n<strong>Diametri: <\/strong>21,3 mm<br \/>\n<strong>Pesha: <\/strong>8 g<br \/>\n<strong>Materiali: <\/strong>PP R<br \/>\n<strong>Ngjyra:<\/strong>e zez\u00eb<br \/>\n<strong>Dozatori: <\/strong>0,15 ml<br \/>\n<strong>Gryka: <\/strong>18\/415<br \/>\n<strong>Gjat\u00ebsia e tubit: <\/strong>51 mm<br \/>\n<strong>Materiali i tubit: <\/strong>LDPE<\/p>\n","protected":false},"featured_media":27195,"template":"","meta":[],"product_brand":[],"product_cat":[1822],"product_tag":[],"class_list":{"0":"post-29831","1":"product","2":"type-product","3":"status-publish","4":"has-post-thumbnail","6":"product_cat-kapake","7":"ts_product_brand-miron","9":"first","10":"instock","11":"taxable","12":"shipping-taxable","13":"product-type-simple"},"aioseo_notices":[],"_links":{"self":[{"href":"https:\/\/packmarkt.com\/sq\/wp-json\/wp\/v2\/product\/29831","targetHints":{"allow":["GET"]}}],"collection":[{"href":"https:\/\/packmarkt.com\/sq\/wp-json\/wp\/v2\/product"}],"about":[{"href":"https:\/\/packmarkt.com\/sq\/wp-json\/wp\/v2\/types\/product"}],"wp:featuredmedia":[{"embeddable":true,"href":"https:\/\/packmarkt.com\/sq\/wp-json\/wp\/v2\/media\/27195"}],"wp:attachment":[{"href":"https:\/\/packmarkt.com\/sq\/wp-json\/wp\/v2\/media?parent=29831"}],"wp:term":[{"taxonomy":"product_brand","embeddable":true,"href":"https:\/\/packmarkt.com\/sq\/wp-json\/wp\/v2\/product_brand?post=29831"},{"taxonomy":"product_cat","embeddable":true,"href":"https:\/\/packmarkt.com\/sq\/wp-json\/wp\/v2\/product_cat?post=29831"},{"taxonomy":"product_tag","embeddable":true,"href":"https:\/\/packmarkt.com\/sq\/wp-json\/wp\/v2\/product_tag?post=29831"}],"curies":[{"name":"wp","href":"https:\/\/api.w.org\/{rel}","templated":true}]}}