{"id":29780,"date":"2026-03-30T11:27:24","date_gmt":"2026-03-30T08:27:24","guid":{"rendered":"https:\/\/packmarkt.com\/product\/kapese-me-pompe-per-locion-sinfonia-22-410-pp-e-zeze-me-shkelqim-doze-0-19-ml-kapak-i-siperm-i-zi-mira-50\/"},"modified":"2026-03-30T11:27:24","modified_gmt":"2026-03-30T08:27:24","slug":"kapese-me-pompe-per-locion-sinfonia-22-410-pp-e-zeze-me-shkelqim-doze-0-19-ml-kapak-i-siperm-i-zi-mira-50","status":"publish","type":"product","link":"https:\/\/packmarkt.com\/sq\/produkt\/kapese-me-pompe-per-locion-sinfonia-22-410-pp-e-zeze-me-shkelqim-doze-0-19-ml-kapak-i-siperm-i-zi-mira-50\/","title":{"rendered":"Kap\u00ebse me pomp\u00eb p\u00ebr locion Sinfonia 22\/410, PP e zez\u00eb, me shk\u00eblqim, doz\u00eb 0.19 ml, kapak i sip\u00ebrm i zi (Mira 50)"},"content":{"rendered":"","protected":false},"excerpt":{"rendered":"<p><strong>Kodi:<\/strong>FPB12A3C001-200<br \/>\n<strong>Lart\u00ebsia: <\/strong>38.1 mm<br \/>\n<strong>Diametri: <\/strong>24.45 mm<br \/>\n<strong>Pesha: <\/strong>7 gr<br \/>\n<strong>Materiali: <\/strong>PP<br \/>\n<strong>Ngjyra: <\/strong>e zez\u00eb<br \/>\n<strong>Dozimi: <\/strong>0.19 ml<br \/>\n<strong>Gryka: <\/strong>22\/410<br \/>\n<strong>Gjat\u00ebsia e tubit: <\/strong>103 mm<br \/>\n<strong>Materiali i tubit: <\/strong>LDPE<\/p>\n","protected":false},"featured_media":27189,"template":"","meta":[],"product_brand":[],"product_cat":[1822],"product_tag":[],"class_list":{"0":"post-29780","1":"product","2":"type-product","3":"status-publish","4":"has-post-thumbnail","6":"product_cat-kapake","7":"ts_product_brand-miron","9":"first","10":"instock","11":"taxable","12":"shipping-taxable","13":"product-type-simple"},"aioseo_notices":[],"_links":{"self":[{"href":"https:\/\/packmarkt.com\/sq\/wp-json\/wp\/v2\/product\/29780","targetHints":{"allow":["GET"]}}],"collection":[{"href":"https:\/\/packmarkt.com\/sq\/wp-json\/wp\/v2\/product"}],"about":[{"href":"https:\/\/packmarkt.com\/sq\/wp-json\/wp\/v2\/types\/product"}],"wp:featuredmedia":[{"embeddable":true,"href":"https:\/\/packmarkt.com\/sq\/wp-json\/wp\/v2\/media\/27189"}],"wp:attachment":[{"href":"https:\/\/packmarkt.com\/sq\/wp-json\/wp\/v2\/media?parent=29780"}],"wp:term":[{"taxonomy":"product_brand","embeddable":true,"href":"https:\/\/packmarkt.com\/sq\/wp-json\/wp\/v2\/product_brand?post=29780"},{"taxonomy":"product_cat","embeddable":true,"href":"https:\/\/packmarkt.com\/sq\/wp-json\/wp\/v2\/product_cat?post=29780"},{"taxonomy":"product_tag","embeddable":true,"href":"https:\/\/packmarkt.com\/sq\/wp-json\/wp\/v2\/product_tag?post=29780"}],"curies":[{"name":"wp","href":"https:\/\/api.w.org\/{rel}","templated":true}]}}