{"id":29753,"date":"2026-03-30T15:20:55","date_gmt":"2026-03-30T12:20:55","guid":{"rendered":"https:\/\/packmarkt.com\/product\/kapese-me-vide-me-siguri-hapjeje-din18-iii-pp-pehd-e-zeze-me-shtrese-te-brendshme-vjollce-phan-orion\/"},"modified":"2026-03-30T15:20:55","modified_gmt":"2026-03-30T12:20:55","slug":"kapese-me-vide-me-siguri-hapjeje-din18-iii-pp-pehd-e-zeze-me-shtrese-te-brendshme-vjollce-phan-orion","status":"publish","type":"product","link":"https:\/\/packmarkt.com\/sq\/produkt\/kapese-me-vide-me-siguri-hapjeje-din18-iii-pp-pehd-e-zeze-me-shtrese-te-brendshme-vjollce-phan-orion\/","title":{"rendered":"Kap\u00ebse me vid\u00eb me siguri hapjeje DIN18, III, PP\/PEHD, e zez\u00eb, me shtres\u00eb t\u00eb brendshme vjollc\u00eb Phan (Orion)"},"content":{"rendered":"","protected":false},"excerpt":{"rendered":"<p><strong>Kodi:<\/strong> RGB02D1A001-200<br \/>\n<strong>Lart\u00ebsia:<\/strong> 20.5 mm<br \/>\n<strong>Diametri:<\/strong> 24.7 mm<br \/>\n<strong>Pesha:<\/strong> 3 gr<br \/>\n<strong>Hapja:<\/strong> DIN18<br \/>\n<strong>Materiali:<\/strong> PP<br \/>\n<strong>Ngjyra:<\/strong> e zez\u00eb<br \/>\n<strong>Tipi i unaz\u00ebs s\u00eb siguris\u00eb:<\/strong> TypeIII<br \/>\n<strong>Materiali i unaz\u00ebs s\u00eb siguris\u00eb:<\/strong> PEHD<br \/>\n<strong>Materiali i vulosjes: <\/strong>PHAN<br \/>\n<strong>Trash\u00ebsia e materialit t\u00eb vulosjes:<\/strong> 2.1<\/p>\n","protected":false},"featured_media":27225,"template":"","meta":[],"product_brand":[],"product_cat":[1822],"product_tag":[],"class_list":{"0":"post-29753","1":"product","2":"type-product","3":"status-publish","4":"has-post-thumbnail","6":"product_cat-kapake","7":"ts_product_brand-miron","9":"first","10":"instock","11":"taxable","12":"shipping-taxable","13":"product-type-simple"},"aioseo_notices":[],"_links":{"self":[{"href":"https:\/\/packmarkt.com\/sq\/wp-json\/wp\/v2\/product\/29753","targetHints":{"allow":["GET"]}}],"collection":[{"href":"https:\/\/packmarkt.com\/sq\/wp-json\/wp\/v2\/product"}],"about":[{"href":"https:\/\/packmarkt.com\/sq\/wp-json\/wp\/v2\/types\/product"}],"wp:featuredmedia":[{"embeddable":true,"href":"https:\/\/packmarkt.com\/sq\/wp-json\/wp\/v2\/media\/27225"}],"wp:attachment":[{"href":"https:\/\/packmarkt.com\/sq\/wp-json\/wp\/v2\/media?parent=29753"}],"wp:term":[{"taxonomy":"product_brand","embeddable":true,"href":"https:\/\/packmarkt.com\/sq\/wp-json\/wp\/v2\/product_brand?post=29753"},{"taxonomy":"product_cat","embeddable":true,"href":"https:\/\/packmarkt.com\/sq\/wp-json\/wp\/v2\/product_cat?post=29753"},{"taxonomy":"product_tag","embeddable":true,"href":"https:\/\/packmarkt.com\/sq\/wp-json\/wp\/v2\/product_tag?post=29753"}],"curies":[{"name":"wp","href":"https:\/\/api.w.org\/{rel}","templated":true}]}}