{"id":29712,"date":"2026-03-30T11:27:20","date_gmt":"2026-03-30T08:27:20","guid":{"rendered":"https:\/\/packmarkt.com\/product\/kapese-me-pompe-per-locion-metropolitan-din18-pp-e-zeze-doze-0-15-ml-kapese-sigurie-e-zeze-orion-100\/"},"modified":"2026-03-30T11:27:20","modified_gmt":"2026-03-30T08:27:20","slug":"kapese-me-pompe-per-locion-metropolitan-din18-pp-e-zeze-doze-0-15-ml-kapese-sigurie-e-zeze-orion-100","status":"publish","type":"product","link":"https:\/\/packmarkt.com\/sq\/produkt\/kapese-me-pompe-per-locion-metropolitan-din18-pp-e-zeze-doze-0-15-ml-kapese-sigurie-e-zeze-orion-100\/","title":{"rendered":"Kap\u00ebse me pomp\u00eb p\u00ebr locion Metropolitan DIN18, PP, e zez\u00eb, doz\u00eb 0.15 ml, kap\u00ebse sigurie e zez\u00eb (Orion 100)"},"content":{"rendered":"","protected":false},"excerpt":{"rendered":"<p><strong>Kodi:<\/strong>ABB02A3C020-200<br \/>\n<strong>Lart\u00ebsia <\/strong>40.4 mm<br \/>\n<strong>Diametri: <\/strong>23 mm<br \/>\n<strong>Pesha: <\/strong>8 g<br \/>\n<strong>Materiali:<\/strong>PP R<br \/>\n<strong>Ngjyra: <\/strong>e zez\u00eb<br \/>\n<strong>Dozatori:<\/strong>0.15 ml<br \/>\n<strong>Gryka: <\/strong>DIN18<br \/>\n<strong>Gjat\u00ebsia e tubit:<\/strong>103 mm<br \/>\n<strong>Materiali i tubit:<\/strong>LDPE<\/p>\n","protected":false},"featured_media":27182,"template":"","meta":[],"product_brand":[],"product_cat":[1822],"product_tag":[],"class_list":{"0":"post-29712","1":"product","2":"type-product","3":"status-publish","4":"has-post-thumbnail","6":"product_cat-kapake","7":"ts_product_brand-miron","9":"first","10":"instock","11":"taxable","12":"shipping-taxable","13":"product-type-simple"},"aioseo_notices":[],"_links":{"self":[{"href":"https:\/\/packmarkt.com\/sq\/wp-json\/wp\/v2\/product\/29712","targetHints":{"allow":["GET"]}}],"collection":[{"href":"https:\/\/packmarkt.com\/sq\/wp-json\/wp\/v2\/product"}],"about":[{"href":"https:\/\/packmarkt.com\/sq\/wp-json\/wp\/v2\/types\/product"}],"wp:featuredmedia":[{"embeddable":true,"href":"https:\/\/packmarkt.com\/sq\/wp-json\/wp\/v2\/media\/27182"}],"wp:attachment":[{"href":"https:\/\/packmarkt.com\/sq\/wp-json\/wp\/v2\/media?parent=29712"}],"wp:term":[{"taxonomy":"product_brand","embeddable":true,"href":"https:\/\/packmarkt.com\/sq\/wp-json\/wp\/v2\/product_brand?post=29712"},{"taxonomy":"product_cat","embeddable":true,"href":"https:\/\/packmarkt.com\/sq\/wp-json\/wp\/v2\/product_cat?post=29712"},{"taxonomy":"product_tag","embeddable":true,"href":"https:\/\/packmarkt.com\/sq\/wp-json\/wp\/v2\/product_tag?post=29712"}],"curies":[{"name":"wp","href":"https:\/\/api.w.org\/{rel}","templated":true}]}}