{"id":29709,"date":"2026-03-30T11:27:20","date_gmt":"2026-03-30T08:27:20","guid":{"rendered":"https:\/\/packmarkt.com\/product\/kapese-me-pompe-per-locion-sinfonia-24-410-pp-i-zi-me-shkelqim-doze-019-ml-kapak-i-tejdukshem-virgo-100\/"},"modified":"2026-03-30T11:27:20","modified_gmt":"2026-03-30T08:27:20","slug":"kapese-me-pompe-per-locion-sinfonia-24-410-pp-i-zi-me-shkelqim-doze-019-ml-kapak-i-tejdukshem-virgo-100","status":"publish","type":"product","link":"https:\/\/packmarkt.com\/sq\/produkt\/kapese-me-pompe-per-locion-sinfonia-24-410-pp-i-zi-me-shkelqim-doze-019-ml-kapak-i-tejdukshem-virgo-100\/","title":{"rendered":"Kap\u00ebse me pomp\u00eb p\u00ebr locion Sinfonia 24\/410, PP i zi, me shk\u00eblqim, doz\u00eb 0,19 ml, kapak i tejduksh\u00ebm (Virgo 100)"},"content":{"rendered":"","protected":false},"excerpt":{"rendered":"<p><strong>Kodi:<\/strong>FPB15A3C002-200<br \/>\n<strong>Lart\u00ebsia <\/strong>57,5 mm<br \/>\n<strong>Diametri: <\/strong>26.8 mm<br \/>\n<strong>Pesha: <\/strong>8 g<br \/>\n<strong>Materiali: <\/strong>PP R<br \/>\n<strong>Ngjyra:<\/strong>e zez\u00eb<br \/>\n<strong>Dozatori: <\/strong>0,19 ml<br \/>\n<strong>Qafa: <\/strong>24\/410<br \/>\n<strong>Gjat\u00ebsia e tubit: <\/strong>87 mm<br \/>\n<strong>Materiali i tubit: <\/strong>LDPE<\/p>\n","protected":false},"featured_media":27184,"template":"","meta":[],"product_brand":[],"product_cat":[1822],"product_tag":[],"class_list":{"0":"post-29709","1":"product","2":"type-product","3":"status-publish","4":"has-post-thumbnail","6":"product_cat-kapake","7":"ts_product_brand-miron","9":"first","10":"instock","11":"taxable","12":"shipping-taxable","13":"product-type-simple"},"aioseo_notices":[],"_links":{"self":[{"href":"https:\/\/packmarkt.com\/sq\/wp-json\/wp\/v2\/product\/29709","targetHints":{"allow":["GET"]}}],"collection":[{"href":"https:\/\/packmarkt.com\/sq\/wp-json\/wp\/v2\/product"}],"about":[{"href":"https:\/\/packmarkt.com\/sq\/wp-json\/wp\/v2\/types\/product"}],"wp:featuredmedia":[{"embeddable":true,"href":"https:\/\/packmarkt.com\/sq\/wp-json\/wp\/v2\/media\/27184"}],"wp:attachment":[{"href":"https:\/\/packmarkt.com\/sq\/wp-json\/wp\/v2\/media?parent=29709"}],"wp:term":[{"taxonomy":"product_brand","embeddable":true,"href":"https:\/\/packmarkt.com\/sq\/wp-json\/wp\/v2\/product_brand?post=29709"},{"taxonomy":"product_cat","embeddable":true,"href":"https:\/\/packmarkt.com\/sq\/wp-json\/wp\/v2\/product_cat?post=29709"},{"taxonomy":"product_tag","embeddable":true,"href":"https:\/\/packmarkt.com\/sq\/wp-json\/wp\/v2\/product_tag?post=29709"}],"curies":[{"name":"wp","href":"https:\/\/api.w.org\/{rel}","templated":true}]}}