{"id":29277,"date":"2026-03-31T10:47:31","date_gmt":"2026-03-31T07:47:31","guid":{"rendered":"https:\/\/packmarkt.com\/product\/kapese-sperkatese-classic-24-410-pp-e-zeze-me-brinje-doze-007-ml-mbikapese-e-zeze-virgo-draco-200\/"},"modified":"2026-03-31T10:47:31","modified_gmt":"2026-03-31T07:47:31","slug":"kapese-sperkatese-classic-24-410-pp-e-zeze-me-brinje-doze-007-ml-mbikapese-e-zeze-virgo-draco-200","status":"publish","type":"product","link":"https:\/\/packmarkt.com\/sq\/produkt\/kapese-sperkatese-classic-24-410-pp-e-zeze-me-brinje-doze-007-ml-mbikapese-e-zeze-virgo-draco-200\/","title":{"rendered":"Kap\u00ebse sp\u00ebrkat\u00ebse Classic 24\/410, PP, e zez\u00eb, me brinj\u00eb, doz\u00eb 0,07 ml, mbikap\u00ebse e zez\u00eb (Virgo\/Draco 200)"},"content":{"rendered":"","protected":false},"excerpt":{"rendered":"<p><strong>Kodi:<\/strong>ABB15A3B001-200<br \/>\n<strong>Lart\u00ebsia:<\/strong>46,1 mm<br \/>\n<strong>Diametri:<\/strong>27,1 mm<br \/>\n<strong>Pesha: <\/strong>11 gr<br \/>\n<strong>Materiali i kapakut t\u00eb jasht\u00ebm:<\/strong>PP R<br \/>\n<strong>Ngjyra e kapakut t\u00eb jasht\u00ebm:<\/strong>E zez\u00eb<br \/>\n<strong>Doza p\u00ebr sp\u00ebrkatje:<\/strong>0,07 ml<br \/>\n<strong>Hapja:<\/strong>24\/410<br \/>\n<strong>Materiali i sp\u00ebrkat\u00ebsit:<\/strong>PP H<br \/>\n<strong>Ngjyra e sp\u00ebrkat\u00ebsit:<\/strong>E zez\u00eb<br \/>\n<strong>Gjat\u00ebsia e tubit:<\/strong>116 mm<br \/>\n<strong>Materiali i tubit:<\/strong>LDPE\/PP H<\/p>\n","protected":false},"featured_media":27311,"template":"","meta":[],"product_brand":[],"product_cat":[1822],"product_tag":[],"class_list":{"0":"post-29277","1":"product","2":"type-product","3":"status-publish","4":"has-post-thumbnail","6":"product_cat-kapake","7":"ts_product_brand-miron","9":"first","10":"instock","11":"taxable","12":"shipping-taxable","13":"product-type-simple"},"aioseo_notices":[],"_links":{"self":[{"href":"https:\/\/packmarkt.com\/sq\/wp-json\/wp\/v2\/product\/29277","targetHints":{"allow":["GET"]}}],"collection":[{"href":"https:\/\/packmarkt.com\/sq\/wp-json\/wp\/v2\/product"}],"about":[{"href":"https:\/\/packmarkt.com\/sq\/wp-json\/wp\/v2\/types\/product"}],"wp:featuredmedia":[{"embeddable":true,"href":"https:\/\/packmarkt.com\/sq\/wp-json\/wp\/v2\/media\/27311"}],"wp:attachment":[{"href":"https:\/\/packmarkt.com\/sq\/wp-json\/wp\/v2\/media?parent=29277"}],"wp:term":[{"taxonomy":"product_brand","embeddable":true,"href":"https:\/\/packmarkt.com\/sq\/wp-json\/wp\/v2\/product_brand?post=29277"},{"taxonomy":"product_cat","embeddable":true,"href":"https:\/\/packmarkt.com\/sq\/wp-json\/wp\/v2\/product_cat?post=29277"},{"taxonomy":"product_tag","embeddable":true,"href":"https:\/\/packmarkt.com\/sq\/wp-json\/wp\/v2\/product_tag?post=29277"}],"curies":[{"name":"wp","href":"https:\/\/api.w.org\/{rel}","templated":true}]}}