{"id":29268,"date":"2026-03-31T10:47:31","date_gmt":"2026-03-31T07:47:31","guid":{"rendered":"https:\/\/packmarkt.com\/product\/pompe-sperkatese-klasike-din18-pp-e-zeze-me-vija-doze-014-ml-mbikapese-e-zeze-orion-100\/"},"modified":"2026-03-31T10:47:31","modified_gmt":"2026-03-31T07:47:31","slug":"pompe-sperkatese-klasike-din18-pp-e-zeze-me-vija-doze-014-ml-mbikapese-e-zeze-orion-100","status":"publish","type":"product","link":"https:\/\/packmarkt.com\/sq\/produkt\/pompe-sperkatese-klasike-din18-pp-e-zeze-me-vija-doze-014-ml-mbikapese-e-zeze-orion-100\/","title":{"rendered":"Pompe sp\u00ebrkat\u00ebse Klasike, DIN18, PP, e zez\u00eb, me vija, doz\u00eb 0,14 ml, mbikap\u00ebse e zez\u00eb (Orion 100)"},"content":{"rendered":"","protected":false},"excerpt":{"rendered":"<p><strong>Kodi:<\/strong>ABB02A3B036-200<br \/>\n<strong>Lart\u00ebsia <\/strong>53 mm<br \/>\n<strong>Diametri: <\/strong>23 mm<br \/>\n<strong>Pesha: <\/strong>7 gr<br \/>\n<strong>Materiali i mbikap\u00ebses: <\/strong>PP R<br \/>\n<strong>Ngjyra e mbikap\u00ebses: <\/strong>E zez\u00eb<br \/>\n<strong>Doza p\u00ebr sp\u00ebrkatje: <\/strong>0,14 ml<br \/>\n<strong>Gryka: <\/strong>DIN18<br \/>\n<strong>Materiali i sp\u00ebrkat\u00ebsit: <\/strong>PP H<br \/>\n<strong>Ngjyra e sp\u00ebrkat\u00ebsit: <\/strong>E zez\u00eb<br \/>\n<strong>Gjat\u00ebsia e tubit: <\/strong>105 mm<br \/>\n<strong>Materiali i tubit: <\/strong>LDPE\/PP H<\/p>\n","protected":false},"featured_media":27313,"template":"","meta":[],"product_brand":[],"product_cat":[1822],"product_tag":[],"class_list":{"0":"post-29268","1":"product","2":"type-product","3":"status-publish","4":"has-post-thumbnail","6":"product_cat-kapake","7":"ts_product_brand-miron","9":"first","10":"instock","11":"taxable","12":"shipping-taxable","13":"product-type-simple"},"aioseo_notices":[],"_links":{"self":[{"href":"https:\/\/packmarkt.com\/sq\/wp-json\/wp\/v2\/product\/29268","targetHints":{"allow":["GET"]}}],"collection":[{"href":"https:\/\/packmarkt.com\/sq\/wp-json\/wp\/v2\/product"}],"about":[{"href":"https:\/\/packmarkt.com\/sq\/wp-json\/wp\/v2\/types\/product"}],"wp:featuredmedia":[{"embeddable":true,"href":"https:\/\/packmarkt.com\/sq\/wp-json\/wp\/v2\/media\/27313"}],"wp:attachment":[{"href":"https:\/\/packmarkt.com\/sq\/wp-json\/wp\/v2\/media?parent=29268"}],"wp:term":[{"taxonomy":"product_brand","embeddable":true,"href":"https:\/\/packmarkt.com\/sq\/wp-json\/wp\/v2\/product_brand?post=29268"},{"taxonomy":"product_cat","embeddable":true,"href":"https:\/\/packmarkt.com\/sq\/wp-json\/wp\/v2\/product_cat?post=29268"},{"taxonomy":"product_tag","embeddable":true,"href":"https:\/\/packmarkt.com\/sq\/wp-json\/wp\/v2\/product_tag?post=29268"}],"curies":[{"name":"wp","href":"https:\/\/api.w.org\/{rel}","templated":true}]}}