{"id":29242,"date":"2026-04-01T11:10:05","date_gmt":"2026-04-01T08:10:05","guid":{"rendered":"https:\/\/packmarkt.com\/product\/kapese-clio-500-38-400-llamarine-argjend-shtrese-e-brendshme-e-bardhe-juniper-100-120-pallas-100\/"},"modified":"2026-04-01T11:10:05","modified_gmt":"2026-04-01T08:10:05","slug":"kapese-clio-500-38-400-llamarine-argjend-shtrese-e-brendshme-e-bardhe-juniper-100-120-pallas-100","status":"publish","type":"product","link":"https:\/\/packmarkt.com\/sq\/produkt\/kapese-clio-500-38-400-llamarine-argjend-shtrese-e-brendshme-e-bardhe-juniper-100-120-pallas-100\/","title":{"rendered":"Kap\u00ebse Clio 500, 38\/400, llamarin\u00eb, argjend, shtres\u00eb e brendshme e bardh\u00eb (Juniper 100\/120\/Pallas 100)"},"content":{"rendered":"","protected":false},"excerpt":{"rendered":"<p><strong>Kodi:<\/strong>CAB24A1A001-751<br \/>\n<strong>Lart\u00ebsia: <\/strong>10,5 mm<br \/>\n<strong>Hapja: <\/strong>38\/400<br \/>\n<strong>Materiali:<\/strong>Alumini<br \/>\n<strong>Trash\u00ebsia e materialit t\u00eb vulosjes: <\/strong>1 mm<\/p>\n","protected":false},"featured_media":27478,"template":"","meta":[],"product_brand":[],"product_cat":[1822],"product_tag":[],"class_list":{"0":"post-29242","1":"product","2":"type-product","3":"status-publish","4":"has-post-thumbnail","6":"product_cat-kapake","7":"ts_product_brand-miron","9":"first","10":"instock","11":"taxable","12":"shipping-taxable","13":"product-type-simple"},"aioseo_notices":[],"_links":{"self":[{"href":"https:\/\/packmarkt.com\/sq\/wp-json\/wp\/v2\/product\/29242","targetHints":{"allow":["GET"]}}],"collection":[{"href":"https:\/\/packmarkt.com\/sq\/wp-json\/wp\/v2\/product"}],"about":[{"href":"https:\/\/packmarkt.com\/sq\/wp-json\/wp\/v2\/types\/product"}],"wp:featuredmedia":[{"embeddable":true,"href":"https:\/\/packmarkt.com\/sq\/wp-json\/wp\/v2\/media\/27478"}],"wp:attachment":[{"href":"https:\/\/packmarkt.com\/sq\/wp-json\/wp\/v2\/media?parent=29242"}],"wp:term":[{"taxonomy":"product_brand","embeddable":true,"href":"https:\/\/packmarkt.com\/sq\/wp-json\/wp\/v2\/product_brand?post=29242"},{"taxonomy":"product_cat","embeddable":true,"href":"https:\/\/packmarkt.com\/sq\/wp-json\/wp\/v2\/product_cat?post=29242"},{"taxonomy":"product_tag","embeddable":true,"href":"https:\/\/packmarkt.com\/sq\/wp-json\/wp\/v2\/product_tag?post=29242"}],"curies":[{"name":"wp","href":"https:\/\/api.w.org\/{rel}","templated":true}]}}