{"id":29136,"date":"2026-03-31T10:47:30","date_gmt":"2026-03-31T07:47:30","guid":{"rendered":"https:\/\/packmarkt.com\/product\/kapak-sperkates-sinfonia-18-415-pp-i-zi-me-shkelqim-doze-010-ml-mbikapese-e-zeze-virgo-30\/"},"modified":"2026-03-31T10:47:30","modified_gmt":"2026-03-31T07:47:30","slug":"kapak-sperkates-sinfonia-18-415-pp-i-zi-me-shkelqim-doze-010-ml-mbikapese-e-zeze-virgo-30","status":"publish","type":"product","link":"https:\/\/packmarkt.com\/sq\/produkt\/kapak-sperkates-sinfonia-18-415-pp-i-zi-me-shkelqim-doze-010-ml-mbikapese-e-zeze-virgo-30\/","title":{"rendered":"Kapak sp\u00ebrkat\u00ebs Sinfonia, 18\/415, PP, i zi, me shk\u00eblqim, doz\u00eb 0,10 ml, mbikap\u00ebse e zez\u00eb (Virgo 30)"},"content":{"rendered":"","protected":false},"excerpt":{"rendered":"<p><strong>Kodi:<\/strong>FPB07A3B004-200<br \/>\n<strong>Lart\u00ebsia:<\/strong> 55,8 mm<br \/>\n<strong>Diametri:<\/strong> 21,6 mm<br \/>\n<strong>Pesha: <\/strong>6 gr<br \/>\n<strong>Materiali i mbikap\u00ebses:<\/strong> PP<br \/>\n<strong>Ngjyra e mbikap\u00ebses:<\/strong> E zez\u00eb<br \/>\n<strong>Doz\u00eb p\u00ebr sp\u00ebrkatje:<\/strong> 0,10 ml<br \/>\n<strong>Gryka:<\/strong> 18\/415<br \/>\n<strong>Materiali i sp\u00ebrkat\u00ebsit:<\/strong> PP<br \/>\n<strong>Ngjyra e sp\u00ebrkat\u00ebsit:<\/strong> E zez\u00eb<br \/>\n<strong>Gjat\u00ebsia e tubit:<\/strong> 54 mm<br \/>\n<strong>Materiali i tubit:<\/strong> LDPE\/HDPE<\/p>\n","protected":false},"featured_media":27295,"template":"","meta":[],"product_brand":[],"product_cat":[1822],"product_tag":[],"class_list":{"0":"post-29136","1":"product","2":"type-product","3":"status-publish","4":"has-post-thumbnail","6":"product_cat-kapake","7":"ts_product_brand-miron","9":"first","10":"instock","11":"taxable","12":"shipping-taxable","13":"product-type-simple"},"aioseo_notices":[],"_links":{"self":[{"href":"https:\/\/packmarkt.com\/sq\/wp-json\/wp\/v2\/product\/29136","targetHints":{"allow":["GET"]}}],"collection":[{"href":"https:\/\/packmarkt.com\/sq\/wp-json\/wp\/v2\/product"}],"about":[{"href":"https:\/\/packmarkt.com\/sq\/wp-json\/wp\/v2\/types\/product"}],"wp:featuredmedia":[{"embeddable":true,"href":"https:\/\/packmarkt.com\/sq\/wp-json\/wp\/v2\/media\/27295"}],"wp:attachment":[{"href":"https:\/\/packmarkt.com\/sq\/wp-json\/wp\/v2\/media?parent=29136"}],"wp:term":[{"taxonomy":"product_brand","embeddable":true,"href":"https:\/\/packmarkt.com\/sq\/wp-json\/wp\/v2\/product_brand?post=29136"},{"taxonomy":"product_cat","embeddable":true,"href":"https:\/\/packmarkt.com\/sq\/wp-json\/wp\/v2\/product_cat?post=29136"},{"taxonomy":"product_tag","embeddable":true,"href":"https:\/\/packmarkt.com\/sq\/wp-json\/wp\/v2\/product_tag?post=29136"}],"curies":[{"name":"wp","href":"https:\/\/api.w.org\/{rel}","templated":true}]}}