{"id":29127,"date":"2026-03-31T10:47:29","date_gmt":"2026-03-31T07:47:29","guid":{"rendered":"https:\/\/packmarkt.com\/product\/kapese-sperkatese-sinfonia-24-410-pp-e-zeze-me-shkelqim-doze-0-19-ml-mbikapese-e-zeze-virgo-draco200\/"},"modified":"2026-03-31T10:47:29","modified_gmt":"2026-03-31T07:47:29","slug":"kapese-sperkatese-sinfonia-24-410-pp-e-zeze-me-shkelqim-doze-0-19-ml-mbikapese-e-zeze-virgo-draco200","status":"publish","type":"product","link":"https:\/\/packmarkt.com\/sq\/produkt\/kapese-sperkatese-sinfonia-24-410-pp-e-zeze-me-shkelqim-doze-0-19-ml-mbikapese-e-zeze-virgo-draco200\/","title":{"rendered":"Kap\u00ebse sp\u00ebrkat\u00ebse Sinfonia, 24\/410, PP, e zez\u00eb, me shk\u00eblqim, doz\u00eb 0.19 ml, mbikap\u00ebse e zez\u00eb (Virgo\/Draco200)"},"content":{"rendered":"","protected":false},"excerpt":{"rendered":"<p><strong>Kodi:<\/strong>FPB15A3B012-200<br \/>\n<strong>Lart\u00ebsia <\/strong>55.8 mm<br \/>\n<strong>Diametri: <\/strong>26.8 mm<br \/>\n<strong>Pesha: <\/strong>7 gr<br \/>\n<strong>Materiali i kapakut t\u00eb jasht\u00ebm: <\/strong>PP<br \/>\n<strong>Ngjyra e kapakut t\u00eb jasht\u00ebm: <\/strong>E zez\u00eb<br \/>\n<strong>Doza p\u00ebr sp\u00ebrkatje:<\/strong>0.19 ml<br \/>\n<strong>Gryka: <\/strong>24\/410<br \/>\n<strong>Materiali i sp\u00ebrkat\u00ebsit: <\/strong>PP<br \/>\n<strong>Ngjyra e sp\u00ebrkat\u00ebsit: <\/strong>E zez\u00eb<br \/>\n<strong>Gjat\u00ebsia e tubit: <\/strong>116 mm<br \/>\n<strong>Materiali i tubit: <\/strong>LDPE\/HDPE<\/p>\n","protected":false},"featured_media":27291,"template":"","meta":[],"product_brand":[],"product_cat":[1822],"product_tag":[],"class_list":{"0":"post-29127","1":"product","2":"type-product","3":"status-publish","4":"has-post-thumbnail","6":"product_cat-kapake","7":"ts_product_brand-miron","9":"first","10":"instock","11":"taxable","12":"shipping-taxable","13":"product-type-simple"},"aioseo_notices":[],"_links":{"self":[{"href":"https:\/\/packmarkt.com\/sq\/wp-json\/wp\/v2\/product\/29127","targetHints":{"allow":["GET"]}}],"collection":[{"href":"https:\/\/packmarkt.com\/sq\/wp-json\/wp\/v2\/product"}],"about":[{"href":"https:\/\/packmarkt.com\/sq\/wp-json\/wp\/v2\/types\/product"}],"wp:featuredmedia":[{"embeddable":true,"href":"https:\/\/packmarkt.com\/sq\/wp-json\/wp\/v2\/media\/27291"}],"wp:attachment":[{"href":"https:\/\/packmarkt.com\/sq\/wp-json\/wp\/v2\/media?parent=29127"}],"wp:term":[{"taxonomy":"product_brand","embeddable":true,"href":"https:\/\/packmarkt.com\/sq\/wp-json\/wp\/v2\/product_brand?post=29127"},{"taxonomy":"product_cat","embeddable":true,"href":"https:\/\/packmarkt.com\/sq\/wp-json\/wp\/v2\/product_cat?post=29127"},{"taxonomy":"product_tag","embeddable":true,"href":"https:\/\/packmarkt.com\/sq\/wp-json\/wp\/v2\/product_tag?post=29127"}],"curies":[{"name":"wp","href":"https:\/\/api.w.org\/{rel}","templated":true}]}}