{"id":29046,"date":"2026-04-01T11:10:06","date_gmt":"2026-04-01T08:10:06","guid":{"rendered":"https:\/\/packmarkt.com\/product\/kapaku-modern-37-special-urea-i-zi-gjysme-shkelqyes-shtrese-e-brendshme-phan-vjollce-ceres-15\/"},"modified":"2026-04-01T11:10:06","modified_gmt":"2026-04-01T08:10:06","slug":"kapaku-modern-37-special-urea-i-zi-gjysme-shkelqyes-shtrese-e-brendshme-phan-vjollce-ceres-15","status":"publish","type":"product","link":"https:\/\/packmarkt.com\/sq\/produkt\/kapaku-modern-37-special-urea-i-zi-gjysme-shkelqyes-shtrese-e-brendshme-phan-vjollce-ceres-15\/","title":{"rendered":"Kapaku Modern 37 special, UREA, i zi, gjysm\u00eb-shk\u00eblqyes, shtres\u00eb e brendshme Phan vjollc\u00eb (Ceres 15)"},"content":{"rendered":"","protected":false},"excerpt":{"rendered":"<p><strong>Kodi:<\/strong>EGA01A1A019-200<br \/>\n<strong>Lart\u00ebsia: <\/strong>14,5 mm<br \/>\n<strong>Diametri: <\/strong>42,8 mm<br \/>\n<strong>Pesha: <\/strong>12 gr<br \/>\n<strong>Gryka: <\/strong>Special<br \/>\n<strong>Ngjyra: <\/strong>e zez\u00eb<br \/>\n<strong>Materiali i vulosjes: <\/strong>PHAN<br \/>\n<strong>Trash\u00ebsia e materialit t\u00eb vulosjes: <\/strong>1,2 mm<\/p>\n","protected":false},"featured_media":27476,"template":"","meta":[],"product_brand":[],"product_cat":[1822],"product_tag":[],"class_list":{"0":"post-29046","1":"product","2":"type-product","3":"status-publish","4":"has-post-thumbnail","6":"product_cat-kapake","7":"ts_product_brand-miron","9":"first","10":"instock","11":"taxable","12":"shipping-taxable","13":"product-type-simple"},"aioseo_notices":[],"_links":{"self":[{"href":"https:\/\/packmarkt.com\/sq\/wp-json\/wp\/v2\/product\/29046","targetHints":{"allow":["GET"]}}],"collection":[{"href":"https:\/\/packmarkt.com\/sq\/wp-json\/wp\/v2\/product"}],"about":[{"href":"https:\/\/packmarkt.com\/sq\/wp-json\/wp\/v2\/types\/product"}],"wp:featuredmedia":[{"embeddable":true,"href":"https:\/\/packmarkt.com\/sq\/wp-json\/wp\/v2\/media\/27476"}],"wp:attachment":[{"href":"https:\/\/packmarkt.com\/sq\/wp-json\/wp\/v2\/media?parent=29046"}],"wp:term":[{"taxonomy":"product_brand","embeddable":true,"href":"https:\/\/packmarkt.com\/sq\/wp-json\/wp\/v2\/product_brand?post=29046"},{"taxonomy":"product_cat","embeddable":true,"href":"https:\/\/packmarkt.com\/sq\/wp-json\/wp\/v2\/product_cat?post=29046"},{"taxonomy":"product_tag","embeddable":true,"href":"https:\/\/packmarkt.com\/sq\/wp-json\/wp\/v2\/product_tag?post=29046"}],"curies":[{"name":"wp","href":"https:\/\/api.w.org\/{rel}","templated":true}]}}