{"id":29041,"date":"2026-04-01T11:10:06","date_gmt":"2026-04-01T08:10:06","guid":{"rendered":"https:\/\/packmarkt.com\/product\/kapaku-clio-500-45-400-llamarine-i-arte-shtrese-e-bardhe-juniper-150-200-250-pallas-150\/"},"modified":"2026-04-01T11:10:06","modified_gmt":"2026-04-01T08:10:06","slug":"kapaku-clio-500-45-400-llamarine-i-arte-shtrese-e-bardhe-juniper-150-200-250-pallas-150","status":"publish","type":"product","link":"https:\/\/packmarkt.com\/sq\/produkt\/kapaku-clio-500-45-400-llamarine-i-arte-shtrese-e-bardhe-juniper-150-200-250-pallas-150\/","title":{"rendered":"Kapaku Clio 500, 45\/400, llamarine, i art\u00eb, shtres\u00eb e bardh\u00eb (Juniper 150\/200\/250\/Pallas 150)"},"content":{"rendered":"","protected":false},"excerpt":{"rendered":"<p><strong>Kodi:<\/strong>CAB27A1A001-851<br \/>\n<strong>Lart\u00ebsia <\/strong>10.5 mm<br \/>\n<strong>Diametri: <\/strong>47.55 mm<br \/>\n<strong>Gryka: <\/strong>45\/400<br \/>\n<strong>Materiali:<\/strong>Llamarin\u00eb<br \/>\n<strong>Ngjyra: <\/strong>e art\u00eb<br \/>\n<strong>Trash\u00ebsia e materialit t\u00eb izolimit: <\/strong>1 mm<\/p>\n","protected":false},"featured_media":27464,"template":"","meta":[],"product_brand":[],"product_cat":[1822],"product_tag":[],"class_list":{"0":"post-29041","1":"product","2":"type-product","3":"status-publish","4":"has-post-thumbnail","6":"product_cat-kapake","7":"ts_product_brand-miron","9":"first","10":"instock","11":"taxable","12":"shipping-taxable","13":"product-type-simple"},"aioseo_notices":[],"_links":{"self":[{"href":"https:\/\/packmarkt.com\/sq\/wp-json\/wp\/v2\/product\/29041","targetHints":{"allow":["GET"]}}],"collection":[{"href":"https:\/\/packmarkt.com\/sq\/wp-json\/wp\/v2\/product"}],"about":[{"href":"https:\/\/packmarkt.com\/sq\/wp-json\/wp\/v2\/types\/product"}],"wp:featuredmedia":[{"embeddable":true,"href":"https:\/\/packmarkt.com\/sq\/wp-json\/wp\/v2\/media\/27464"}],"wp:attachment":[{"href":"https:\/\/packmarkt.com\/sq\/wp-json\/wp\/v2\/media?parent=29041"}],"wp:term":[{"taxonomy":"product_brand","embeddable":true,"href":"https:\/\/packmarkt.com\/sq\/wp-json\/wp\/v2\/product_brand?post=29041"},{"taxonomy":"product_cat","embeddable":true,"href":"https:\/\/packmarkt.com\/sq\/wp-json\/wp\/v2\/product_cat?post=29041"},{"taxonomy":"product_tag","embeddable":true,"href":"https:\/\/packmarkt.com\/sq\/wp-json\/wp\/v2\/product_tag?post=29041"}],"curies":[{"name":"wp","href":"https:\/\/api.w.org\/{rel}","templated":true}]}}