{"id":28961,"date":"2026-04-01T11:10:10","date_gmt":"2026-04-01T08:10:10","guid":{"rendered":"https:\/\/packmarkt.com\/product\/kapaku-klasik-45-400-san-i-zi-me-shkelqim-mbushje-vjollce-phan-i-palidhur-me-ngjites-saturn-50-100\/"},"modified":"2026-04-01T11:10:10","modified_gmt":"2026-04-01T08:10:10","slug":"kapaku-klasik-45-400-san-i-zi-me-shkelqim-mbushje-vjollce-phan-i-palidhur-me-ngjites-saturn-50-100","status":"publish","type":"product","link":"https:\/\/packmarkt.com\/sq\/produkt\/kapaku-klasik-45-400-san-i-zi-me-shkelqim-mbushje-vjollce-phan-i-palidhur-me-ngjites-saturn-50-100\/","title":{"rendered":"Kapaku Klasik 45\/400, SAN, i zi, me shk\u00eblqim, mbushje vjollc\u00eb Phan, i palidhur me ngjit\u00ebs (Saturn 50\/100)"},"content":{"rendered":"","protected":false},"excerpt":{"rendered":"<p><strong>Kodi:<\/strong>EGA27A1A003-200<br \/>\n<strong>Lart\u00ebsia <\/strong>18,2 mm<br \/>\n<strong>Diametri: <\/strong>47,7 mm<br \/>\n<strong>Pesha: <\/strong>12 g<br \/>\n<strong>Hapja: <\/strong>45\/400<br \/>\n<strong>Materiali:<\/strong>SAN<br \/>\n<strong>Ngjyra: <\/strong>e zez\u00eb<br \/>\n<strong>Materiali i vulosjes: <\/strong>PHAN<br \/>\n<strong>Trash\u00ebsia e materialit t\u00eb vulosjes: <\/strong>1,5 mm<\/p>\n","protected":false},"featured_media":27494,"template":"","meta":[],"product_brand":[],"product_cat":[1822],"product_tag":[],"class_list":{"0":"post-28961","1":"product","2":"type-product","3":"status-publish","4":"has-post-thumbnail","6":"product_cat-kapake","7":"ts_product_brand-miron","9":"first","10":"instock","11":"taxable","12":"shipping-taxable","13":"product-type-simple"},"aioseo_notices":[],"_links":{"self":[{"href":"https:\/\/packmarkt.com\/sq\/wp-json\/wp\/v2\/product\/28961","targetHints":{"allow":["GET"]}}],"collection":[{"href":"https:\/\/packmarkt.com\/sq\/wp-json\/wp\/v2\/product"}],"about":[{"href":"https:\/\/packmarkt.com\/sq\/wp-json\/wp\/v2\/types\/product"}],"wp:featuredmedia":[{"embeddable":true,"href":"https:\/\/packmarkt.com\/sq\/wp-json\/wp\/v2\/media\/27494"}],"wp:attachment":[{"href":"https:\/\/packmarkt.com\/sq\/wp-json\/wp\/v2\/media?parent=28961"}],"wp:term":[{"taxonomy":"product_brand","embeddable":true,"href":"https:\/\/packmarkt.com\/sq\/wp-json\/wp\/v2\/product_brand?post=28961"},{"taxonomy":"product_cat","embeddable":true,"href":"https:\/\/packmarkt.com\/sq\/wp-json\/wp\/v2\/product_cat?post=28961"},{"taxonomy":"product_tag","embeddable":true,"href":"https:\/\/packmarkt.com\/sq\/wp-json\/wp\/v2\/product_tag?post=28961"}],"curies":[{"name":"wp","href":"https:\/\/api.w.org\/{rel}","templated":true}]}}