{"id":28931,"date":"2026-04-01T11:10:11","date_gmt":"2026-04-01T08:10:11","guid":{"rendered":"https:\/\/packmarkt.com\/product\/kapese-modern-34-special-urea-e-zeze-gjysme-shkelqyese-me-mbushje-phan-vjollce-ceres-10\/"},"modified":"2026-04-01T11:10:11","modified_gmt":"2026-04-01T08:10:11","slug":"kapese-modern-34-special-urea-e-zeze-gjysme-shkelqyese-me-mbushje-phan-vjollce-ceres-10","status":"publish","type":"product","link":"https:\/\/packmarkt.com\/sq\/produkt\/kapese-modern-34-special-urea-e-zeze-gjysme-shkelqyese-me-mbushje-phan-vjollce-ceres-10\/","title":{"rendered":"Kap\u00ebse Modern 34 special, UREA, e zez\u00eb, gjysm\u00eb-shk\u00eblqyese, me mbushje Phan vjollc\u00eb (Ceres 10)"},"content":{"rendered":"","protected":false},"excerpt":{"rendered":"<p><strong>Kodi:<\/strong>EGA01A1A018-200<br \/>\n<strong>Lart\u00ebsia: <\/strong>13,7 mm<br \/>\n<strong>Diametri: <\/strong>39,7 mm<br \/>\n<strong>Pesha: <\/strong>37 g<br \/>\n<strong>Hapja: <\/strong>Special<br \/>\n<strong>Ngjyra: <\/strong>e zez\u00eb<br \/>\n<strong>Materiali i vulosjes: <\/strong>PHAN<br \/>\n<strong>Trash\u00ebsia e materialit t\u00eb vulosjes: <\/strong>1,5 mm<\/p>\n","protected":false},"featured_media":27509,"template":"","meta":[],"product_brand":[],"product_cat":[1822],"product_tag":[],"class_list":{"0":"post-28931","1":"product","2":"type-product","3":"status-publish","4":"has-post-thumbnail","6":"product_cat-kapake","7":"ts_product_brand-miron","9":"first","10":"instock","11":"taxable","12":"shipping-taxable","13":"product-type-simple"},"aioseo_notices":[],"_links":{"self":[{"href":"https:\/\/packmarkt.com\/sq\/wp-json\/wp\/v2\/product\/28931","targetHints":{"allow":["GET"]}}],"collection":[{"href":"https:\/\/packmarkt.com\/sq\/wp-json\/wp\/v2\/product"}],"about":[{"href":"https:\/\/packmarkt.com\/sq\/wp-json\/wp\/v2\/types\/product"}],"wp:featuredmedia":[{"embeddable":true,"href":"https:\/\/packmarkt.com\/sq\/wp-json\/wp\/v2\/media\/27509"}],"wp:attachment":[{"href":"https:\/\/packmarkt.com\/sq\/wp-json\/wp\/v2\/media?parent=28931"}],"wp:term":[{"taxonomy":"product_brand","embeddable":true,"href":"https:\/\/packmarkt.com\/sq\/wp-json\/wp\/v2\/product_brand?post=28931"},{"taxonomy":"product_cat","embeddable":true,"href":"https:\/\/packmarkt.com\/sq\/wp-json\/wp\/v2\/product_cat?post=28931"},{"taxonomy":"product_tag","embeddable":true,"href":"https:\/\/packmarkt.com\/sq\/wp-json\/wp\/v2\/product_tag?post=28931"}],"curies":[{"name":"wp","href":"https:\/\/api.w.org\/{rel}","templated":true}]}}