{"id":28871,"date":"2026-04-01T11:10:07","date_gmt":"2026-04-01T08:10:07","guid":{"rendered":"https:\/\/packmarkt.com\/product\/kapese-me-siguri-per-femije-modern-28-special-pp-e-zeze-me-shkelqim-shtrese-e-brendshme-phan-vjollce-e-pa-ngjitur-eris-5\/"},"modified":"2026-04-01T11:10:07","modified_gmt":"2026-04-01T08:10:07","slug":"kapese-me-siguri-per-femije-modern-28-special-pp-e-zeze-me-shkelqim-shtrese-e-brendshme-phan-vjollce-e-pa-ngjitur-eris-5","status":"publish","type":"product","link":"https:\/\/packmarkt.com\/sq\/produkt\/kapese-me-siguri-per-femije-modern-28-special-pp-e-zeze-me-shkelqim-shtrese-e-brendshme-phan-vjollce-e-pa-ngjitur-eris-5\/","title":{"rendered":"Kap\u00ebse me siguri p\u00ebr f\u00ebmij\u00eb Modern 28 special, PP, e zez\u00eb, me shk\u00eblqim, shtres\u00eb e brendshme Phan vjollc\u00eb, e pa ngjitur (Eris 5)"},"content":{"rendered":"","protected":false},"excerpt":{"rendered":"<p><strong>Kodi:<\/strong>EGA01H1A001-200<br \/>\n<strong>Lart\u00ebsia: <\/strong>16,2 mm<br \/>\n<strong>Diametri: <\/strong>36,5 mm<br \/>\n<strong>Pesha: <\/strong>8 gr<br \/>\n<strong>Hapja: <\/strong>Special<br \/>\n<strong>Ngjyra: <\/strong>e zez\u00eb<br \/>\n<strong>Materiali i vulosjes: <\/strong>PHAN<br \/>\n<strong>Trash\u00ebsia e materialit t\u00eb vulosjes: <\/strong>1,5 mm<\/p>\n","protected":false},"featured_media":27482,"template":"","meta":[],"product_brand":[],"product_cat":[1822],"product_tag":[],"class_list":{"0":"post-28871","1":"product","2":"type-product","3":"status-publish","4":"has-post-thumbnail","6":"product_cat-kapake","7":"ts_product_brand-miron","9":"first","10":"instock","11":"taxable","12":"shipping-taxable","13":"product-type-simple"},"aioseo_notices":[],"_links":{"self":[{"href":"https:\/\/packmarkt.com\/sq\/wp-json\/wp\/v2\/product\/28871","targetHints":{"allow":["GET"]}}],"collection":[{"href":"https:\/\/packmarkt.com\/sq\/wp-json\/wp\/v2\/product"}],"about":[{"href":"https:\/\/packmarkt.com\/sq\/wp-json\/wp\/v2\/types\/product"}],"wp:featuredmedia":[{"embeddable":true,"href":"https:\/\/packmarkt.com\/sq\/wp-json\/wp\/v2\/media\/27482"}],"wp:attachment":[{"href":"https:\/\/packmarkt.com\/sq\/wp-json\/wp\/v2\/media?parent=28871"}],"wp:term":[{"taxonomy":"product_brand","embeddable":true,"href":"https:\/\/packmarkt.com\/sq\/wp-json\/wp\/v2\/product_brand?post=28871"},{"taxonomy":"product_cat","embeddable":true,"href":"https:\/\/packmarkt.com\/sq\/wp-json\/wp\/v2\/product_cat?post=28871"},{"taxonomy":"product_tag","embeddable":true,"href":"https:\/\/packmarkt.com\/sq\/wp-json\/wp\/v2\/product_tag?post=28871"}],"curies":[{"name":"wp","href":"https:\/\/api.w.org\/{rel}","templated":true}]}}