{"id":28844,"date":"2026-04-01T11:10:11","date_gmt":"2026-04-01T08:10:11","guid":{"rendered":"https:\/\/packmarkt.com\/product\/kapese-modern-38-special-urea-e-zeze-gjysme-shkelqyese-me-futje-vjollce-phan-sirius-15\/"},"modified":"2026-04-01T11:10:11","modified_gmt":"2026-04-01T08:10:11","slug":"kapese-modern-38-special-urea-e-zeze-gjysme-shkelqyese-me-futje-vjollce-phan-sirius-15","status":"publish","type":"product","link":"https:\/\/packmarkt.com\/sq\/produkt\/kapese-modern-38-special-urea-e-zeze-gjysme-shkelqyese-me-futje-vjollce-phan-sirius-15\/","title":{"rendered":"Kap\u00ebse Modern 38 special, UREA, e zez\u00eb, gjysm\u00eb-shk\u00eblqyese, me futje vjollc\u00eb Phan (Sirius 15)"},"content":{"rendered":"","protected":false},"excerpt":{"rendered":"<p><strong>Kod:<\/strong>EGA01A1A006-200<br \/>\n<strong>Lart\u00ebsi: <\/strong>13 mm<br \/>\n<strong>Diamet\u00ebr: <\/strong>45 mm<br \/>\n<strong>Pesha: <\/strong>12 g<br \/>\n<strong>Gryka: <\/strong>Speciale<br \/>\n<strong>Materiali:<\/strong>UREA<br \/>\n<strong>Ngjyra: <\/strong>e zez\u00eb<br \/>\n<strong>Materiali i vulosjes: <\/strong>PHAN<br \/>\n<strong>Trash\u00ebsia e materialit t\u00eb vulosjes: <\/strong>1,5 mm<\/p>\n","protected":false},"featured_media":27513,"template":"","meta":[],"product_brand":[],"product_cat":[1822],"product_tag":[],"class_list":{"0":"post-28844","1":"product","2":"type-product","3":"status-publish","4":"has-post-thumbnail","6":"product_cat-kapake","7":"ts_product_brand-miron","9":"first","10":"instock","11":"taxable","12":"shipping-taxable","13":"product-type-simple"},"aioseo_notices":[],"_links":{"self":[{"href":"https:\/\/packmarkt.com\/sq\/wp-json\/wp\/v2\/product\/28844","targetHints":{"allow":["GET"]}}],"collection":[{"href":"https:\/\/packmarkt.com\/sq\/wp-json\/wp\/v2\/product"}],"about":[{"href":"https:\/\/packmarkt.com\/sq\/wp-json\/wp\/v2\/types\/product"}],"wp:featuredmedia":[{"embeddable":true,"href":"https:\/\/packmarkt.com\/sq\/wp-json\/wp\/v2\/media\/27513"}],"wp:attachment":[{"href":"https:\/\/packmarkt.com\/sq\/wp-json\/wp\/v2\/media?parent=28844"}],"wp:term":[{"taxonomy":"product_brand","embeddable":true,"href":"https:\/\/packmarkt.com\/sq\/wp-json\/wp\/v2\/product_brand?post=28844"},{"taxonomy":"product_cat","embeddable":true,"href":"https:\/\/packmarkt.com\/sq\/wp-json\/wp\/v2\/product_cat?post=28844"},{"taxonomy":"product_tag","embeddable":true,"href":"https:\/\/packmarkt.com\/sq\/wp-json\/wp\/v2\/product_tag?post=28844"}],"curies":[{"name":"wp","href":"https:\/\/api.w.org\/{rel}","templated":true}]}}