{"id":28784,"date":"2026-04-01T11:10:12","date_gmt":"2026-04-01T08:10:12","guid":{"rendered":"https:\/\/packmarkt.com\/product\/kap-modern-48-special-urea-i-zi-gjysme-shkelqyes-me-insert-phan-vjollce-sirius-30\/"},"modified":"2026-04-01T11:10:12","modified_gmt":"2026-04-01T08:10:12","slug":"kap-modern-48-special-urea-i-zi-gjysme-shkelqyes-me-insert-phan-vjollce-sirius-30","status":"publish","type":"product","link":"https:\/\/packmarkt.com\/sq\/produkt\/kap-modern-48-special-urea-i-zi-gjysme-shkelqyes-me-insert-phan-vjollce-sirius-30\/","title":{"rendered":"Kap Modern 48 special, UREA, i zi, gjysm\u00eb-shk\u00eblqyes, me insert Phan vjollc\u00eb (Sirius 30)"},"content":{"rendered":"","protected":false},"excerpt":{"rendered":"<p><strong>Kodi:<\/strong> EGA01A1A008-200<br \/>\n<strong>Lart\u00ebsia <\/strong>14 mm<br \/>\n<strong>Diametri: <\/strong>54,4 mm<br \/>\n<strong>Pesha: <\/strong>19 gr<br \/>\n<strong>Gryka: <\/strong>Speciale<br \/>\n<strong>Materiali:<\/strong>UREA<br \/>\n<strong>Ngjyra: <\/strong>e zez\u00eb<br \/>\n<strong>Materiali i vulosjes: <\/strong>PHAN<br \/>\n<strong>Trash\u00ebsia e materialit t\u00eb vulosjes: <\/strong>1,5 mm<\/p>\n","protected":false},"featured_media":27503,"template":"","meta":[],"product_brand":[],"product_cat":[1822],"product_tag":[],"class_list":{"0":"post-28784","1":"product","2":"type-product","3":"status-publish","4":"has-post-thumbnail","6":"product_cat-kapake","7":"ts_product_brand-miron","9":"first","10":"instock","11":"taxable","12":"shipping-taxable","13":"product-type-simple"},"aioseo_notices":[],"_links":{"self":[{"href":"https:\/\/packmarkt.com\/sq\/wp-json\/wp\/v2\/product\/28784","targetHints":{"allow":["GET"]}}],"collection":[{"href":"https:\/\/packmarkt.com\/sq\/wp-json\/wp\/v2\/product"}],"about":[{"href":"https:\/\/packmarkt.com\/sq\/wp-json\/wp\/v2\/types\/product"}],"wp:featuredmedia":[{"embeddable":true,"href":"https:\/\/packmarkt.com\/sq\/wp-json\/wp\/v2\/media\/27503"}],"wp:attachment":[{"href":"https:\/\/packmarkt.com\/sq\/wp-json\/wp\/v2\/media?parent=28784"}],"wp:term":[{"taxonomy":"product_brand","embeddable":true,"href":"https:\/\/packmarkt.com\/sq\/wp-json\/wp\/v2\/product_brand?post=28784"},{"taxonomy":"product_cat","embeddable":true,"href":"https:\/\/packmarkt.com\/sq\/wp-json\/wp\/v2\/product_cat?post=28784"},{"taxonomy":"product_tag","embeddable":true,"href":"https:\/\/packmarkt.com\/sq\/wp-json\/wp\/v2\/product_tag?post=28784"}],"curies":[{"name":"wp","href":"https:\/\/api.w.org\/{rel}","templated":true}]}}