{"id":28740,"date":"2026-04-01T11:10:16","date_gmt":"2026-04-01T08:10:16","guid":{"rendered":"https:\/\/packmarkt.com\/product\/kapak-rezistent-ndaj-femijeve-modern-45-special-pp-i-zi-me-shkelqim-inkrustim-vjollce-phan-eris-30\/"},"modified":"2026-04-01T11:10:16","modified_gmt":"2026-04-01T08:10:16","slug":"kapak-rezistent-ndaj-femijeve-modern-45-special-pp-i-zi-me-shkelqim-inkrustim-vjollce-phan-eris-30","status":"publish","type":"product","link":"https:\/\/packmarkt.com\/sq\/produkt\/kapak-rezistent-ndaj-femijeve-modern-45-special-pp-i-zi-me-shkelqim-inkrustim-vjollce-phan-eris-30\/","title":{"rendered":"Kapak rezistent ndaj f\u00ebmij\u00ebve Modern 45 special, PP, i zi, me shk\u00eblqim, inkrustim vjollc\u00eb Phan (Eris 30)"},"content":{"rendered":"","protected":false},"excerpt":{"rendered":"<p><strong>Kodi:<\/strong>HBA01H1A002-200<br \/>\n<strong>Lart\u00ebsia <\/strong>18,1 mm<br \/>\n<strong>Diametri: <\/strong>53,5 mm<br \/>\n<strong>Pesha: <\/strong>19 gr<br \/>\n<strong>Gryka: <\/strong>Speciale<br \/>\n<strong>Materiali:<\/strong>PP<br \/>\n<strong>Ngjyra: <\/strong>e zez\u00eb<br \/>\n<strong>Materiali i vulosjes: <\/strong>PHAN<br \/>\n<strong>Trash\u00ebsia e materialit t\u00eb vulosjes: <\/strong>2 mm<\/p>\n","protected":false},"featured_media":27531,"template":"","meta":[],"product_brand":[],"product_cat":[1822],"product_tag":[],"class_list":{"0":"post-28740","1":"product","2":"type-product","3":"status-publish","4":"has-post-thumbnail","6":"product_cat-kapake","7":"ts_product_brand-miron","9":"first","10":"instock","11":"taxable","12":"shipping-taxable","13":"product-type-simple"},"aioseo_notices":[],"_links":{"self":[{"href":"https:\/\/packmarkt.com\/sq\/wp-json\/wp\/v2\/product\/28740","targetHints":{"allow":["GET"]}}],"collection":[{"href":"https:\/\/packmarkt.com\/sq\/wp-json\/wp\/v2\/product"}],"about":[{"href":"https:\/\/packmarkt.com\/sq\/wp-json\/wp\/v2\/types\/product"}],"wp:featuredmedia":[{"embeddable":true,"href":"https:\/\/packmarkt.com\/sq\/wp-json\/wp\/v2\/media\/27531"}],"wp:attachment":[{"href":"https:\/\/packmarkt.com\/sq\/wp-json\/wp\/v2\/media?parent=28740"}],"wp:term":[{"taxonomy":"product_brand","embeddable":true,"href":"https:\/\/packmarkt.com\/sq\/wp-json\/wp\/v2\/product_brand?post=28740"},{"taxonomy":"product_cat","embeddable":true,"href":"https:\/\/packmarkt.com\/sq\/wp-json\/wp\/v2\/product_cat?post=28740"},{"taxonomy":"product_tag","embeddable":true,"href":"https:\/\/packmarkt.com\/sq\/wp-json\/wp\/v2\/product_tag?post=28740"}],"curies":[{"name":"wp","href":"https:\/\/api.w.org\/{rel}","templated":true}]}}