{"id":28715,"date":"2026-04-01T11:10:16","date_gmt":"2026-04-01T08:10:16","guid":{"rendered":"https:\/\/packmarkt.com\/product\/kapaku-modern-58-400-hiri-i-drurit-i-celet-me-mbushje-te-bardhe-saturn-200\/"},"modified":"2026-04-01T11:10:16","modified_gmt":"2026-04-01T08:10:16","slug":"kapaku-modern-58-400-hiri-i-drurit-i-celet-me-mbushje-te-bardhe-saturn-200","status":"publish","type":"product","link":"https:\/\/packmarkt.com\/sq\/produkt\/kapaku-modern-58-400-hiri-i-drurit-i-celet-me-mbushje-te-bardhe-saturn-200\/","title":{"rendered":"Kapaku Modern 58\/400, hiri i drurit i \u00e7el\u00ebt, me mbushje t\u00eb bardh\u00eb (Saturn 200)"},"content":{"rendered":"","protected":false},"excerpt":{"rendered":"<p><strong>Kodi:<\/strong>HBA31A1A001-901<br \/>\n<strong>Lart\u00ebsia <\/strong>15 mm<br \/>\n<strong>Diametri: <\/strong>62 mm<br \/>\n<strong>Hapja: <\/strong>58\/400<br \/>\n<strong>Ngjyra: <\/strong>gri e \u00e7el\u00ebt<br \/>\n<strong>Trash\u00ebsia e materialit t\u00eb vulosjes: <\/strong>1,5 mm<\/p>\n","protected":false},"featured_media":27539,"template":"","meta":[],"product_brand":[],"product_cat":[1822],"product_tag":[],"class_list":{"0":"post-28715","1":"product","2":"type-product","3":"status-publish","4":"has-post-thumbnail","6":"product_cat-kapake","7":"ts_product_brand-miron","9":"first","10":"instock","11":"taxable","12":"shipping-taxable","13":"product-type-simple"},"aioseo_notices":[],"_links":{"self":[{"href":"https:\/\/packmarkt.com\/sq\/wp-json\/wp\/v2\/product\/28715","targetHints":{"allow":["GET"]}}],"collection":[{"href":"https:\/\/packmarkt.com\/sq\/wp-json\/wp\/v2\/product"}],"about":[{"href":"https:\/\/packmarkt.com\/sq\/wp-json\/wp\/v2\/types\/product"}],"wp:featuredmedia":[{"embeddable":true,"href":"https:\/\/packmarkt.com\/sq\/wp-json\/wp\/v2\/media\/27539"}],"wp:attachment":[{"href":"https:\/\/packmarkt.com\/sq\/wp-json\/wp\/v2\/media?parent=28715"}],"wp:term":[{"taxonomy":"product_brand","embeddable":true,"href":"https:\/\/packmarkt.com\/sq\/wp-json\/wp\/v2\/product_brand?post=28715"},{"taxonomy":"product_cat","embeddable":true,"href":"https:\/\/packmarkt.com\/sq\/wp-json\/wp\/v2\/product_cat?post=28715"},{"taxonomy":"product_tag","embeddable":true,"href":"https:\/\/packmarkt.com\/sq\/wp-json\/wp\/v2\/product_tag?post=28715"}],"curies":[{"name":"wp","href":"https:\/\/api.w.org\/{rel}","templated":true}]}}