{"id":28712,"date":"2026-04-01T11:10:16","date_gmt":"2026-04-01T08:10:16","guid":{"rendered":"https:\/\/packmarkt.com\/product\/kapek-modern-87-special-pp-i-zi-me-shkelqim-me-futje-phan-vjollce-sirius-200\/"},"modified":"2026-04-01T11:10:16","modified_gmt":"2026-04-01T08:10:16","slug":"kapek-modern-87-special-pp-i-zi-me-shkelqim-me-futje-phan-vjollce-sirius-200","status":"publish","type":"product","link":"https:\/\/packmarkt.com\/sq\/produkt\/kapek-modern-87-special-pp-i-zi-me-shkelqim-me-futje-phan-vjollce-sirius-200\/","title":{"rendered":"Kap\u00ebk Modern 87 special, PP, i zi, me shk\u00eblqim, me futje Phan vjollc\u00eb (Sirius 200)"},"content":{"rendered":"","protected":false},"excerpt":{"rendered":"<p><strong>Kodi:<\/strong>EGA01A1A015-200<br \/>\n<strong>Lart\u00ebsia <\/strong>19 mm<br \/>\n<strong>Diametri: <\/strong>93,6 mm<br \/>\n<strong>Pesha: <\/strong>39 gr<br \/>\n<strong>Hapja: <\/strong>Special<br \/>\n<strong>Ngjyra: <\/strong>e zez\u00eb<br \/>\n<strong>Materiali i vulosjes: <\/strong>PHAN<br \/>\n<strong>Trash\u00ebsia e materialit t\u00eb vulosjes: <\/strong>1,5 mm<\/p>\n","protected":false},"featured_media":27525,"template":"","meta":[],"product_brand":[],"product_cat":[1822],"product_tag":[],"class_list":{"0":"post-28712","1":"product","2":"type-product","3":"status-publish","4":"has-post-thumbnail","6":"product_cat-kapake","7":"ts_product_brand-miron","9":"first","10":"instock","11":"taxable","12":"shipping-taxable","13":"product-type-simple"},"aioseo_notices":[],"_links":{"self":[{"href":"https:\/\/packmarkt.com\/sq\/wp-json\/wp\/v2\/product\/28712","targetHints":{"allow":["GET"]}}],"collection":[{"href":"https:\/\/packmarkt.com\/sq\/wp-json\/wp\/v2\/product"}],"about":[{"href":"https:\/\/packmarkt.com\/sq\/wp-json\/wp\/v2\/types\/product"}],"wp:featuredmedia":[{"embeddable":true,"href":"https:\/\/packmarkt.com\/sq\/wp-json\/wp\/v2\/media\/27525"}],"wp:attachment":[{"href":"https:\/\/packmarkt.com\/sq\/wp-json\/wp\/v2\/media?parent=28712"}],"wp:term":[{"taxonomy":"product_brand","embeddable":true,"href":"https:\/\/packmarkt.com\/sq\/wp-json\/wp\/v2\/product_brand?post=28712"},{"taxonomy":"product_cat","embeddable":true,"href":"https:\/\/packmarkt.com\/sq\/wp-json\/wp\/v2\/product_cat?post=28712"},{"taxonomy":"product_tag","embeddable":true,"href":"https:\/\/packmarkt.com\/sq\/wp-json\/wp\/v2\/product_tag?post=28712"}],"curies":[{"name":"wp","href":"https:\/\/api.w.org\/{rel}","templated":true}]}}