{"id":28628,"date":"2026-04-01T11:10:21","date_gmt":"2026-04-01T08:10:21","guid":{"rendered":"https:\/\/packmarkt.com\/product\/kapaku-clio-169-48-400-llamarine-e-zeze-futje-vjollce-saturn-100\/"},"modified":"2026-04-01T11:10:21","modified_gmt":"2026-04-01T08:10:21","slug":"kapaku-clio-169-48-400-llamarine-e-zeze-futje-vjollce-saturn-100","status":"publish","type":"product","link":"https:\/\/packmarkt.com\/sq\/produkt\/kapaku-clio-169-48-400-llamarine-e-zeze-futje-vjollce-saturn-100\/","title":{"rendered":"Kapaku Clio 169, 48\/400, llamarin\u00eb, e zez\u00eb, futje vjollc\u00eb (Saturn 100)"},"content":{"rendered":"","protected":false},"excerpt":{"rendered":"<p><strong>Kodi:<\/strong>CAB28A1A003-200<br \/>\n<strong>Diametri: <\/strong>47,8 mm<br \/>\n<strong>Gryka: <\/strong>48\/400<br \/>\n<strong>Materiali:<\/strong>Llamarin\u00eb<br \/>\n<strong>Ngjyra: <\/strong>e zez\u00eb<\/p>\n","protected":false},"featured_media":27560,"template":"","meta":[],"product_brand":[],"product_cat":[1822],"product_tag":[],"class_list":{"0":"post-28628","1":"product","2":"type-product","3":"status-publish","4":"has-post-thumbnail","6":"product_cat-kapake","7":"ts_product_brand-miron","9":"first","10":"instock","11":"taxable","12":"shipping-taxable","13":"product-type-simple"},"aioseo_notices":[],"_links":{"self":[{"href":"https:\/\/packmarkt.com\/sq\/wp-json\/wp\/v2\/product\/28628","targetHints":{"allow":["GET"]}}],"collection":[{"href":"https:\/\/packmarkt.com\/sq\/wp-json\/wp\/v2\/product"}],"about":[{"href":"https:\/\/packmarkt.com\/sq\/wp-json\/wp\/v2\/types\/product"}],"wp:featuredmedia":[{"embeddable":true,"href":"https:\/\/packmarkt.com\/sq\/wp-json\/wp\/v2\/media\/27560"}],"wp:attachment":[{"href":"https:\/\/packmarkt.com\/sq\/wp-json\/wp\/v2\/media?parent=28628"}],"wp:term":[{"taxonomy":"product_brand","embeddable":true,"href":"https:\/\/packmarkt.com\/sq\/wp-json\/wp\/v2\/product_brand?post=28628"},{"taxonomy":"product_cat","embeddable":true,"href":"https:\/\/packmarkt.com\/sq\/wp-json\/wp\/v2\/product_cat?post=28628"},{"taxonomy":"product_tag","embeddable":true,"href":"https:\/\/packmarkt.com\/sq\/wp-json\/wp\/v2\/product_tag?post=28628"}],"curies":[{"name":"wp","href":"https:\/\/api.w.org\/{rel}","templated":true}]}}