{"id":28598,"date":"2026-04-01T11:10:21","date_gmt":"2026-04-01T08:10:21","guid":{"rendered":"https:\/\/packmarkt.com\/product\/kapaku-modern-47-special-pcr-i-zi-me-perfundim-mat-me-inkrustim-te-bardhe-ceres-30\/"},"modified":"2026-04-01T11:10:21","modified_gmt":"2026-04-01T08:10:21","slug":"kapaku-modern-47-special-pcr-i-zi-me-perfundim-mat-me-inkrustim-te-bardhe-ceres-30","status":"publish","type":"product","link":"https:\/\/packmarkt.com\/sq\/produkt\/kapaku-modern-47-special-pcr-i-zi-me-perfundim-mat-me-inkrustim-te-bardhe-ceres-30\/","title":{"rendered":"Kapaku Modern 47 special, PCR, i zi, me p\u00ebrfundim mat, me inkrustim t\u00eb bardh\u00eb (Ceres 30)"},"content":{"rendered":"","protected":false},"excerpt":{"rendered":"<p><strong>Kodi:<\/strong>HBA01A1A013-202<br \/>\n<strong>Lart\u00ebsia <\/strong>15,55 mm<br \/>\n<strong>Diametri: <\/strong>52,4 mm<br \/>\n<strong>Pesha: <\/strong>11 gr<br \/>\n<strong>Hapja: <\/strong>Special<br \/>\n<strong>Materiali:<\/strong>PCR<br \/>\n<strong>Ngjyra: <\/strong>e zez\u00eb<br \/>\n<strong>Materiali i vulosjes: <\/strong>EPE<br \/>\n<strong>Trash\u00ebsia e materialit t\u00eb vulosjes: <\/strong>2 mm<\/p>\n","protected":false},"featured_media":27568,"template":"","meta":[],"product_brand":[],"product_cat":[1822],"product_tag":[],"class_list":{"0":"post-28598","1":"product","2":"type-product","3":"status-publish","4":"has-post-thumbnail","6":"product_cat-kapake","7":"ts_product_brand-miron","9":"first","10":"instock","11":"taxable","12":"shipping-taxable","13":"product-type-simple"},"aioseo_notices":[],"_links":{"self":[{"href":"https:\/\/packmarkt.com\/sq\/wp-json\/wp\/v2\/product\/28598","targetHints":{"allow":["GET"]}}],"collection":[{"href":"https:\/\/packmarkt.com\/sq\/wp-json\/wp\/v2\/product"}],"about":[{"href":"https:\/\/packmarkt.com\/sq\/wp-json\/wp\/v2\/types\/product"}],"wp:featuredmedia":[{"embeddable":true,"href":"https:\/\/packmarkt.com\/sq\/wp-json\/wp\/v2\/media\/27568"}],"wp:attachment":[{"href":"https:\/\/packmarkt.com\/sq\/wp-json\/wp\/v2\/media?parent=28598"}],"wp:term":[{"taxonomy":"product_brand","embeddable":true,"href":"https:\/\/packmarkt.com\/sq\/wp-json\/wp\/v2\/product_brand?post=28598"},{"taxonomy":"product_cat","embeddable":true,"href":"https:\/\/packmarkt.com\/sq\/wp-json\/wp\/v2\/product_cat?post=28598"},{"taxonomy":"product_tag","embeddable":true,"href":"https:\/\/packmarkt.com\/sq\/wp-json\/wp\/v2\/product_tag?post=28598"}],"curies":[{"name":"wp","href":"https:\/\/api.w.org\/{rel}","templated":true}]}}