{"id":28450,"date":"2026-04-01T11:10:24","date_gmt":"2026-04-01T08:10:24","guid":{"rendered":"https:\/\/packmarkt.com\/product\/kapaku-modern-47-special-urea-i-zi-gjysme-shkelqyes-mbushje-phan-vjollce-i-palidhur-ceres-30\/"},"modified":"2026-04-01T11:10:24","modified_gmt":"2026-04-01T08:10:24","slug":"kapaku-modern-47-special-urea-i-zi-gjysme-shkelqyes-mbushje-phan-vjollce-i-palidhur-ceres-30","status":"publish","type":"product","link":"https:\/\/packmarkt.com\/sq\/produkt\/kapaku-modern-47-special-urea-i-zi-gjysme-shkelqyes-mbushje-phan-vjollce-i-palidhur-ceres-30\/","title":{"rendered":"Kapaku Modern 47 special, UREA, i zi, gjysm\u00eb-shk\u00eblqyes, mbushje Phan vjollc\u00eb, i palidhur (Ceres 30)"},"content":{"rendered":"","protected":false},"excerpt":{"rendered":"<p><strong>Kodi:<\/strong>EGA01A1A039-200<br \/>\n<strong>Lart\u00ebsia: <\/strong>17,5 mm<br \/>\n<strong>Diametri: <\/strong>52,6 mm<br \/>\n<strong>Pesha: <\/strong>19 gr<br \/>\n<strong>Hapja: <\/strong>Special<br \/>\n<strong>Materiali:<\/strong>UREA<br \/>\n<strong>Ngjyra: <\/strong>e zez\u00eb<br \/>\n<strong>Materiali i vulosjes: <\/strong>PHAN<\/p>\n","protected":false},"featured_media":27558,"template":"","meta":[],"product_brand":[],"product_cat":[1822],"product_tag":[],"class_list":{"0":"post-28450","1":"product","2":"type-product","3":"status-publish","4":"has-post-thumbnail","6":"product_cat-kapake","7":"ts_product_brand-miron","9":"first","10":"instock","11":"taxable","12":"shipping-taxable","13":"product-type-simple"},"aioseo_notices":[],"_links":{"self":[{"href":"https:\/\/packmarkt.com\/sq\/wp-json\/wp\/v2\/product\/28450","targetHints":{"allow":["GET"]}}],"collection":[{"href":"https:\/\/packmarkt.com\/sq\/wp-json\/wp\/v2\/product"}],"about":[{"href":"https:\/\/packmarkt.com\/sq\/wp-json\/wp\/v2\/types\/product"}],"wp:featuredmedia":[{"embeddable":true,"href":"https:\/\/packmarkt.com\/sq\/wp-json\/wp\/v2\/media\/27558"}],"wp:attachment":[{"href":"https:\/\/packmarkt.com\/sq\/wp-json\/wp\/v2\/media?parent=28450"}],"wp:term":[{"taxonomy":"product_brand","embeddable":true,"href":"https:\/\/packmarkt.com\/sq\/wp-json\/wp\/v2\/product_brand?post=28450"},{"taxonomy":"product_cat","embeddable":true,"href":"https:\/\/packmarkt.com\/sq\/wp-json\/wp\/v2\/product_cat?post=28450"},{"taxonomy":"product_tag","embeddable":true,"href":"https:\/\/packmarkt.com\/sq\/wp-json\/wp\/v2\/product_tag?post=28450"}],"curies":[{"name":"wp","href":"https:\/\/api.w.org\/{rel}","templated":true}]}}