{"id":28278,"date":"2026-04-02T11:09:24","date_gmt":"2026-04-02T08:09:24","guid":{"rendered":"https:\/\/packmarkt.com\/product\/mbulese-ngjitese-e-brendshme-kapaku-42-mm-e-bardhe-tekst-i-zi-saturn-50-100-96-e-aplikueshme-vetem-per-produkte-te-thata\/"},"modified":"2026-04-02T11:09:24","modified_gmt":"2026-04-02T08:09:24","slug":"mbulese-ngjitese-e-brendshme-kapaku-42-mm-e-bardhe-tekst-i-zi-saturn-50-100-96-e-aplikueshme-vetem-per-produkte-te-thata","status":"publish","type":"product","link":"https:\/\/packmarkt.com\/sq\/produkt\/mbulese-ngjitese-e-brendshme-kapaku-42-mm-e-bardhe-tekst-i-zi-saturn-50-100-96-e-aplikueshme-vetem-per-produkte-te-thata\/","title":{"rendered":"Mbules\u00eb ngjit\u00ebse e brendshme kapaku, 42 mm, e bardh\u00eb, tekst i zi (Saturn 50\/100-96), e aplikueshme vet\u00ebm p\u00ebr produkte t\u00eb thata."},"content":{"rendered":"","protected":false},"excerpt":{"rendered":"<p><strong>Kodi:<\/strong>TSC00A1C016-001<br \/>\n<strong>Pesha: <\/strong>1 g<br \/>\n<strong>Diametri: <\/strong>42,2 mm<br \/>\n<strong>Forma: <\/strong>E rrumbullak\u00ebt<br \/>\n<strong>Materiali: <\/strong>Polistiren<br \/>\n<strong>Ngjyra: <\/strong>E bardh\u00eb<\/p>\n","protected":false},"featured_media":27673,"template":"","meta":[],"product_brand":[],"product_cat":[1820],"product_tag":[],"class_list":{"0":"post-28278","1":"product","2":"type-product","3":"status-publish","4":"has-post-thumbnail","6":"product_cat-aksesore-2","7":"ts_product_brand-miron","9":"first","10":"instock","11":"taxable","12":"shipping-taxable","13":"product-type-simple"},"aioseo_notices":[],"_links":{"self":[{"href":"https:\/\/packmarkt.com\/sq\/wp-json\/wp\/v2\/product\/28278","targetHints":{"allow":["GET"]}}],"collection":[{"href":"https:\/\/packmarkt.com\/sq\/wp-json\/wp\/v2\/product"}],"about":[{"href":"https:\/\/packmarkt.com\/sq\/wp-json\/wp\/v2\/types\/product"}],"wp:featuredmedia":[{"embeddable":true,"href":"https:\/\/packmarkt.com\/sq\/wp-json\/wp\/v2\/media\/27673"}],"wp:attachment":[{"href":"https:\/\/packmarkt.com\/sq\/wp-json\/wp\/v2\/media?parent=28278"}],"wp:term":[{"taxonomy":"product_brand","embeddable":true,"href":"https:\/\/packmarkt.com\/sq\/wp-json\/wp\/v2\/product_brand?post=28278"},{"taxonomy":"product_cat","embeddable":true,"href":"https:\/\/packmarkt.com\/sq\/wp-json\/wp\/v2\/product_cat?post=28278"},{"taxonomy":"product_tag","embeddable":true,"href":"https:\/\/packmarkt.com\/sq\/wp-json\/wp\/v2\/product_tag?post=28278"}],"curies":[{"name":"wp","href":"https:\/\/api.w.org\/{rel}","templated":true}]}}