{"id":28208,"date":"2026-04-02T11:50:04","date_gmt":"2026-04-02T08:50:04","guid":{"rendered":"https:\/\/packmarkt.com\/product\/kapuc-mbrojtes-per-kapele-sperkatese-dhe-pompash-sinfonia-i-zi-me-shkelqim-pp\/"},"modified":"2026-04-02T11:50:04","modified_gmt":"2026-04-02T08:50:04","slug":"kapuc-mbrojtes-per-kapele-sperkatese-dhe-pompash-sinfonia-i-zi-me-shkelqim-pp","status":"publish","type":"product","link":"https:\/\/packmarkt.com\/sq\/produkt\/kapuc-mbrojtes-per-kapele-sperkatese-dhe-pompash-sinfonia-i-zi-me-shkelqim-pp\/","title":{"rendered":"Kapu\u00e7 mbrojt\u00ebs p\u00ebr kapele sp\u00ebrkat\u00ebse dhe pompash Sinfonia, i zi me shk\u00eblqim, PP"},"content":{"rendered":"","protected":false},"excerpt":{"rendered":"<p><strong>Kodi:<\/strong>FPC00A1C001-200<br \/>\n<strong>Lart\u00ebsia: <\/strong>23,3 mm<br \/>\n<strong>Pesha: <\/strong>2 gr<br \/>\n<strong>Materiali:<\/strong>PP<\/p>\n","protected":false},"featured_media":28210,"template":"","meta":[],"product_brand":[],"product_cat":[1820],"product_tag":[],"class_list":{"0":"post-28208","1":"product","2":"type-product","3":"status-publish","4":"has-post-thumbnail","6":"product_cat-aksesore-2","7":"ts_product_brand-miron","9":"first","10":"instock","11":"taxable","12":"shipping-taxable","13":"product-type-simple"},"aioseo_notices":[],"_links":{"self":[{"href":"https:\/\/packmarkt.com\/sq\/wp-json\/wp\/v2\/product\/28208","targetHints":{"allow":["GET"]}}],"collection":[{"href":"https:\/\/packmarkt.com\/sq\/wp-json\/wp\/v2\/product"}],"about":[{"href":"https:\/\/packmarkt.com\/sq\/wp-json\/wp\/v2\/types\/product"}],"wp:featuredmedia":[{"embeddable":true,"href":"https:\/\/packmarkt.com\/sq\/wp-json\/wp\/v2\/media\/28210"}],"wp:attachment":[{"href":"https:\/\/packmarkt.com\/sq\/wp-json\/wp\/v2\/media?parent=28208"}],"wp:term":[{"taxonomy":"product_brand","embeddable":true,"href":"https:\/\/packmarkt.com\/sq\/wp-json\/wp\/v2\/product_brand?post=28208"},{"taxonomy":"product_cat","embeddable":true,"href":"https:\/\/packmarkt.com\/sq\/wp-json\/wp\/v2\/product_cat?post=28208"},{"taxonomy":"product_tag","embeddable":true,"href":"https:\/\/packmarkt.com\/sq\/wp-json\/wp\/v2\/product_tag?post=28208"}],"curies":[{"name":"wp","href":"https:\/\/api.w.org\/{rel}","templated":true}]}}