{"id":28154,"date":"2026-04-02T11:09:26","date_gmt":"2026-04-02T08:09:26","guid":{"rendered":"https:\/\/packmarkt.com\/product\/vule-ngjitese-e-brendshme-e-kapakut-38-mm-e-bardhe-tekst-i-zi-ceres-15-i-pershtatshem-vetem-per-produkte-te-thata\/"},"modified":"2026-04-02T11:09:26","modified_gmt":"2026-04-02T08:09:26","slug":"vule-ngjitese-e-brendshme-e-kapakut-38-mm-e-bardhe-tekst-i-zi-ceres-15-i-pershtatshem-vetem-per-produkte-te-thata","status":"publish","type":"product","link":"https:\/\/packmarkt.com\/sq\/produkt\/vule-ngjitese-e-brendshme-e-kapakut-38-mm-e-bardhe-tekst-i-zi-ceres-15-i-pershtatshem-vetem-per-produkte-te-thata\/","title":{"rendered":"Vul\u00eb ngjit\u00ebse e brendshme e kapakut, 38 mm, e bardh\u00eb, tekst i zi (Ceres 15), i p\u00ebrshtatsh\u00ebm vet\u00ebm p\u00ebr produkte t\u00eb thata"},"content":{"rendered":"","protected":false},"excerpt":{"rendered":"<p><strong>Kod:<\/strong>TSC00A1C008-001<br \/>\n<strong>Diamet\u00ebr: <\/strong>38 mm<br \/>\n<strong>Forma: <\/strong>E rrumbullak\u00ebt<br \/>\n<strong>Materiali: <\/strong>Polystyrene<br \/>\n<strong>Ngjyra: <\/strong>E bardh\u00eb<\/p>\n","protected":false},"featured_media":27662,"template":"","meta":[],"product_brand":[],"product_cat":[1820],"product_tag":[],"class_list":{"0":"post-28154","1":"product","2":"type-product","3":"status-publish","4":"has-post-thumbnail","6":"product_cat-aksesore-2","7":"ts_product_brand-miron","9":"first","10":"instock","11":"taxable","12":"shipping-taxable","13":"product-type-simple"},"aioseo_notices":[],"_links":{"self":[{"href":"https:\/\/packmarkt.com\/sq\/wp-json\/wp\/v2\/product\/28154","targetHints":{"allow":["GET"]}}],"collection":[{"href":"https:\/\/packmarkt.com\/sq\/wp-json\/wp\/v2\/product"}],"about":[{"href":"https:\/\/packmarkt.com\/sq\/wp-json\/wp\/v2\/types\/product"}],"wp:featuredmedia":[{"embeddable":true,"href":"https:\/\/packmarkt.com\/sq\/wp-json\/wp\/v2\/media\/27662"}],"wp:attachment":[{"href":"https:\/\/packmarkt.com\/sq\/wp-json\/wp\/v2\/media?parent=28154"}],"wp:term":[{"taxonomy":"product_brand","embeddable":true,"href":"https:\/\/packmarkt.com\/sq\/wp-json\/wp\/v2\/product_brand?post=28154"},{"taxonomy":"product_cat","embeddable":true,"href":"https:\/\/packmarkt.com\/sq\/wp-json\/wp\/v2\/product_cat?post=28154"},{"taxonomy":"product_tag","embeddable":true,"href":"https:\/\/packmarkt.com\/sq\/wp-json\/wp\/v2\/product_tag?post=28154"}],"curies":[{"name":"wp","href":"https:\/\/api.w.org\/{rel}","templated":true}]}}