{"id":28151,"date":"2026-04-02T11:09:26","date_gmt":"2026-04-02T08:09:26","guid":{"rendered":"https:\/\/packmarkt.com\/product\/disk-kapaku-vetengjites-i-brendshem-48-mm-i-bardhe-tekst-i-zi-ceres-30-vetem-per-mallra-te-thata\/"},"modified":"2026-04-02T11:09:26","modified_gmt":"2026-04-02T08:09:26","slug":"disk-kapaku-vetengjites-i-brendshem-48-mm-i-bardhe-tekst-i-zi-ceres-30-vetem-per-mallra-te-thata","status":"publish","type":"product","link":"https:\/\/packmarkt.com\/sq\/produkt\/disk-kapaku-vetengjites-i-brendshem-48-mm-i-bardhe-tekst-i-zi-ceres-30-vetem-per-mallra-te-thata\/","title":{"rendered":"Disk kapaku vet\u00ebngjit\u00ebs i brendsh\u00ebm, 48 mm, i bardh\u00eb, tekst i zi (Ceres 30), vet\u00ebm p\u00ebr mallra t\u00eb thata"},"content":{"rendered":"","protected":false},"excerpt":{"rendered":"<p><strong>Kodi:<\/strong>TSC00A1C009-001<br \/>\n<strong>Diametri: <\/strong>47,7 mm<br \/>\n<strong>Forma: <\/strong>Rrumbullak\u00ebt<br \/>\n<strong>Materiali: <\/strong>Polistiren<br \/>\n<strong>Ngjyra: <\/strong>E bardh\u00eb<\/p>\n","protected":false},"featured_media":27661,"template":"","meta":[],"product_brand":[],"product_cat":[1820],"product_tag":[],"class_list":{"0":"post-28151","1":"product","2":"type-product","3":"status-publish","4":"has-post-thumbnail","6":"product_cat-aksesore-2","7":"ts_product_brand-miron","9":"first","10":"instock","11":"taxable","12":"shipping-taxable","13":"product-type-simple"},"aioseo_notices":[],"_links":{"self":[{"href":"https:\/\/packmarkt.com\/sq\/wp-json\/wp\/v2\/product\/28151","targetHints":{"allow":["GET"]}}],"collection":[{"href":"https:\/\/packmarkt.com\/sq\/wp-json\/wp\/v2\/product"}],"about":[{"href":"https:\/\/packmarkt.com\/sq\/wp-json\/wp\/v2\/types\/product"}],"wp:featuredmedia":[{"embeddable":true,"href":"https:\/\/packmarkt.com\/sq\/wp-json\/wp\/v2\/media\/27661"}],"wp:attachment":[{"href":"https:\/\/packmarkt.com\/sq\/wp-json\/wp\/v2\/media?parent=28151"}],"wp:term":[{"taxonomy":"product_brand","embeddable":true,"href":"https:\/\/packmarkt.com\/sq\/wp-json\/wp\/v2\/product_brand?post=28151"},{"taxonomy":"product_cat","embeddable":true,"href":"https:\/\/packmarkt.com\/sq\/wp-json\/wp\/v2\/product_cat?post=28151"},{"taxonomy":"product_tag","embeddable":true,"href":"https:\/\/packmarkt.com\/sq\/wp-json\/wp\/v2\/product_tag?post=28151"}],"curies":[{"name":"wp","href":"https:\/\/api.w.org\/{rel}","templated":true}]}}