{"id":28086,"date":"2026-04-02T11:50:05","date_gmt":"2026-04-02T08:50:05","guid":{"rendered":"https:\/\/packmarkt.com\/product\/shkopinj-difuzori-ratan-mat-i-zi-tipi-aa-3-5-mm-te-trashe-300-mm-te-paketuar-ne-tufa-me-6-cope\/"},"modified":"2026-04-02T11:50:05","modified_gmt":"2026-04-02T08:50:05","slug":"shkopinj-difuzori-ratan-mat-i-zi-tipi-aa-3-5-mm-te-trashe-300-mm-te-paketuar-ne-tufa-me-6-cope","status":"publish","type":"product","link":"https:\/\/packmarkt.com\/sq\/produkt\/shkopinj-difuzori-ratan-mat-i-zi-tipi-aa-3-5-mm-te-trashe-300-mm-te-paketuar-ne-tufa-me-6-cope\/","title":{"rendered":"Shkopinj difuzori, ratan, mat i zi, Tipi AA, 3.5 mm t\u00eb trash\u00eb, 300 mm, t\u00eb paketuar n\u00eb tufa me 6 cop\u00eb"},"content":{"rendered":"","protected":false},"excerpt":{"rendered":"<p><strong>Kodi:<\/strong>HOC00A1C001-903<br \/>\n<strong>Lart\u00ebsia: <\/strong>300 mm<br \/>\n<strong>Pesha: <\/strong>8 gr<\/p>\n","protected":false},"featured_media":27704,"template":"","meta":[],"product_brand":[],"product_cat":[1820],"product_tag":[],"class_list":{"0":"post-28086","1":"product","2":"type-product","3":"status-publish","4":"has-post-thumbnail","6":"product_cat-aksesore-2","7":"ts_product_brand-miron","9":"first","10":"instock","11":"taxable","12":"shipping-taxable","13":"product-type-simple"},"aioseo_notices":[],"_links":{"self":[{"href":"https:\/\/packmarkt.com\/sq\/wp-json\/wp\/v2\/product\/28086","targetHints":{"allow":["GET"]}}],"collection":[{"href":"https:\/\/packmarkt.com\/sq\/wp-json\/wp\/v2\/product"}],"about":[{"href":"https:\/\/packmarkt.com\/sq\/wp-json\/wp\/v2\/types\/product"}],"wp:featuredmedia":[{"embeddable":true,"href":"https:\/\/packmarkt.com\/sq\/wp-json\/wp\/v2\/media\/27704"}],"wp:attachment":[{"href":"https:\/\/packmarkt.com\/sq\/wp-json\/wp\/v2\/media?parent=28086"}],"wp:term":[{"taxonomy":"product_brand","embeddable":true,"href":"https:\/\/packmarkt.com\/sq\/wp-json\/wp\/v2\/product_brand?post=28086"},{"taxonomy":"product_cat","embeddable":true,"href":"https:\/\/packmarkt.com\/sq\/wp-json\/wp\/v2\/product_cat?post=28086"},{"taxonomy":"product_tag","embeddable":true,"href":"https:\/\/packmarkt.com\/sq\/wp-json\/wp\/v2\/product_tag?post=28086"}],"curies":[{"name":"wp","href":"https:\/\/api.w.org\/{rel}","templated":true}]}}