{"id":27807,"date":"2026-04-02T13:27:03","date_gmt":"2026-04-02T10:27:03","guid":{"rendered":"https:\/\/packmarkt.com\/?post_type=product&#038;p=27807"},"modified":"2026-04-02T14:25:24","modified_gmt":"2026-04-02T11:25:24","slug":"palete-plastike-e-lehte-e-shpuar-me-shina-800x1160mm-r-hdpe-%ce%b1%ce%bd%cf%84%ce%b9%ce%b3%cf%81%ce%b1%cf%86%ce%ae-2","status":"publish","type":"product","link":"https:\/\/packmarkt.com\/sq\/produkt\/palete-plastike-e-lehte-e-shpuar-me-shina-800x1160mm-r-hdpe-%ce%b1%ce%bd%cf%84%ce%b9%ce%b3%cf%81%ce%b1%cf%86%ce%ae-2\/","title":{"rendered":"Palet\u00eb plastike e tipit t\u00eb leht\u00eb, e shpuar, me rr\u00ebshqit\u00ebse 1000x1160mm (r-HDPE)"},"content":{"rendered":"<p class=\"p1\">Paleta e tipit t\u00eb leht\u00eb, p\u00ebr nj\u00eb p\u00ebrdorim, e prodhuar nga <strong data-start=\"162\" data-end=\"201\">polietileni i ricikluar (r-HDPE)<\/strong>, \u00ebsht\u00eb nj\u00eb zgjidhje ekonomike dhe praktike p\u00ebr transportin dhe ruajtjen e produkteve. E prodhuar nga material ricikluar me cil\u00ebsi t\u00eb lart\u00eb, ajo kombinon pesh\u00ebn e ul\u00ebt me q\u00ebndrueshm\u00ebri t\u00eb shquar, duke e b\u00ebr\u00eb ideale p\u00ebr eksporte dhe d\u00ebrgesa me koh\u00ebzgjatje t\u00eb kufizuar. <\/p>\n<h5><b>Karakteristika &amp; P\u00ebrfitime<\/b><\/h5>\n<ul>\n<li data-section-id=\"1sj5znu\" data-start=\"198\" data-end=\"273\"><strong data-start=\"200\" data-end=\"222\">Konstruksion i leht\u00eb:<\/strong> Menaxhim i leht\u00eb dhe kosto t\u00eb reduktuara transporti.<\/li>\n<li data-section-id=\"islri5\" data-start=\"274\" data-end=\"346\"><strong data-start=\"276\" data-end=\"296\">Zgjidhje ekonomike:<\/strong> Ideale p\u00ebr d\u00ebrgesa nj\u00ebp\u00ebrdorimshe dhe eksporte.<\/li>\n<li data-section-id=\"1pxzsjr\" data-start=\"347\" data-end=\"427\"><strong data-start=\"121\" data-end=\"138\">Q\u00ebndrueshm\u00ebri e lart\u00eb:<\/strong> Projektuar p\u00ebr t&#8217;i b\u00ebr\u00eb ball\u00eb me siguri k\u00ebrkesave t\u00eb transportit dhe ruajtjes.<\/li>\n<li data-section-id=\"1h4dm9h\" data-start=\"428\" data-end=\"542\"><strong data-start=\"430\" data-end=\"454\">r-HDPE i ricikluar:<\/strong> Material q\u00eb kombinon q\u00ebndrueshm\u00ebrin\u00eb, funksionalitetin dhe miq\u00ebsin\u00eb me mjedisin.<\/li>\n<li data-section-id=\"1a4eomn\" data-start=\"643\" data-end=\"812\"><strong data-start=\"645\" data-end=\"680\">Dimension optimal p\u00ebr eksporte:<\/strong> Projektuar p\u00ebr t\u00eb mbuluar plot\u00ebsisht hap\u00ebsir\u00ebn e kontejnerit, duke siguruar efikasitet maksimal dhe hap\u00ebsir\u00eb zero t\u00eb pashfryt\u00ebzuar.<\/li>\n<\/ul>\n<h5><b>Specifikime Teknike<\/b><\/h5>\n<ul>\n<li class=\"p1\"><span class=\"s1\"><b>P\u00ebrmasat:<\/b><\/span> 1000x1160x140mm<\/li>\n<li class=\"p1\"><span class=\"s1\"><b>Pesha:<\/b><\/span> 5,9 kg<\/li>\n<li class=\"p1\"><span class=\"s1\"><b>Materiali:<\/b><\/span> Polietilen i Ricikluar (r-HDPE)<\/li>\n<li class=\"p1\"><b>Ngarkesa dinamike:<\/b><span class=\"s1\"> 1000kg<\/span><\/li>\n<li class=\"p1\"><b>Ngarkes\u00eb statike:<\/b><span class=\"s1\"> 2000kg<\/span><\/li>\n<li class=\"p1\"><b>Paketimi:<\/b><span class=\"s1\"> 1 cop\u00eb<\/span><\/li>\n<\/ul>\n<h5><b>Aplikimet<\/b><\/h5>\n<ul>\n<li class=\"p1\">Eksporte dhe d\u00ebrgesa nj\u00ebp\u00ebrdorimshe<\/li>\n<li class=\"p1\">Transport dhe shp\u00ebrndarje produktesh me pesh\u00eb t\u00eb ul\u00ebt<\/li>\n<li class=\"p1\">Ruajtje e mallrave t\u00eb konsumit dhe ushqimeve<\/li>\n<li class=\"p1\">Produkte bujq\u00ebsore dhe aplikime logjistike t\u00eb p\u00ebrkohshme<\/li>\n<\/ul>\n<p>&nbsp;<\/p>\n","protected":false},"excerpt":{"rendered":"<p><strong>Kodi:<\/strong> 11610NSQ3-SKIDS<br \/>\n<strong>Materiali:<\/strong> Polietilen i ricikluar (r-HDPE)<br \/>\n<strong>P\u00ebrmasat:<\/strong> 1000x1160x140mm<br \/>\n<strong>Pesha:<\/strong> 5,9 kg<br \/>\n<strong>Ngarkesa dinamike:<\/strong> 1000kg<br \/>\n<strong>Ngarkesa statike:<\/strong> 2000kg<br \/>\n<strong>Paketimi:<\/strong> 1 cop\u00eb<\/p>\n","protected":false},"featured_media":27819,"template":"","meta":[],"product_brand":[],"product_cat":[1370],"product_tag":[],"class_list":{"0":"post-27807","1":"product","2":"type-product","3":"status-publish","4":"has-post-thumbnail","6":"product_cat-paleta-plastike","7":"ts_product_brand-dogan","9":"first","10":"instock","11":"taxable","12":"shipping-taxable","13":"product-type-simple"},"aioseo_notices":[],"_links":{"self":[{"href":"https:\/\/packmarkt.com\/sq\/wp-json\/wp\/v2\/product\/27807","targetHints":{"allow":["GET"]}}],"collection":[{"href":"https:\/\/packmarkt.com\/sq\/wp-json\/wp\/v2\/product"}],"about":[{"href":"https:\/\/packmarkt.com\/sq\/wp-json\/wp\/v2\/types\/product"}],"wp:featuredmedia":[{"embeddable":true,"href":"https:\/\/packmarkt.com\/sq\/wp-json\/wp\/v2\/media\/27819"}],"wp:attachment":[{"href":"https:\/\/packmarkt.com\/sq\/wp-json\/wp\/v2\/media?parent=27807"}],"wp:term":[{"taxonomy":"product_brand","embeddable":true,"href":"https:\/\/packmarkt.com\/sq\/wp-json\/wp\/v2\/product_brand?post=27807"},{"taxonomy":"product_cat","embeddable":true,"href":"https:\/\/packmarkt.com\/sq\/wp-json\/wp\/v2\/product_cat?post=27807"},{"taxonomy":"product_tag","embeddable":true,"href":"https:\/\/packmarkt.com\/sq\/wp-json\/wp\/v2\/product_tag?post=27807"}],"curies":[{"name":"wp","href":"https:\/\/api.w.org\/{rel}","templated":true}]}}