{"id":27114,"date":"2025-08-06T00:16:54","date_gmt":"2025-08-05T21:16:54","guid":{"rendered":"https:\/\/packmarkt.com\/product\/kabinet-per-kimikate-me-2-rafte-1010x615x1200mm\/"},"modified":"2025-08-06T00:16:54","modified_gmt":"2025-08-05T21:16:54","slug":"kabinet-per-kimikate-me-2-rafte-1010x615x1200mm","status":"publish","type":"product","link":"https:\/\/packmarkt.com\/sq\/produkt\/kabinet-per-kimikate-me-2-rafte-1010x615x1200mm\/","title":{"rendered":"Kabinet p\u00ebr kimikate me 2 rafte 1010x615x1200mm"},"content":{"rendered":"<p class=\"p1\">Kabineti p\u00ebr kimikate KC7465 \u00ebsht\u00eb projektuar p\u00ebr ruajtje t\u00eb sigurt dhe t\u00eb organizuar t\u00eb substancave kimike, me theks n\u00eb q\u00ebndrueshm\u00ebrin\u00eb dhe mbrojtjen. Ka dy rafte t\u00eb bollshme, konstruksion metalik t\u00eb fort\u00eb me llamarin\u00eb me trash\u00ebsi 1,20 mm dhe boj\u00eb elektrostatike p\u00ebr q\u00ebndrueshm\u00ebri t\u00eb shtuar. I pajisur me brav\u00eb, siguron kontrollin e aksesit dhe sigurin\u00eb.  <\/p>\n<h5><b>Karakteristika &amp; P\u00ebrfitime<\/b><\/h5>\n<ul>\n<li class=\"p1\"><span class=\"s1\"><b>Ruajtje e sigurt:<\/b><\/span> Ideale p\u00ebr kimikate dhe materiale t\u00eb ndjeshme.<\/li>\n<li class=\"p1\"><span class=\"s1\"><b>Konstruksion i fort\u00eb:<\/b><\/span> Llamarin\u00eb me trash\u00ebsi 1,20 mm p\u00ebr q\u00ebndrueshm\u00ebri.<\/li>\n<li class=\"p1\"><span class=\"s1\"><b>Boj\u00eb elektrostatike (RAL 5015):<\/b><\/span> Mbrojtje nga d\u00ebmtimet dhe q\u00ebndrueshm\u00ebri afatgjat\u00eb.<\/li>\n<li class=\"p1\"><span class=\"s1\"><b>Kontrolli i aksesit:<\/b><\/span> Brav\u00eb me \u00e7el\u00ebs p\u00ebr ruajtje t\u00eb sigurt.<\/li>\n<li class=\"p1\"><span class=\"s1\"><b>Gati p\u00ebr p\u00ebrdorim:<\/b><\/span> Dor\u00ebzohet i montuar.<\/li>\n<\/ul>\n<h5><b>Specifikime Teknike<\/b><\/h5>\n<ul>\n<li class=\"p1\"><b>Kodi:<\/b><span class=\"s1\"> KC7465<\/span><\/li>\n<li class=\"p1\"><b>Dimensionet (Gj x Th x L):<\/b><span class=\"s1\"> 1010x615x1200mm<\/span><\/li>\n<li class=\"p1\"><b>Numri i rafteve:<\/b><span class=\"s1\"> 2<\/span><\/li>\n<li class=\"p1\"><b>Trash\u00ebsia e llamarin\u00ebs:<\/b><span class=\"s1\"> 1,20 mm<\/span><\/li>\n<li class=\"p1\"><span class=\"s1\"><b>Ngjyra e korniz\u00ebs:<\/b><\/span> RAL 5015 (boj\u00eb elektrostatike)<\/li>\n<li class=\"p1\"><b>Paketimi:<\/b><span class=\"s1\"> 1 cop\u00eb<\/span><\/li>\n<\/ul>\n<h5><b>P\u00ebrshtatshm\u00ebria<\/b><\/h5>\n<ul>\n<li class=\"p1\">Objekte industriale<\/li>\n<li class=\"p1\">Laborator\u00eb dhe qendra k\u00ebrkimore<\/li>\n<li class=\"p1\">Institucione publike dhe private me nevoj\u00eb p\u00ebr ruajtje t\u00eb sigurt t\u00eb kimikateve<\/li>\n<\/ul>\n<p>&nbsp;<\/p>\n","protected":false},"excerpt":{"rendered":"<p><strong>Kodi:<\/strong> KC7465<br \/>\n<strong>Gjer\u00ebsia:<\/strong> 1010mm<br \/>\n<strong>Thell\u00ebsia:<\/strong> 615mm<br \/>\n<strong>Lart\u00ebsia:<\/strong> 1200mm<br \/>\n<strong>Trash\u00ebsia e llamarin\u00ebs:<\/strong> 1,20mm<br \/>\n<strong>Ngjyra e korniz\u00ebs:<\/strong> RAL 5015 boj\u00eb elektrostatike<br \/>\n<strong>Paketimi:<\/strong> 1 cop\u00eb<br \/>\nKabinetet dor\u00ebzohen t\u00eb montuara dhe p\u00ebrfshijn\u00eb brav\u00eb me \u00e7el\u00ebs.<\/p>\n","protected":false},"featured_media":7381,"template":"","meta":[],"product_brand":[],"product_cat":[1768],"product_tag":[],"class_list":{"0":"post-27114","1":"product","2":"type-product","3":"status-publish","4":"has-post-thumbnail","6":"product_cat-kabinetet-e-produkteve-kimike","8":"first","9":"instock","10":"taxable","11":"shipping-taxable","12":"purchasable","13":"product-type-simple"},"aioseo_notices":[],"_links":{"self":[{"href":"https:\/\/packmarkt.com\/sq\/wp-json\/wp\/v2\/product\/27114","targetHints":{"allow":["GET"]}}],"collection":[{"href":"https:\/\/packmarkt.com\/sq\/wp-json\/wp\/v2\/product"}],"about":[{"href":"https:\/\/packmarkt.com\/sq\/wp-json\/wp\/v2\/types\/product"}],"wp:featuredmedia":[{"embeddable":true,"href":"https:\/\/packmarkt.com\/sq\/wp-json\/wp\/v2\/media\/7381"}],"wp:attachment":[{"href":"https:\/\/packmarkt.com\/sq\/wp-json\/wp\/v2\/media?parent=27114"}],"wp:term":[{"taxonomy":"product_brand","embeddable":true,"href":"https:\/\/packmarkt.com\/sq\/wp-json\/wp\/v2\/product_brand?post=27114"},{"taxonomy":"product_cat","embeddable":true,"href":"https:\/\/packmarkt.com\/sq\/wp-json\/wp\/v2\/product_cat?post=27114"},{"taxonomy":"product_tag","embeddable":true,"href":"https:\/\/packmarkt.com\/sq\/wp-json\/wp\/v2\/product_tag?post=27114"}],"curies":[{"name":"wp","href":"https:\/\/api.w.org\/{rel}","templated":true}]}}