{"id":26945,"date":"2025-08-06T00:08:09","date_gmt":"2025-08-05T21:08:09","guid":{"rendered":"https:\/\/packmarkt.com\/product\/raft-per-kuti-teli-60x80\/"},"modified":"2025-08-06T00:08:09","modified_gmt":"2025-08-05T21:08:09","slug":"raft-per-kuti-teli-60x80","status":"publish","type":"product","link":"https:\/\/packmarkt.com\/sq\/produkt\/raft-per-kuti-teli-60x80\/","title":{"rendered":"Raft p\u00ebr kuti teli 60&#215;80"},"content":{"rendered":"<p class=\"p1\">Rafti p\u00ebr kuti teli 60\u00d780cm \u00ebsht\u00eb nj\u00eb shtes\u00eb praktike q\u00eb rrit funksionalitetin e kutive t\u00eb magazinimit. Me nj\u00eb konstruksion t\u00eb fort\u00eb dhe dimensione precize, ai ofron leht\u00ebsi n\u00eb organizim dhe shfryt\u00ebzim m\u00eb t\u00eb mir\u00eb t\u00eb hap\u00ebsir\u00ebs s\u00eb disponueshme. <\/p>\n<h5><b>Karakteristika &amp; P\u00ebrfitime<\/b><\/h5>\n<ul>\n<li class=\"p1\">Zgjeron p\u00ebrdorshm\u00ebrin\u00eb e kutive t\u00eb telit.<\/li>\n<li class=\"p1\">P\u00ebrmir\u00ebson organizimin e produkteve.<\/li>\n<li class=\"p1\">Konstruksion i q\u00ebndruesh\u00ebm p\u00ebr p\u00ebrdorim t\u00eb shpesht\u00eb.<\/li>\n<li class=\"p1\">Montim dhe heqje e leht\u00eb.<\/li>\n<\/ul>\n<h5><b>Specifikime Teknike<\/b><\/h5>\n<ul>\n<li class=\"p1\"><span class=\"s1\"><b>Kodi:<\/b><\/span> 4050000060080<\/li>\n<li class=\"p1\"><b>Dimensionet:<\/b><span class=\"s1\"> 60\u00d780cm<\/span><\/li>\n<li class=\"p1\"><b>Paketimi:<\/b><span class=\"s1\"> 1 cop\u00eb<\/span><\/li>\n<\/ul>\n<h5><b>P\u00ebrshtatshm\u00ebria<\/b><\/h5>\n<ul>\n<li class=\"p1\">Depo dhe qendra logjistike<\/li>\n<li class=\"p1\">Dyqane me pakic\u00eb dhe shumic\u00eb<\/li>\n<li class=\"p1\">Objekte industriale<\/li>\n<\/ul>\n<p>&nbsp;<\/p>\n","protected":false},"excerpt":{"rendered":"<p><strong>Kodi:<\/strong> 4050000060080<br \/>\n<strong>Dimensionet:<\/strong> 60x80cm<br \/>\n<strong>Paketimi:<\/strong> 1 cop\u00eb<\/p>\n","protected":false},"featured_media":6525,"template":"","meta":[],"product_brand":[],"product_cat":[1746],"product_tag":[],"class_list":{"0":"post-26945","1":"product","2":"type-product","3":"status-publish","4":"has-post-thumbnail","6":"product_cat-aksesore","8":"first","9":"instock","10":"taxable","11":"shipping-taxable","12":"purchasable","13":"product-type-simple"},"aioseo_notices":[],"_links":{"self":[{"href":"https:\/\/packmarkt.com\/sq\/wp-json\/wp\/v2\/product\/26945","targetHints":{"allow":["GET"]}}],"collection":[{"href":"https:\/\/packmarkt.com\/sq\/wp-json\/wp\/v2\/product"}],"about":[{"href":"https:\/\/packmarkt.com\/sq\/wp-json\/wp\/v2\/types\/product"}],"wp:featuredmedia":[{"embeddable":true,"href":"https:\/\/packmarkt.com\/sq\/wp-json\/wp\/v2\/media\/6525"}],"wp:attachment":[{"href":"https:\/\/packmarkt.com\/sq\/wp-json\/wp\/v2\/media?parent=26945"}],"wp:term":[{"taxonomy":"product_brand","embeddable":true,"href":"https:\/\/packmarkt.com\/sq\/wp-json\/wp\/v2\/product_brand?post=26945"},{"taxonomy":"product_cat","embeddable":true,"href":"https:\/\/packmarkt.com\/sq\/wp-json\/wp\/v2\/product_cat?post=26945"},{"taxonomy":"product_tag","embeddable":true,"href":"https:\/\/packmarkt.com\/sq\/wp-json\/wp\/v2\/product_tag?post=26945"}],"curies":[{"name":"wp","href":"https:\/\/api.w.org\/{rel}","templated":true}]}}