{"id":26929,"date":"2025-08-06T00:08:08","date_gmt":"2025-08-05T21:08:08","guid":{"rendered":"https:\/\/packmarkt.com\/product\/raft-per-kuti-teli-80x120\/"},"modified":"2025-08-06T00:08:08","modified_gmt":"2025-08-05T21:08:08","slug":"raft-per-kuti-teli-80x120","status":"publish","type":"product","link":"https:\/\/packmarkt.com\/sq\/produkt\/raft-per-kuti-teli-80x120\/","title":{"rendered":"Raft p\u00ebr kuti teli 80&#215;120"},"content":{"rendered":"<p class=\"p1\">Rafti p\u00ebr kuti teli 80\u00d7120cm ofron praktikueshm\u00ebri t\u00eb shtuar dhe organizim m\u00eb t\u00eb mir\u00eb n\u00eb hap\u00ebsir\u00ebn e magazinimit. Me nj\u00eb konstruksion t\u00eb fort\u00eb dhe dimensione ideale, ai rrit funksionalitetin e kutive, duke leht\u00ebsuar menaxhimin dhe klasifikimin e produkteve. <\/p>\n<h5><b>Karakteristika &amp; P\u00ebrfitime<\/b><\/h5>\n<ul>\n<li class=\"p1\">Ofron nj\u00eb nivel shtes\u00eb magazinimi.<\/li>\n<li class=\"p1\">P\u00ebrmir\u00ebson organizimin dhe rregullimin e ngarkesave.<\/li>\n<li class=\"p1\">I q\u00ebndruesh\u00ebm dhe i besuesh\u00ebm p\u00ebr p\u00ebrdorim t\u00eb shpesht\u00eb.<\/li>\n<li class=\"p1\">P\u00ebrshtatje dhe heqje e leht\u00eb.<\/li>\n<\/ul>\n<h5><b>Specifikime Teknike<\/b><\/h5>\n<ul>\n<li class=\"p1\"><span class=\"s1\"><b>Kodi:<\/b><\/span> 4060000080120<\/li>\n<li class=\"p1\"><b>Dimensionet:<\/b><span class=\"s1\"> 80\u00d7120cm<\/span><\/li>\n<li class=\"p1\"><b>Paketimi:<\/b><span class=\"s1\"> 1 cop\u00eb<\/span><\/li>\n<\/ul>\n<h5><b>P\u00ebrshtatshm\u00ebria<\/b><\/h5>\n<ul>\n<li class=\"p1\">Qendra logjistike dhe magazina<\/li>\n<li class=\"p1\">Supermarkete dhe hap\u00ebsira tregtare<\/li>\n<li class=\"p1\">Objekte industriale<\/li>\n<\/ul>\n<p>&nbsp;<\/p>\n","protected":false},"excerpt":{"rendered":"<p><strong>Kodi:<\/strong> 4060000080120<br \/>\n<strong>Dimensionet:<\/strong> 80x120cm<br \/>\n<strong>Paketimi:<\/strong> 1 cop\u00eb<\/p>\n","protected":false},"featured_media":6523,"template":"","meta":[],"product_brand":[],"product_cat":[1746],"product_tag":[],"class_list":{"0":"post-26929","1":"product","2":"type-product","3":"status-publish","4":"has-post-thumbnail","6":"product_cat-aksesore","8":"first","9":"instock","10":"taxable","11":"shipping-taxable","12":"purchasable","13":"product-type-simple"},"aioseo_notices":[],"_links":{"self":[{"href":"https:\/\/packmarkt.com\/sq\/wp-json\/wp\/v2\/product\/26929","targetHints":{"allow":["GET"]}}],"collection":[{"href":"https:\/\/packmarkt.com\/sq\/wp-json\/wp\/v2\/product"}],"about":[{"href":"https:\/\/packmarkt.com\/sq\/wp-json\/wp\/v2\/types\/product"}],"wp:featuredmedia":[{"embeddable":true,"href":"https:\/\/packmarkt.com\/sq\/wp-json\/wp\/v2\/media\/6523"}],"wp:attachment":[{"href":"https:\/\/packmarkt.com\/sq\/wp-json\/wp\/v2\/media?parent=26929"}],"wp:term":[{"taxonomy":"product_brand","embeddable":true,"href":"https:\/\/packmarkt.com\/sq\/wp-json\/wp\/v2\/product_brand?post=26929"},{"taxonomy":"product_cat","embeddable":true,"href":"https:\/\/packmarkt.com\/sq\/wp-json\/wp\/v2\/product_cat?post=26929"},{"taxonomy":"product_tag","embeddable":true,"href":"https:\/\/packmarkt.com\/sq\/wp-json\/wp\/v2\/product_tag?post=26929"}],"curies":[{"name":"wp","href":"https:\/\/api.w.org\/{rel}","templated":true}]}}