{"id":26921,"date":"2025-08-06T00:08:08","date_gmt":"2025-08-05T21:08:08","guid":{"rendered":"https:\/\/packmarkt.com\/product\/transportues-kutie-80x120\/"},"modified":"2025-08-06T00:08:08","modified_gmt":"2025-08-05T21:08:08","slug":"transportues-kutie-80x120","status":"publish","type":"product","link":"https:\/\/packmarkt.com\/sq\/produkt\/transportues-kutie-80x120\/","title":{"rendered":"Transportues Kutie 80&#215;120"},"content":{"rendered":"<p class=\"p1\">Transportuesi i kutis\u00eb 80\u00d7120 \u00ebsht\u00eb projektuar p\u00ebr transportin e shpejt\u00eb dhe t\u00eb sigurt t\u00eb kutive dhe ngarkesave t\u00eb m\u00ebdha. Konstruksioni i tij i fort\u00eb dhe dimensionet ergonomike ofrojn\u00eb stabilitet, q\u00ebndrueshm\u00ebri dhe leht\u00ebsi n\u00eb p\u00ebrdorim n\u00eb mjedise k\u00ebrkuese t\u00eb magazinimit dhe trajtimit t\u00eb produkteve. <\/p>\n<h5><b>Karakteristika &amp; P\u00ebrfitime<\/b><\/h5>\n<ul>\n<li class=\"p1\">Ideal p\u00ebr transportin e kutive me dimensione 80\u00d7120 cm.<\/li>\n<li class=\"p1\">Dizajn i q\u00ebndruesh\u00ebm i p\u00ebrshtatsh\u00ebm p\u00ebr p\u00ebrdorim t\u00eb r\u00ebnd\u00eb dhe t\u00eb shpesht\u00eb.<\/li>\n<li class=\"p1\">Leht\u00ebson trajtimin e shpejt\u00eb dhe ergonomik t\u00eb ngarkesave.<\/li>\n<li class=\"p1\">Redukton lodhjen e personelit dhe rrit efikasitetin.<\/li>\n<\/ul>\n<h5><b>Specifikime Teknike<\/b><\/h5>\n<ul>\n<li class=\"p1\"><span class=\"s1\"><b>Kodi:<\/b><\/span> 4030015080120<\/li>\n<li class=\"p1\"><span class=\"s1\"><b>Dimensionet:<\/b><\/span> 15\u00d780\u00d7120 cm<\/li>\n<li class=\"p1\"><b>Paketimi:<\/b><span class=\"s1\"> 1 cop\u00eb<\/span><\/li>\n<\/ul>\n<h5><b>P\u00ebrshtatshm\u00ebria<\/b><\/h5>\n<ul>\n<li class=\"p1\">Qendra logjistike dhe magazina<\/li>\n<li class=\"p1\">Ambiente industriale<\/li>\n<li class=\"p1\">Supermarkete dhe dyqane me pakic\u00eb<\/li>\n<\/ul>\n<p>&nbsp;<\/p>\n","protected":false},"excerpt":{"rendered":"<p><strong>Kodi:<\/strong> 4030015080120<br \/>\n<strong>Dimensionet:<\/strong> 15x80x120 cm<br \/>\n<strong>Paketimi:<\/strong> 1 cop\u00eb<\/p>\n","protected":false},"featured_media":6521,"template":"","meta":[],"product_brand":[],"product_cat":[1746],"product_tag":[],"class_list":{"0":"post-26921","1":"product","2":"type-product","3":"status-publish","4":"has-post-thumbnail","6":"product_cat-aksesore","8":"first","9":"instock","10":"taxable","11":"shipping-taxable","12":"purchasable","13":"product-type-simple"},"aioseo_notices":[],"_links":{"self":[{"href":"https:\/\/packmarkt.com\/sq\/wp-json\/wp\/v2\/product\/26921","targetHints":{"allow":["GET"]}}],"collection":[{"href":"https:\/\/packmarkt.com\/sq\/wp-json\/wp\/v2\/product"}],"about":[{"href":"https:\/\/packmarkt.com\/sq\/wp-json\/wp\/v2\/types\/product"}],"wp:featuredmedia":[{"embeddable":true,"href":"https:\/\/packmarkt.com\/sq\/wp-json\/wp\/v2\/media\/6521"}],"wp:attachment":[{"href":"https:\/\/packmarkt.com\/sq\/wp-json\/wp\/v2\/media?parent=26921"}],"wp:term":[{"taxonomy":"product_brand","embeddable":true,"href":"https:\/\/packmarkt.com\/sq\/wp-json\/wp\/v2\/product_brand?post=26921"},{"taxonomy":"product_cat","embeddable":true,"href":"https:\/\/packmarkt.com\/sq\/wp-json\/wp\/v2\/product_cat?post=26921"},{"taxonomy":"product_tag","embeddable":true,"href":"https:\/\/packmarkt.com\/sq\/wp-json\/wp\/v2\/product_tag?post=26921"}],"curies":[{"name":"wp","href":"https:\/\/api.w.org\/{rel}","templated":true}]}}