{"id":26917,"date":"2025-08-06T00:08:07","date_gmt":"2025-08-05T21:08:07","guid":{"rendered":"https:\/\/packmarkt.com\/product\/kafaz-metalik-85x80x120\/"},"modified":"2025-08-06T00:08:07","modified_gmt":"2025-08-05T21:08:07","slug":"kafaz-metalik-85x80x120","status":"publish","type":"product","link":"https:\/\/packmarkt.com\/sq\/produkt\/kafaz-metalik-85x80x120\/","title":{"rendered":"Kafaz metalik 85x80x120"},"content":{"rendered":"<p class=\"p1\">Kafazi metalik 85x80x120cm \u00ebsht\u00eb nj\u00eb zgjidhje e q\u00ebndrueshme dhe praktike p\u00ebr ruajtjen dhe transportin e produkteve. Me konstruksion t\u00eb fort\u00eb metalik dhe dimensione m\u00eb t\u00eb m\u00ebdha, ai ofron kapacitet t\u00eb shtuar dhe leht\u00ebsi n\u00eb p\u00ebrdorim, duke e b\u00ebr\u00eb at\u00eb ideal p\u00ebr mjedise profesionale k\u00ebrkuese. <\/p>\n<h5><b>Karakteristika &amp; P\u00ebrfitime<\/b><\/h5>\n<ul>\n<li class=\"p1\"><span class=\"s1\"><b>Struktur\u00eb metalike e q\u00ebndrueshme:<\/b><\/span> Siguron jet\u00ebgjat\u00ebsi t\u00eb madhe.<\/li>\n<li class=\"p1\"><span class=\"s1\"><b>Kapacitet m\u00eb i madh:<\/b><\/span> I p\u00ebrshtatsh\u00ebm p\u00ebr ruajtjen e produkteve voluminoze ose t\u00eb r\u00ebnda.<\/li>\n<li class=\"p1\"><span class=\"s1\"><b>Stabilitet dhe siguri:<\/b><\/span> Ofron nj\u00eb zgjidhje t\u00eb besueshme p\u00ebr transport dhe magazinim.<\/li>\n<li class=\"p1\"><span class=\"s1\"><b>P\u00ebrdorim fleksib\u00ebl:<\/b><\/span> Ideal p\u00ebr magazina, qendra logjistike dhe hap\u00ebsira tregtare.<\/li>\n<li class=\"p1\"><span class=\"s1\"><b>Menaxhim i leht\u00eb:<\/b><\/span> Projektuar p\u00ebr p\u00ebrdorim praktik dhe t\u00eb p\u00ebrditsh\u00ebm.<\/li>\n<\/ul>\n<h5><b>Specifikime Teknike<\/b><\/h5>\n<ul>\n<li class=\"p1\"><b>Dimensionet (Lart\u00ebsi x Gjer\u00ebsi x Gjat\u00ebsi):<\/b><span class=\"s1\"> 85x80x120cm<\/span><\/li>\n<li class=\"p1\"><b>Paketimi:<\/b><span class=\"s1\"> 1 cop\u00eb<\/span><\/li>\n<\/ul>\n<h5><b>Aplikimet<\/b><\/h5>\n<ul>\n<li class=\"p1\">Instalime industriale dhe magazinimi<\/li>\n<li class=\"p1\">Qendra logjistike<\/li>\n<li class=\"p1\">Supermarkete dhe dyqane me pakic\u00eb<\/li>\n<\/ul>\n<p>&nbsp;<\/p>\n","protected":false},"excerpt":{"rendered":"<p>Kodi: 4010085080120<br \/>\nDimensionet: 85X80X120 cm<br \/>\nPaketimi: 1 Cop\u00eb.<\/p>\n","protected":false},"featured_media":6519,"template":"","meta":[],"product_brand":[],"product_cat":[1742],"product_tag":[],"class_list":{"0":"post-26917","1":"product","2":"type-product","3":"status-publish","4":"has-post-thumbnail","6":"product_cat-karroca-metalike-per-mallra","8":"first","9":"instock","10":"taxable","11":"shipping-taxable","12":"purchasable","13":"product-type-simple"},"aioseo_notices":[],"_links":{"self":[{"href":"https:\/\/packmarkt.com\/sq\/wp-json\/wp\/v2\/product\/26917","targetHints":{"allow":["GET"]}}],"collection":[{"href":"https:\/\/packmarkt.com\/sq\/wp-json\/wp\/v2\/product"}],"about":[{"href":"https:\/\/packmarkt.com\/sq\/wp-json\/wp\/v2\/types\/product"}],"wp:featuredmedia":[{"embeddable":true,"href":"https:\/\/packmarkt.com\/sq\/wp-json\/wp\/v2\/media\/6519"}],"wp:attachment":[{"href":"https:\/\/packmarkt.com\/sq\/wp-json\/wp\/v2\/media?parent=26917"}],"wp:term":[{"taxonomy":"product_brand","embeddable":true,"href":"https:\/\/packmarkt.com\/sq\/wp-json\/wp\/v2\/product_brand?post=26917"},{"taxonomy":"product_cat","embeddable":true,"href":"https:\/\/packmarkt.com\/sq\/wp-json\/wp\/v2\/product_cat?post=26917"},{"taxonomy":"product_tag","embeddable":true,"href":"https:\/\/packmarkt.com\/sq\/wp-json\/wp\/v2\/product_tag?post=26917"}],"curies":[{"name":"wp","href":"https:\/\/api.w.org\/{rel}","templated":true}]}}