{"id":26906,"date":"2025-08-06T00:08:06","date_gmt":"2025-08-05T21:08:06","guid":{"rendered":"https:\/\/packmarkt.com\/product\/kafaz-me-rrota-i-palosshem-70x80x170\/"},"modified":"2025-08-06T00:08:06","modified_gmt":"2025-08-05T21:08:06","slug":"kafaz-me-rrota-i-palosshem-70x80x170","status":"publish","type":"product","link":"https:\/\/packmarkt.com\/sq\/produkt\/kafaz-me-rrota-i-palosshem-70x80x170\/","title":{"rendered":"Kafaz me rrota i palossh\u00ebm 70x80x170"},"content":{"rendered":"<p class=\"p1\">Kafazi me rrota i palossh\u00ebm 70x80x170cm p\u00ebrb\u00ebn nj\u00eb zgjidhje fleksib\u00ebl dhe t\u00eb q\u00ebndrueshme p\u00ebr transportin dhe ruajtjen e produkteve. Fal\u00eb dizajnit t\u00eb tij t\u00eb palossh\u00ebm, kursen hap\u00ebsir\u00eb kur nuk p\u00ebrdoret, nd\u00ebrsa konstruksioni i fort\u00eb dhe rrotat e tij e b\u00ebjn\u00eb at\u00eb ideal p\u00ebr p\u00ebrdorim intensiv profesional. <\/p>\n<h5><b>Karakteristika &amp; P\u00ebrfitime<\/b><\/h5>\n<ul>\n<li class=\"p1\"><span class=\"s1\"><b>Dizajn i palossh\u00ebm:<\/b><\/span> Kursen hap\u00ebsir\u00eb n\u00eb magazinim.<\/li>\n<li class=\"p1\"><span class=\"s1\"><b>Konstruksion me rrota:<\/b><\/span> Transport i leht\u00eb dhe i sigurt i produkteve.<\/li>\n<li class=\"p1\"><span class=\"s1\"><b>Q\u00ebndrueshm\u00ebri e lart\u00eb:<\/b><\/span> Struktur\u00eb e fort\u00eb p\u00ebr p\u00ebrdorim profesional.<\/li>\n<li class=\"p1\"><span class=\"s1\"><b>Ergonomi:<\/b><\/span> Leht\u00ebson l\u00ebvizjen e p\u00ebrditshme n\u00eb magazina dhe dyqane.<\/li>\n<li class=\"p1\"><span class=\"s1\"><b>Shum\u00ebfunksionalitet:<\/b><\/span> I p\u00ebrshtatsh\u00ebm p\u00ebr nj\u00eb shum\u00ebllojshm\u00ebri aplikimesh.<\/li>\n<\/ul>\n<h5><b>Specifikime Teknike<\/b><\/h5>\n<ul>\n<li class=\"p1\"><b>P\u00ebrmasat (Lart\u00ebsi x Gjer\u00ebsi x Thell\u00ebsi):<\/b><span class=\"s1\"> 70x80x170cm<\/span><\/li>\n<li class=\"p1\"><b>Paketimi:<\/b><span class=\"s1\"> 1 cop\u00eb<\/span><\/li>\n<\/ul>\n<h5><b>Aplikimet<\/b><\/h5>\n<ul>\n<li class=\"p1\">Depo dhe qendra logjistike<\/li>\n<li class=\"p1\">Supermarkete dhe dyqane me pakic\u00eb<\/li>\n<li class=\"p1\">Hotele dhe nj\u00ebsi ushqimore<\/li>\n<li class=\"p1\">Spitale dhe qendra kujdesi<\/li>\n<\/ul>\n<p>&nbsp;<\/p>\n","protected":false},"excerpt":{"rendered":"<p>Kodi: 5050170070080<br \/>\nP\u00ebrmasat: 70X80X170 cm<br \/>\nPaketimi: 1 Cop\u00eb.<\/p>\n","protected":false},"featured_media":6517,"template":"","meta":[],"product_brand":[],"product_cat":[1742],"product_tag":[],"class_list":{"0":"post-26906","1":"product","2":"type-product","3":"status-publish","4":"has-post-thumbnail","6":"product_cat-karroca-metalike-per-mallra","8":"first","9":"instock","10":"taxable","11":"shipping-taxable","12":"purchasable","13":"product-type-simple"},"aioseo_notices":[],"_links":{"self":[{"href":"https:\/\/packmarkt.com\/sq\/wp-json\/wp\/v2\/product\/26906","targetHints":{"allow":["GET"]}}],"collection":[{"href":"https:\/\/packmarkt.com\/sq\/wp-json\/wp\/v2\/product"}],"about":[{"href":"https:\/\/packmarkt.com\/sq\/wp-json\/wp\/v2\/types\/product"}],"wp:featuredmedia":[{"embeddable":true,"href":"https:\/\/packmarkt.com\/sq\/wp-json\/wp\/v2\/media\/6517"}],"wp:attachment":[{"href":"https:\/\/packmarkt.com\/sq\/wp-json\/wp\/v2\/media?parent=26906"}],"wp:term":[{"taxonomy":"product_brand","embeddable":true,"href":"https:\/\/packmarkt.com\/sq\/wp-json\/wp\/v2\/product_brand?post=26906"},{"taxonomy":"product_cat","embeddable":true,"href":"https:\/\/packmarkt.com\/sq\/wp-json\/wp\/v2\/product_cat?post=26906"},{"taxonomy":"product_tag","embeddable":true,"href":"https:\/\/packmarkt.com\/sq\/wp-json\/wp\/v2\/product_tag?post=26906"}],"curies":[{"name":"wp","href":"https:\/\/api.w.org\/{rel}","templated":true}]}}