{"id":26889,"date":"2025-08-06T00:08:05","date_gmt":"2025-08-05T21:08:05","guid":{"rendered":"https:\/\/packmarkt.com\/product\/kafaz-metalik-me-rrjete-me-rrota-4-anesh-70x80x170\/"},"modified":"2025-08-06T00:08:05","modified_gmt":"2025-08-05T21:08:05","slug":"kafaz-metalik-me-rrjete-me-rrota-4-anesh-70x80x170","status":"publish","type":"product","link":"https:\/\/packmarkt.com\/sq\/produkt\/kafaz-metalik-me-rrjete-me-rrota-4-anesh-70x80x170\/","title":{"rendered":"Kafaz metalik me rrjet\u00eb me rrota 4 an\u00ebsh 70x80x170"},"content":{"rendered":"<p class=\"p1\">Kafazi metalik me rrjet\u00eb me rrota 4 an\u00ebsh 70x80x170 cm ofron mbrojtje dhe siguri t\u00eb plot\u00eb gjat\u00eb transportit dhe ruajtjes s\u00eb produkteve. Dizajni me kat\u00ebr an\u00eb siguron q\u00eb ngarkesa t\u00eb mbetet e q\u00ebndrueshme, nd\u00ebrsa rrotat leht\u00ebsojn\u00eb l\u00ebvizjen e shpejt\u00eb dhe fleksib\u00ebl. <\/p>\n<h5><b>Karakteristika &amp; P\u00ebrfitime<\/b><\/h5>\n<ul>\n<li class=\"p1\"><span class=\"s1\"><b>Kat\u00ebr an\u00eb:<\/b><\/span> Mbrojtje dhe siguri e plot\u00eb e ngarkes\u00ebs.<\/li>\n<li class=\"p1\"><span class=\"s1\"><b>Konstruksion i q\u00ebndruesh\u00ebm:<\/b><\/span> Ideal p\u00ebr p\u00ebrdorim t\u00eb r\u00ebnd\u00eb dhe t\u00eb shpesht\u00eb.<\/li>\n<li class=\"p1\"><span class=\"s1\"><b>Transport fleksib\u00ebl:<\/b><\/span> I pajisur me rrota p\u00ebr l\u00ebvizje t\u00eb leht\u00eb.<\/li>\n<li class=\"p1\"><span class=\"s1\"><b>Stabilitet:<\/b><\/span> Siguron integritetin e produkteve gjat\u00eb transportit.<\/li>\n<li class=\"p1\"><span class=\"s1\"><b>Shum\u00ebfunksionalitet:<\/b><\/span> I p\u00ebrshtatsh\u00ebm p\u00ebr t\u00eb gjitha llojet e hap\u00ebsirave magazinuese dhe tregtare.<\/li>\n<\/ul>\n<h5><b>Specifikime Teknike<\/b><\/h5>\n<ul>\n<li class=\"p1\"><b>P\u00ebrmasat (Lart\u00ebsi x Gjer\u00ebsi x Thell\u00ebsi):<\/b><span class=\"s1\"> 70x80x170 cm<\/span><\/li>\n<li class=\"p1\"><b>Paketimi:<\/b><span class=\"s1\"> 1 cop\u00eb<\/span><\/li>\n<\/ul>\n<h5><b>Aplikimet<\/b><\/h5>\n<ul>\n<li class=\"p1\">Logjistika dhe magazinat<\/li>\n<li class=\"p1\">Supermarkete dhe dyqane tregtare<\/li>\n<li class=\"p1\">Hotele dhe hap\u00ebsira profesionale me nevoja p\u00ebr transport produktesh<\/li>\n<\/ul>\n<p>&nbsp;<\/p>\n","protected":false},"excerpt":{"rendered":"<p>Kodi: 5030170070080<br \/>\nP\u00ebrmasat: 70X80X170 cm<br \/>\nPaketimi: 1 Cop\u00eb.<\/p>\n","protected":false},"featured_media":6513,"template":"","meta":[],"product_brand":[],"product_cat":[1742],"product_tag":[],"class_list":{"0":"post-26889","1":"product","2":"type-product","3":"status-publish","4":"has-post-thumbnail","6":"product_cat-karroca-metalike-per-mallra","8":"first","9":"instock","10":"taxable","11":"shipping-taxable","12":"purchasable","13":"product-type-simple"},"aioseo_notices":[],"_links":{"self":[{"href":"https:\/\/packmarkt.com\/sq\/wp-json\/wp\/v2\/product\/26889","targetHints":{"allow":["GET"]}}],"collection":[{"href":"https:\/\/packmarkt.com\/sq\/wp-json\/wp\/v2\/product"}],"about":[{"href":"https:\/\/packmarkt.com\/sq\/wp-json\/wp\/v2\/types\/product"}],"wp:featuredmedia":[{"embeddable":true,"href":"https:\/\/packmarkt.com\/sq\/wp-json\/wp\/v2\/media\/6513"}],"wp:attachment":[{"href":"https:\/\/packmarkt.com\/sq\/wp-json\/wp\/v2\/media?parent=26889"}],"wp:term":[{"taxonomy":"product_brand","embeddable":true,"href":"https:\/\/packmarkt.com\/sq\/wp-json\/wp\/v2\/product_brand?post=26889"},{"taxonomy":"product_cat","embeddable":true,"href":"https:\/\/packmarkt.com\/sq\/wp-json\/wp\/v2\/product_cat?post=26889"},{"taxonomy":"product_tag","embeddable":true,"href":"https:\/\/packmarkt.com\/sq\/wp-json\/wp\/v2\/product_tag?post=26889"}],"curies":[{"name":"wp","href":"https:\/\/api.w.org\/{rel}","templated":true}]}}