{"id":26848,"date":"2025-08-06T00:08:01","date_gmt":"2025-08-05T21:08:01","guid":{"rendered":"https:\/\/packmarkt.com\/product\/karroce-supermarketi-orchid-130lt\/"},"modified":"2025-08-06T00:08:01","modified_gmt":"2025-08-05T21:08:01","slug":"karroce-supermarketi-orchid-130lt","status":"publish","type":"product","link":"https:\/\/packmarkt.com\/sq\/produkt\/karroce-supermarketi-orchid-130lt\/","title":{"rendered":"Karroc\u00eb Supermarketi Orchid 130lt"},"content":{"rendered":"<p>Karroca e Supermarketit Orchidea 130L ofron kapacitet t\u00eb shtuar dhe komoditet, duke plot\u00ebsuar nevojat e dyqaneve me v\u00ebllime t\u00eb m\u00ebdha blerjesh. Me konstruksion t\u00eb q\u00ebndruesh\u00ebm dhe dizajn ergonomik, ajo p\u00ebrb\u00ebn nj\u00eb zgjidhje t\u00eb besueshme p\u00ebr supermarketet q\u00eb d\u00ebshirojn\u00eb t\u00eb p\u00ebrmir\u00ebsojn\u00eb p\u00ebrvoj\u00ebn e blerjeve t\u00eb klient\u00ebve t\u00eb tyre. <\/p>\n<h5><b>Karakteristika &amp; P\u00ebrfitime<\/b><\/h5>\n<ul>\n<li class=\"p1\"><span class=\"s1\"><b>Kapacitet 130L:<\/b><\/span> Ideale p\u00ebr blerje t\u00eb m\u00ebdha dhe familje.<\/li>\n<li class=\"p1\"><span class=\"s1\"><b>Dizajn ergonomik:<\/b><\/span> E rehatshme n\u00eb p\u00ebrdorim dhe e leht\u00eb p\u00ebr t&#8217;u manovruar.<\/li>\n<li class=\"p1\"><span class=\"s1\"><b>Konstruksion i q\u00ebndruesh\u00ebm:<\/b><\/span> Projektuar p\u00ebr p\u00ebrdorim intensiv t\u00eb p\u00ebrditsh\u00ebm.<\/li>\n<li class=\"p1\"><span class=\"s1\"><b>Sistem i gjer\u00eb:<\/b><\/span> Leht\u00ebson organizimin dhe vendosjen e produkteve.<\/li>\n<li class=\"p1\"><span class=\"s1\"><b>Stabilitet dhe siguri:<\/b><\/span> Plot\u00ebson k\u00ebrkesat e dyqaneve me l\u00ebvizje t\u00eb lart\u00eb.<\/li>\n<\/ul>\n<h5><b>Specifikime Teknike<\/b><\/h5>\n<ul>\n<li class=\"p1\"><b>D<strong>imensionet:<\/strong> H*W*L 102x89x56 cm<\/b><\/li>\n<li class=\"p1\"><b>Kapaciteti:<\/b><span class=\"s1\"> 130L<\/span><\/li>\n<li class=\"p1\"><b>P<strong>aketimi:<\/strong> 1 cop\u00eb<\/b><\/li>\n<\/ul>\n<h5><b>Aplikimet<\/b><\/h5>\n<ul>\n<li class=\"p1\">Supermarkete<\/li>\n<li class=\"p1\">Dyqane ushqimore dhe convenience stores<\/li>\n<li class=\"p1\">Zinxhir\u00eb t\u00eb m\u00ebdhenj shitjesh me pakic\u00eb<\/li>\n<\/ul>\n","protected":false},"excerpt":{"rendered":"<p><strong>Kodi:<\/strong> 22012200000001300001<br \/>\n<strong>Dimensionet:<\/strong> H*W*L 102x89x56 cm<br \/>\n<strong>Paketimi:<\/strong> 1 cop\u00eb<\/p>\n","protected":false},"featured_media":6499,"template":"","meta":[],"product_brand":[],"product_cat":[1738],"product_tag":[],"class_list":{"0":"post-26848","1":"product","2":"type-product","3":"status-publish","4":"has-post-thumbnail","6":"product_cat-karroca-metalike-supermarketi","8":"first","9":"instock","10":"taxable","11":"shipping-taxable","12":"purchasable","13":"product-type-simple"},"aioseo_notices":[],"_links":{"self":[{"href":"https:\/\/packmarkt.com\/sq\/wp-json\/wp\/v2\/product\/26848","targetHints":{"allow":["GET"]}}],"collection":[{"href":"https:\/\/packmarkt.com\/sq\/wp-json\/wp\/v2\/product"}],"about":[{"href":"https:\/\/packmarkt.com\/sq\/wp-json\/wp\/v2\/types\/product"}],"wp:featuredmedia":[{"embeddable":true,"href":"https:\/\/packmarkt.com\/sq\/wp-json\/wp\/v2\/media\/6499"}],"wp:attachment":[{"href":"https:\/\/packmarkt.com\/sq\/wp-json\/wp\/v2\/media?parent=26848"}],"wp:term":[{"taxonomy":"product_brand","embeddable":true,"href":"https:\/\/packmarkt.com\/sq\/wp-json\/wp\/v2\/product_brand?post=26848"},{"taxonomy":"product_cat","embeddable":true,"href":"https:\/\/packmarkt.com\/sq\/wp-json\/wp\/v2\/product_cat?post=26848"},{"taxonomy":"product_tag","embeddable":true,"href":"https:\/\/packmarkt.com\/sq\/wp-json\/wp\/v2\/product_tag?post=26848"}],"curies":[{"name":"wp","href":"https:\/\/api.w.org\/{rel}","templated":true}]}}