{"id":26746,"date":"2025-08-06T00:07:47","date_gmt":"2025-08-05T21:07:47","guid":{"rendered":"https:\/\/packmarkt.com\/product\/pompe-transferimi-me-flluske-kanule-automatike\/"},"modified":"2025-08-06T00:07:47","modified_gmt":"2025-08-05T21:07:47","slug":"pompe-transferimi-me-flluske-kanule-automatike","status":"publish","type":"product","link":"https:\/\/packmarkt.com\/sq\/produkt\/pompe-transferimi-me-flluske-kanule-automatike\/","title":{"rendered":"POMP\u00cb TRANSFERIMI ME FLLUSK\u00cb &amp; KANUL\u00cb &#8220;AUTOMATIKE&#8221;"},"content":{"rendered":"<p>Kodi: 16654<\/p>\n","protected":false},"excerpt":{"rendered":"<p>Kodi: 16654<\/p>\n","protected":false},"featured_media":6455,"template":"","meta":[],"product_brand":[],"product_cat":[1731],"product_tag":[],"class_list":{"0":"post-26746","1":"product","2":"type-product","3":"status-publish","4":"has-post-thumbnail","6":"product_cat-per-mbushje","8":"first","9":"instock","10":"taxable","11":"shipping-taxable","12":"purchasable","13":"product-type-simple"},"aioseo_notices":[],"_links":{"self":[{"href":"https:\/\/packmarkt.com\/sq\/wp-json\/wp\/v2\/product\/26746","targetHints":{"allow":["GET"]}}],"collection":[{"href":"https:\/\/packmarkt.com\/sq\/wp-json\/wp\/v2\/product"}],"about":[{"href":"https:\/\/packmarkt.com\/sq\/wp-json\/wp\/v2\/types\/product"}],"wp:featuredmedia":[{"embeddable":true,"href":"https:\/\/packmarkt.com\/sq\/wp-json\/wp\/v2\/media\/6455"}],"wp:attachment":[{"href":"https:\/\/packmarkt.com\/sq\/wp-json\/wp\/v2\/media?parent=26746"}],"wp:term":[{"taxonomy":"product_brand","embeddable":true,"href":"https:\/\/packmarkt.com\/sq\/wp-json\/wp\/v2\/product_brand?post=26746"},{"taxonomy":"product_cat","embeddable":true,"href":"https:\/\/packmarkt.com\/sq\/wp-json\/wp\/v2\/product_cat?post=26746"},{"taxonomy":"product_tag","embeddable":true,"href":"https:\/\/packmarkt.com\/sq\/wp-json\/wp\/v2\/product_tag?post=26746"}],"curies":[{"name":"wp","href":"https:\/\/api.w.org\/{rel}","templated":true}]}}