{"id":26740,"date":"2025-08-06T00:07:46","date_gmt":"2025-08-05T21:07:46","guid":{"rendered":"https:\/\/packmarkt.com\/product\/pompe-transferimi-me-flluske-gryke-flutur\/"},"modified":"2025-08-06T00:07:46","modified_gmt":"2025-08-05T21:07:46","slug":"pompe-transferimi-me-flluske-gryke-flutur","status":"publish","type":"product","link":"https:\/\/packmarkt.com\/sq\/produkt\/pompe-transferimi-me-flluske-gryke-flutur\/","title":{"rendered":"POMP\u00cb TRANSFERIMI ME FLLUSK\u00cb &amp; GRYK\u00cb &#8220;FLUTUR&#8221;"},"content":{"rendered":"<p>Kodi: 16300<\/p>\n","protected":false},"excerpt":{"rendered":"<p>Kodi: 16300<\/p>\n","protected":false},"featured_media":6451,"template":"","meta":[],"product_brand":[],"product_cat":[1731],"product_tag":[],"class_list":{"0":"post-26740","1":"product","2":"type-product","3":"status-publish","4":"has-post-thumbnail","6":"product_cat-per-mbushje","8":"first","9":"instock","10":"taxable","11":"shipping-taxable","12":"purchasable","13":"product-type-simple"},"aioseo_notices":[],"_links":{"self":[{"href":"https:\/\/packmarkt.com\/sq\/wp-json\/wp\/v2\/product\/26740","targetHints":{"allow":["GET"]}}],"collection":[{"href":"https:\/\/packmarkt.com\/sq\/wp-json\/wp\/v2\/product"}],"about":[{"href":"https:\/\/packmarkt.com\/sq\/wp-json\/wp\/v2\/types\/product"}],"wp:featuredmedia":[{"embeddable":true,"href":"https:\/\/packmarkt.com\/sq\/wp-json\/wp\/v2\/media\/6451"}],"wp:attachment":[{"href":"https:\/\/packmarkt.com\/sq\/wp-json\/wp\/v2\/media?parent=26740"}],"wp:term":[{"taxonomy":"product_brand","embeddable":true,"href":"https:\/\/packmarkt.com\/sq\/wp-json\/wp\/v2\/product_brand?post=26740"},{"taxonomy":"product_cat","embeddable":true,"href":"https:\/\/packmarkt.com\/sq\/wp-json\/wp\/v2\/product_cat?post=26740"},{"taxonomy":"product_tag","embeddable":true,"href":"https:\/\/packmarkt.com\/sq\/wp-json\/wp\/v2\/product_tag?post=26740"}],"curies":[{"name":"wp","href":"https:\/\/api.w.org\/{rel}","templated":true}]}}