{"id":26734,"date":"2025-08-06T00:07:49","date_gmt":"2025-08-05T21:07:49","guid":{"rendered":"https:\/\/packmarkt.com\/product\/tapose-mini-dore-super-simplex-per-tapa-natyrale-o-24-mm\/"},"modified":"2025-08-06T00:07:49","modified_gmt":"2025-08-05T21:07:49","slug":"tapose-mini-dore-super-simplex-per-tapa-natyrale-o-24-mm","status":"publish","type":"product","link":"https:\/\/packmarkt.com\/sq\/produkt\/tapose-mini-dore-super-simplex-per-tapa-natyrale-o-24-mm\/","title":{"rendered":"TAPOS\u00cb MINI DORE &#8220;SUPER SIMPLEX&#8221; P\u00cbR TAPA NATYRALE \u00f8 24 mm"},"content":{"rendered":"<p>Kodi : 17010<\/p>\n","protected":false},"excerpt":{"rendered":"<p>Kodi : 17010<\/p>\n","protected":false},"featured_media":6463,"template":"","meta":[],"product_brand":[],"product_cat":[1731],"product_tag":[],"class_list":{"0":"post-26734","1":"product","2":"type-product","3":"status-publish","4":"has-post-thumbnail","6":"product_cat-per-mbushje","8":"first","9":"instock","10":"taxable","11":"shipping-taxable","12":"purchasable","13":"product-type-simple"},"aioseo_notices":[],"_links":{"self":[{"href":"https:\/\/packmarkt.com\/sq\/wp-json\/wp\/v2\/product\/26734","targetHints":{"allow":["GET"]}}],"collection":[{"href":"https:\/\/packmarkt.com\/sq\/wp-json\/wp\/v2\/product"}],"about":[{"href":"https:\/\/packmarkt.com\/sq\/wp-json\/wp\/v2\/types\/product"}],"wp:featuredmedia":[{"embeddable":true,"href":"https:\/\/packmarkt.com\/sq\/wp-json\/wp\/v2\/media\/6463"}],"wp:attachment":[{"href":"https:\/\/packmarkt.com\/sq\/wp-json\/wp\/v2\/media?parent=26734"}],"wp:term":[{"taxonomy":"product_brand","embeddable":true,"href":"https:\/\/packmarkt.com\/sq\/wp-json\/wp\/v2\/product_brand?post=26734"},{"taxonomy":"product_cat","embeddable":true,"href":"https:\/\/packmarkt.com\/sq\/wp-json\/wp\/v2\/product_cat?post=26734"},{"taxonomy":"product_tag","embeddable":true,"href":"https:\/\/packmarkt.com\/sq\/wp-json\/wp\/v2\/product_tag?post=26734"}],"curies":[{"name":"wp","href":"https:\/\/api.w.org\/{rel}","templated":true}]}}