{"id":26708,"date":"2025-08-06T00:07:45","date_gmt":"2025-08-05T21:07:45","guid":{"rendered":"https:\/\/packmarkt.com\/product\/furce-rrotulluese-per-larjen-e-damixhanave\/"},"modified":"2025-08-06T00:07:45","modified_gmt":"2025-08-05T21:07:45","slug":"furce-rrotulluese-per-larjen-e-damixhanave","status":"publish","type":"product","link":"https:\/\/packmarkt.com\/sq\/produkt\/furce-rrotulluese-per-larjen-e-damixhanave\/","title":{"rendered":"FUR\u00c7\u00cb RROTULLUESE P\u00cbR LARJEN E DAMIXHANAVE"},"content":{"rendered":"<p>Kodi: 1000<\/p>\n","protected":false},"excerpt":{"rendered":"<p>Kodi: 1000<\/p>\n","protected":false},"featured_media":6447,"template":"","meta":[],"product_brand":[],"product_cat":[1731],"product_tag":[],"class_list":{"0":"post-26708","1":"product","2":"type-product","3":"status-publish","4":"has-post-thumbnail","6":"product_cat-per-mbushje","8":"first","9":"instock","10":"taxable","11":"shipping-taxable","12":"purchasable","13":"product-type-simple"},"aioseo_notices":[],"_links":{"self":[{"href":"https:\/\/packmarkt.com\/sq\/wp-json\/wp\/v2\/product\/26708","targetHints":{"allow":["GET"]}}],"collection":[{"href":"https:\/\/packmarkt.com\/sq\/wp-json\/wp\/v2\/product"}],"about":[{"href":"https:\/\/packmarkt.com\/sq\/wp-json\/wp\/v2\/types\/product"}],"wp:featuredmedia":[{"embeddable":true,"href":"https:\/\/packmarkt.com\/sq\/wp-json\/wp\/v2\/media\/6447"}],"wp:attachment":[{"href":"https:\/\/packmarkt.com\/sq\/wp-json\/wp\/v2\/media?parent=26708"}],"wp:term":[{"taxonomy":"product_brand","embeddable":true,"href":"https:\/\/packmarkt.com\/sq\/wp-json\/wp\/v2\/product_brand?post=26708"},{"taxonomy":"product_cat","embeddable":true,"href":"https:\/\/packmarkt.com\/sq\/wp-json\/wp\/v2\/product_cat?post=26708"},{"taxonomy":"product_tag","embeddable":true,"href":"https:\/\/packmarkt.com\/sq\/wp-json\/wp\/v2\/product_tag?post=26708"}],"curies":[{"name":"wp","href":"https:\/\/api.w.org\/{rel}","templated":true}]}}