{"id":26579,"date":"2025-08-06T00:07:20","date_gmt":"2025-08-05T21:07:20","guid":{"rendered":"https:\/\/packmarkt.com\/product\/stivues-paletash-elektrik-automatik-me-operator-ne-kembe-psh-1543\/"},"modified":"2025-08-06T00:07:20","modified_gmt":"2025-08-05T21:07:20","slug":"stivues-paletash-elektrik-automatik-me-operator-ne-kembe-psh-1543","status":"publish","type":"product","link":"https:\/\/packmarkt.com\/sq\/produkt\/stivues-paletash-elektrik-automatik-me-operator-ne-kembe-psh-1543\/","title":{"rendered":"STIVUES PALETASH ELEKTRIK AUTOMATIK ME OPERATOR N\u00cb K\u00cbMB\u00cb PSH-1543"},"content":{"rendered":"<p>Kodi: 51000083<br \/>Kapaciteti: 1500 kg<br \/>\nQendra e ngarkes\u00ebs: 600 mm<br \/>\nBaza e rrotave: 1420 mm<br \/>\nRrotat drejtuese: 230&#215;75 mm<br \/>\nGjer\u00ebsia e rrotave t\u00eb p\u00ebrparme: 680 mm<br \/>\nGjer\u00ebsia e rrotave t\u00eb pasme: 395 mm<br \/>\nLart\u00ebsia maksimale e ngritjes: 4350 mm<br \/>\nLart\u00ebsia n\u00eb ngritje t\u00eb plot\u00eb: 4865 mm<br \/>\nLart\u00ebsia minimale e pirun\u00ebve: 85 mm<br \/>\nGjat\u00ebsia totale: 2065 mm<br \/>\nGjer\u00ebsia totale: 915 mm<br \/>\nDimensionet e pirun\u00ebve: 60x180x1150 mm<br \/>\nHap\u00ebsira e ngarkes\u00ebs: 915 mm<br \/>\nKorridori i k\u00ebrkuar p\u00ebr palet\u00eb 800&#215;1200: 2300 mm<br \/>\nGjer\u00ebsia totale e pirun\u00ebve: 575 mm<br \/>\nRrezja e kthimit: 1710 mm<br \/>\nShpejt\u00ebsia e l\u00ebvizjes: 5.0\/5.5 km\/h<br \/>\nShpejt\u00ebsia e ngritjes (me\/pa ngarkes\u00eb): 106\/170 m\/min<br \/>\nShpejt\u00ebsia e uljes (me\/pa ngarkes\u00eb): 96\/80 mm\/s<br \/>\nPjerr\u00ebsia (me\/pa ngarkes\u00eb): 6\/12 %<br \/>\nFrenat: Elektromagnetike<br \/>\nMotori i l\u00ebvizjes: 1.5 kW<br \/>\nMotori i ngritjes: 3.0 kW<br \/>\nBateria: 24\/280 V\/Ah<br \/>\nLloji i kontrolluesit: Mosfet Kontrol<br \/>\nNiveli i zhurm\u00ebs: 68 dB<br \/>\nPesha: 1273 kg<\/p>\n","protected":false},"excerpt":{"rendered":"<p>Kodi: 51000083<br \/>Kapaciteti: 1500 kg<br \/>\nQendra e ngarkes\u00ebs: 600 mm<br \/>\nBaza e rrotave: 1420 mm<br \/>\nRrotat drejtuese: 230&#215;75 mm<br \/>\nGjer\u00ebsia e rrotave t\u00eb p\u00ebrparme: 680 mm<br \/>\nGjer\u00ebsia e rrotave t\u00eb pasme: 395 mm<br \/>\nLart\u00ebsia maksimale e ngritjes: 4350 mm<br \/>\nLart\u00ebsia n\u00eb ngritje t\u00eb plot\u00eb: 4865 mm<br \/>\nLart\u00ebsia minimale e pirun\u00ebve: 85 mm<br \/>\nGjat\u00ebsia totale: 2065 mm<br \/>\nGjer\u00ebsia totale: 915 mm<br \/>\nDimensionet e pirun\u00ebve: 60x180x1150 mm<br \/>\nHap\u00ebsira e ngarkes\u00ebs: 915 mm<br \/>\nKorridori i k\u00ebrkuar p\u00ebr palet\u00eb 800&#215;1200: 2300 mm<br \/>\nGjer\u00ebsia totale e pirun\u00ebve: 575 mm<br \/>\nRrezja e kthimit: 1710 mm<br \/>\nShpejt\u00ebsia e l\u00ebvizjes: 5.0\/5.5 km\/h<br \/>\nShpejt\u00ebsia e ngritjes (me\/pa ngarkes\u00eb): 106\/170 m\/min<br \/>\nShpejt\u00ebsia e uljes (me\/pa ngarkes\u00eb): 96\/80 mm\/s<br \/>\nPjerr\u00ebsia (me\/pa ngarkes\u00eb): 6\/12 %<br \/>\nFrenat: Elektromagnetike<br \/>\nMotori i l\u00ebvizjes: 1.5 kW<br \/>\nMotori i ngritjes: 3.0 kW<br \/>\nBateria: 24\/280 V\/Ah<br \/>\nLloji i kontrolluesit: Mosfet Kontrol<br \/>\nNiveli i zhurm\u00ebs: 68 dB<br \/>\nPesha: 1273 kg<\/p>\n","protected":false},"featured_media":6423,"template":"","meta":[],"product_brand":[],"product_cat":[1724],"product_tag":[],"class_list":{"0":"post-26579","1":"product","2":"type-product","3":"status-publish","4":"has-post-thumbnail","6":"product_cat-ngrites","8":"first","9":"instock","10":"taxable","11":"shipping-taxable","12":"purchasable","13":"product-type-simple"},"aioseo_notices":[],"_links":{"self":[{"href":"https:\/\/packmarkt.com\/sq\/wp-json\/wp\/v2\/product\/26579","targetHints":{"allow":["GET"]}}],"collection":[{"href":"https:\/\/packmarkt.com\/sq\/wp-json\/wp\/v2\/product"}],"about":[{"href":"https:\/\/packmarkt.com\/sq\/wp-json\/wp\/v2\/types\/product"}],"wp:featuredmedia":[{"embeddable":true,"href":"https:\/\/packmarkt.com\/sq\/wp-json\/wp\/v2\/media\/6423"}],"wp:attachment":[{"href":"https:\/\/packmarkt.com\/sq\/wp-json\/wp\/v2\/media?parent=26579"}],"wp:term":[{"taxonomy":"product_brand","embeddable":true,"href":"https:\/\/packmarkt.com\/sq\/wp-json\/wp\/v2\/product_brand?post=26579"},{"taxonomy":"product_cat","embeddable":true,"href":"https:\/\/packmarkt.com\/sq\/wp-json\/wp\/v2\/product_cat?post=26579"},{"taxonomy":"product_tag","embeddable":true,"href":"https:\/\/packmarkt.com\/sq\/wp-json\/wp\/v2\/product_tag?post=26579"}],"curies":[{"name":"wp","href":"https:\/\/api.w.org\/{rel}","templated":true}]}}