{"id":26174,"date":"2025-08-05T20:53:31","date_gmt":"2025-08-05T20:53:31","guid":{"rendered":"https:\/\/packmarkt.com\/product\/palete-ngrites-hidraulik-me-aftesi-animi-1000-kg-lt-10m\/"},"modified":"2025-08-05T20:53:31","modified_gmt":"2025-08-05T17:53:31","slug":"palete-ngrites-hidraulik-me-aftesi-animi-1000-kg-lt-10m","status":"publish","type":"product","link":"https:\/\/packmarkt.com\/sq\/produkt\/palete-ngrites-hidraulik-me-aftesi-animi-1000-kg-lt-10m\/","title":{"rendered":"PALET\u00cb-NGRIT\u00cbS HIDRAULIK ME AFT\u00cbSI ANIMI 1000 kg LT-10M"},"content":{"rendered":"<p>Kodi: 51000013<br \/>Kapaciteti: 1000 (kg)<br \/>\nLart\u00ebsia minimale: 85 (mm)<br \/>\nLart\u00ebsia maksimale e pirun\u00ebve: 285 (mm)<br \/>\nGjer\u00ebsia totale e pirun\u00ebve: 560 (mm)<br \/>\nGjer\u00ebsia totale: 638 (mm)<br \/>\nLart\u00ebsia totale: 950 (mm)<br \/>\nGjat\u00ebsia totale: 1750 (mm)<br \/>\nQendra e gravitetit: 200\/400 (mm)<br \/>\nPesha: 178 (kg)<\/p>\n","protected":false},"excerpt":{"rendered":"<p>Kodi: 51000013<br \/>Kapaciteti: 1000 (kg)<br \/>\nLart\u00ebsia minimale: 85 (mm)<br \/>\nLart\u00ebsia maksimale e pirun\u00ebve: 285 (mm)<br \/>\nGjer\u00ebsia totale e pirun\u00ebve: 560 (mm)<br \/>\nGjer\u00ebsia totale: 638 (mm)<br \/>\nLart\u00ebsia totale: 950 (mm)<br \/>\nGjat\u00ebsia totale: 1750 (mm)<br \/>\nQendra e gravitetit: 200\/400 (mm)<br \/>\nPesha: 178 (kg)<\/p>\n","protected":false},"featured_media":6266,"template":"","meta":[],"product_brand":[],"product_cat":[1724],"product_tag":[],"class_list":{"0":"post-26174","1":"product","2":"type-product","3":"status-publish","4":"has-post-thumbnail","6":"product_cat-ngrites","8":"first","9":"instock","10":"taxable","11":"shipping-taxable","12":"purchasable","13":"product-type-simple"},"aioseo_notices":[],"_links":{"self":[{"href":"https:\/\/packmarkt.com\/sq\/wp-json\/wp\/v2\/product\/26174","targetHints":{"allow":["GET"]}}],"collection":[{"href":"https:\/\/packmarkt.com\/sq\/wp-json\/wp\/v2\/product"}],"about":[{"href":"https:\/\/packmarkt.com\/sq\/wp-json\/wp\/v2\/types\/product"}],"wp:featuredmedia":[{"embeddable":true,"href":"https:\/\/packmarkt.com\/sq\/wp-json\/wp\/v2\/media\/6266"}],"wp:attachment":[{"href":"https:\/\/packmarkt.com\/sq\/wp-json\/wp\/v2\/media?parent=26174"}],"wp:term":[{"taxonomy":"product_brand","embeddable":true,"href":"https:\/\/packmarkt.com\/sq\/wp-json\/wp\/v2\/product_brand?post=26174"},{"taxonomy":"product_cat","embeddable":true,"href":"https:\/\/packmarkt.com\/sq\/wp-json\/wp\/v2\/product_cat?post=26174"},{"taxonomy":"product_tag","embeddable":true,"href":"https:\/\/packmarkt.com\/sq\/wp-json\/wp\/v2\/product_tag?post=26174"}],"curies":[{"name":"wp","href":"https:\/\/api.w.org\/{rel}","templated":true}]}}