{"id":26124,"date":"2025-08-05T20:53:24","date_gmt":"2025-08-05T20:53:24","guid":{"rendered":"https:\/\/packmarkt.com\/product\/transpalete-elektrike-1500-kg-fept-15\/"},"modified":"2025-08-05T20:53:24","modified_gmt":"2025-08-05T17:53:24","slug":"transpalete-elektrike-1500-kg-fept-15","status":"publish","type":"product","link":"https:\/\/packmarkt.com\/sq\/produkt\/transpalete-elektrike-1500-kg-fept-15\/","title":{"rendered":"TRANSPALET\u00cb ELEKTRIKE 1500 kg FEPT-15"},"content":{"rendered":"<p>Kodi: 50500061<br \/>Kapaciteti: 1500 kg<br \/>\nLart\u00ebsia e ngritjes: 115 mm<br \/>\nLart\u00ebsia e pirun\u00ebve: 85 mm<br \/>\nQendra e gravitetit: 600 mm<br \/>\nGjat\u00ebsia e pirun\u00ebve: 1150 mm<br \/>\nGjer\u00ebsia totale e pirun\u00ebve: 560 mm<br \/>\nGjer\u00ebsia totale: 730 mm<br \/>\nRrezja e kthimit: 1445 mm<br \/>\nShpejt\u00ebsia e l\u00ebvizjes: 4.2\/4.6 km\/h<br \/>\nShpejt\u00ebsia e ngritjes me\/pa ngarkes\u00eb: 30\/53 m\/min<br \/>\nShpejt\u00ebsia e uljes: 49\/36 mm\/s<br \/>\nMotorri i ngritjes: 0.8 kW<br \/>\nMotorri i l\u00ebvizjes: AC 0.45 kW<br \/>\nBateria: 2X12V\/64 V\/Ah<br \/>\nPesha e bateris\u00eb: 48 kg<br \/>\nPjerr\u00ebsia (me ngarkes\u00eb): 4\/10 %<br \/>\nFrena: Elektromagnetike<br \/>\nTipi i kontrolluesit: Mosfet kontrol<br \/>\nPesha: 190 kg<br \/>\nBaza e rrotave: 1293 mm<br \/>\nGjat\u00ebsia totale: 1648 mm<br \/>\nDistanca e ngarkes\u00ebs: 540 mm<br \/>\nKorridori i nevojsh\u00ebm (palet\u00eb: 800 \u00d7 1200): 1950 mm<br \/>\nNiveli i zhurm\u00ebs: 69 dB<\/p>\n","protected":false},"excerpt":{"rendered":"<p>Kodi: 50500061<br \/>Kapaciteti: 1500 kg<br \/>\nLart\u00ebsia e ngritjes: 115 mm<br \/>\nLart\u00ebsia e pirun\u00ebve: 85 mm<br \/>\nQendra e gravitetit: 600 mm<br \/>\nGjat\u00ebsia e pirun\u00ebve: 1150 mm<br \/>\nGjer\u00ebsia totale e pirun\u00ebve: 560 mm<br \/>\nGjer\u00ebsia totale: 730 mm<br \/>\nRrezja e kthimit: 1445 mm<br \/>\nShpejt\u00ebsia e l\u00ebvizjes: 4.2\/4.6 km\/h<br \/>\nShpejt\u00ebsia e ngritjes me\/pa ngarkes\u00eb: 30\/53 m\/min<br \/>\nShpejt\u00ebsia e uljes: 49\/36 mm\/s<br \/>\nMotorri i ngritjes: 0.8 kW<br \/>\nMotorri i l\u00ebvizjes: AC 0.45 kW<br \/>\nBateria: 2X12V\/64 V\/Ah<br \/>\nPesha e bateris\u00eb: 48 kg<br \/>\nPjerr\u00ebsia (me ngarkes\u00eb): 4\/10 %<br \/>\nFrena: Elektromagnetike<br \/>\nTipi i kontrolluesit: Mosfet kontrol<br \/>\nPesha: 190 kg<br \/>\nBaza e rrotave: 1293 mm<br \/>\nGjat\u00ebsia totale: 1648 mm<br \/>\nDistanca e ngarkes\u00ebs: 540 mm<br \/>\nKorridori i nevojsh\u00ebm (palet\u00eb: 800 \u00d7 1200): 1950 mm<br \/>\nNiveli i zhurm\u00ebs: 69 dB<\/p>\n","protected":false},"featured_media":6256,"template":"","meta":[],"product_brand":[],"product_cat":[1724],"product_tag":[],"class_list":{"0":"post-26124","1":"product","2":"type-product","3":"status-publish","4":"has-post-thumbnail","6":"product_cat-ngrites","8":"first","9":"instock","10":"taxable","11":"shipping-taxable","12":"purchasable","13":"product-type-simple"},"aioseo_notices":[],"_links":{"self":[{"href":"https:\/\/packmarkt.com\/sq\/wp-json\/wp\/v2\/product\/26124","targetHints":{"allow":["GET"]}}],"collection":[{"href":"https:\/\/packmarkt.com\/sq\/wp-json\/wp\/v2\/product"}],"about":[{"href":"https:\/\/packmarkt.com\/sq\/wp-json\/wp\/v2\/types\/product"}],"wp:featuredmedia":[{"embeddable":true,"href":"https:\/\/packmarkt.com\/sq\/wp-json\/wp\/v2\/media\/6256"}],"wp:attachment":[{"href":"https:\/\/packmarkt.com\/sq\/wp-json\/wp\/v2\/media?parent=26124"}],"wp:term":[{"taxonomy":"product_brand","embeddable":true,"href":"https:\/\/packmarkt.com\/sq\/wp-json\/wp\/v2\/product_brand?post=26124"},{"taxonomy":"product_cat","embeddable":true,"href":"https:\/\/packmarkt.com\/sq\/wp-json\/wp\/v2\/product_cat?post=26124"},{"taxonomy":"product_tag","embeddable":true,"href":"https:\/\/packmarkt.com\/sq\/wp-json\/wp\/v2\/product_tag?post=26124"}],"curies":[{"name":"wp","href":"https:\/\/api.w.org\/{rel}","templated":true}]}}