{"id":26121,"date":"2025-08-05T20:53:16","date_gmt":"2025-08-05T20:53:16","guid":{"rendered":"https:\/\/packmarkt.com\/product\/paletekarroce-elektrike-2000-kg-fept-20h\/"},"modified":"2025-08-05T20:53:16","modified_gmt":"2025-08-05T17:53:16","slug":"paletekarroce-elektrike-2000-kg-fept-20h","status":"publish","type":"product","link":"https:\/\/packmarkt.com\/sq\/produkt\/paletekarroce-elektrike-2000-kg-fept-20h\/","title":{"rendered":"PALET\u00cbKARROC\u00cb ELEKTRIKE 2000 kg FEPT-20H"},"content":{"rendered":"<p>Kodi: 50500040<br \/>Kapaciteti: 2000 kg<br \/>\nLart\u00ebsia e ngritjes: 205 mm<br \/>\nLart\u00ebsia e pirun\u00ebve: 85 mm<br \/>\nQendra e gravitetit: 600 mm<br \/>\nGjat\u00ebsia e pirun\u00ebve: 1150 mm<br \/>\nGjer\u00ebsia totale e pirun\u00ebve: 540 mm<br \/>\nGjer\u00ebsia totale: 726 mm<br \/>\nRrezja e kthimit: 1640 mm<br \/>\nShpejt\u00ebsia e l\u00ebvizjes: 5.0\/5.2 km\/h<br \/>\nShpejt\u00ebsia e ngritjes me\/pa ngarkes\u00eb: 27\/35 m\/min<br \/>\nShpejt\u00ebsia e uljes: 42\/27 mm\/s<br \/>\nMotorri i ngritjes: 0.8 kW<br \/>\nMotorri i l\u00ebvizjes: AC 1.5 kW<br \/>\nBateria: 24\/210 V\/Ah<br \/>\nPesha e bateris\u00eb: 185 kg<br \/>\nPjerr\u00ebsia (me ngarkes\u00eb): 10\/16 %<br \/>\nFrena: Elektromagnetike<br \/>\nLloji i kontrolluesit: Kontroll Mosfet<br \/>\nPesha: 520 kg<br \/>\nBoshtet: 1368 mm<br \/>\nGjat\u00ebsia totale: 1815 mm<br \/>\nDistanca e ngarkes\u00ebs: 665 mm<br \/>\nKorridori i nevojsh\u00ebm (palet\u00eb: 800 \u00d7 1200): 2065 mm<br \/>\nNiveli i zhurm\u00ebs: 70 dB<\/p>\n","protected":false},"excerpt":{"rendered":"<p>Kodi: 50500040<br \/>Kapaciteti: 2000 kg<br \/>\nLart\u00ebsia e ngritjes: 205 mm<br \/>\nLart\u00ebsia e pirun\u00ebve: 85 mm<br \/>\nQendra e gravitetit: 600 mm<br \/>\nGjat\u00ebsia e pirun\u00ebve: 1150 mm<br \/>\nGjer\u00ebsia totale e pirun\u00ebve: 540 mm<br \/>\nGjer\u00ebsia totale: 726 mm<br \/>\nRrezja e kthimit: 1640 mm<br \/>\nShpejt\u00ebsia e l\u00ebvizjes: 5.0\/5.2 km\/h<br \/>\nShpejt\u00ebsia e ngritjes me\/pa ngarkes\u00eb: 27\/35 m\/min<br \/>\nShpejt\u00ebsia e uljes: 42\/27 mm\/s<br \/>\nMotorri i ngritjes: 0.8 kW<br \/>\nMotorri i l\u00ebvizjes: AC 1.5 kW<br \/>\nBateria: 24\/210 V\/Ah<br \/>\nPesha e bateris\u00eb: 185 kg<br \/>\nPjerr\u00ebsia (me ngarkes\u00eb): 10\/16 %<br \/>\nFrena: Elektromagnetike<br \/>\nLloji i kontrolluesit: Kontroll Mosfet<br \/>\nPesha: 520 kg<br \/>\nBoshtet: 1368 mm<br \/>\nGjat\u00ebsia totale: 1815 mm<br \/>\nDistanca e ngarkes\u00ebs: 665 mm<br \/>\nKorridori i nevojsh\u00ebm (palet\u00eb: 800 \u00d7 1200): 2065 mm<br \/>\nNiveli i zhurm\u00ebs: 70 dB<\/p>\n","protected":false},"featured_media":6250,"template":"","meta":[],"product_brand":[],"product_cat":[1724],"product_tag":[],"class_list":{"0":"post-26121","1":"product","2":"type-product","3":"status-publish","4":"has-post-thumbnail","6":"product_cat-ngrites","8":"first","9":"instock","10":"taxable","11":"shipping-taxable","12":"purchasable","13":"product-type-simple"},"aioseo_notices":[],"_links":{"self":[{"href":"https:\/\/packmarkt.com\/sq\/wp-json\/wp\/v2\/product\/26121","targetHints":{"allow":["GET"]}}],"collection":[{"href":"https:\/\/packmarkt.com\/sq\/wp-json\/wp\/v2\/product"}],"about":[{"href":"https:\/\/packmarkt.com\/sq\/wp-json\/wp\/v2\/types\/product"}],"wp:featuredmedia":[{"embeddable":true,"href":"https:\/\/packmarkt.com\/sq\/wp-json\/wp\/v2\/media\/6250"}],"wp:attachment":[{"href":"https:\/\/packmarkt.com\/sq\/wp-json\/wp\/v2\/media?parent=26121"}],"wp:term":[{"taxonomy":"product_brand","embeddable":true,"href":"https:\/\/packmarkt.com\/sq\/wp-json\/wp\/v2\/product_brand?post=26121"},{"taxonomy":"product_cat","embeddable":true,"href":"https:\/\/packmarkt.com\/sq\/wp-json\/wp\/v2\/product_cat?post=26121"},{"taxonomy":"product_tag","embeddable":true,"href":"https:\/\/packmarkt.com\/sq\/wp-json\/wp\/v2\/product_tag?post=26121"}],"curies":[{"name":"wp","href":"https:\/\/api.w.org\/{rel}","templated":true}]}}