{"id":26024,"date":"2025-08-05T20:52:49","date_gmt":"2025-08-05T20:52:49","guid":{"rendered":"https:\/\/packmarkt.com\/product\/bidon-20l-hnk2-1-palete-48-cope\/"},"modified":"2026-04-08T16:17:52","modified_gmt":"2026-04-08T13:17:52","slug":"bidon-20l-hnk2-1-palete-48-cope","status":"publish","type":"product","link":"https:\/\/packmarkt.com\/sq\/produkt\/bidon-20l-hnk2-1-palete-48-cope\/","title":{"rendered":"Bidon 20L (HNK2) &#8211; 1 Palet\u00eb (48 cop\u00eb)"},"content":{"rendered":"<p class=\"p1\">Bidoni 20L (HNK2) \u00ebsht\u00eb nj\u00eb zgjidhje e fort\u00eb dhe e besueshme p\u00ebr ruajtjen dhe transportin e produkteve t\u00eb l\u00ebngshme. Me kapak \u00d8 60mm p\u00ebr mbyllje t\u00eb sigurt dhe pesh\u00eb 750g, ofron q\u00ebndrueshm\u00ebri dhe stabilitet n\u00eb p\u00ebrdorim. Disponueshm\u00ebria e tij n\u00eb nj\u00eb palet\u00eb me 48 cop\u00eb e b\u00ebn at\u00eb ideal p\u00ebr nevoja profesionale.  <\/p>\n<h5><b>Karakteristika &amp; P\u00ebrfitime<\/b><\/h5>\n<ul>\n<li class=\"p1\"><span class=\"s1\"><b>Kapacitet i madh:<\/b><\/span> 20 litra, i p\u00ebrshtatsh\u00ebm p\u00ebr p\u00ebrdorim profesional n\u00eb industri dhe produkte bujq\u00ebsore.<\/li>\n<li class=\"p1\"><span class=\"s1\"><b>Konstruksion i q\u00ebndruesh\u00ebm:<\/b><\/span> Pesha 750g ofron besueshm\u00ebri dhe stabilitet.<\/li>\n<li class=\"p1\"><span class=\"s1\"><b>Kapak i sigurt:<\/b><\/span> \u00d8 60mm p\u00ebr mbushje t\u00eb leht\u00eb dhe parandalim t\u00eb rrjedhjeve.<\/li>\n<li class=\"p1\"><span class=\"s1\"><b>Furnizim me shumic\u00eb:<\/b><\/span> Palet\u00eb me 48 cop\u00eb p\u00ebr ruajtje t\u00eb organizuar.<\/li>\n<li class=\"p1\"><span class=\"s1\"><b>P\u00ebrdorim i gjer\u00eb:<\/b><\/span> I p\u00ebrshtatsh\u00ebm p\u00ebr ushqime, kimikate dhe produkte t\u00eb tjera t\u00eb l\u00ebngshme.<\/li>\n<\/ul>\n<h5><b>Specifikime Teknike<\/b><\/h5>\n<ul>\n<li class=\"p1\"><b>Kapacitet:<\/b><span class=\"s1\"> 20L<\/span><\/li>\n<li class=\"p1\"><b>Pesha (p\u00ebr cop\u00eb):<\/b><span class=\"s1\"> 750g<\/span><\/li>\n<li class=\"p1\"><span class=\"s1\"><b>Kapak:<\/b><\/span> \u00d8 60mm<\/li>\n<li class=\"p1\"><b>Sasia p\u00ebr palet\u00eb:<\/b><span class=\"s1\"> 48 cop\u00eb<\/span><\/li>\n<li class=\"p1\"><b>Paketimi:<\/b><span class=\"s1\"> 1 palet\u00eb<\/span><\/li>\n<\/ul>\n<h5><b>Aplikimet<\/b><\/h5>\n<ul>\n<li class=\"p1\">Industrit\u00eb ushqimore dhe t\u00eb pijeve<\/li>\n<li class=\"p1\">Produkte kimike dhe pastrues<\/li>\n<li class=\"p1\">Produkte bujq\u00ebsore dhe plehra<\/li>\n<li class=\"p1\">Logjistika dhe hap\u00ebsirat e magazinimit<\/li>\n<\/ul>\n<p>&nbsp;<\/p>\n","protected":false},"excerpt":{"rendered":"<p><strong>Kodi:<\/strong> SAR-PS20000S0433<br \/>\n<strong>Kapaciteti:<\/strong> 20L<br \/>\n<strong>Pesha:<\/strong> 750g<br \/>\n<strong>Kapak:<\/strong> \u00d8 60mm<br \/>\n<strong>Cop\u00eb \/ palet\u00eb:<\/strong> 48<br \/>\n<strong>Paketimi:<\/strong> 1 palet\u00eb<\/p>\n","protected":false},"featured_media":26031,"template":"","meta":[],"product_brand":[],"product_cat":[1424],"product_tag":[],"class_list":{"0":"post-26024","1":"product","2":"type-product","3":"status-publish","4":"has-post-thumbnail","6":"product_cat-lubrifikante","8":"first","9":"instock","10":"taxable","11":"shipping-taxable","12":"product-type-simple"},"aioseo_notices":[],"_links":{"self":[{"href":"https:\/\/packmarkt.com\/sq\/wp-json\/wp\/v2\/product\/26024","targetHints":{"allow":["GET"]}}],"collection":[{"href":"https:\/\/packmarkt.com\/sq\/wp-json\/wp\/v2\/product"}],"about":[{"href":"https:\/\/packmarkt.com\/sq\/wp-json\/wp\/v2\/types\/product"}],"wp:featuredmedia":[{"embeddable":true,"href":"https:\/\/packmarkt.com\/sq\/wp-json\/wp\/v2\/media\/26031"}],"wp:attachment":[{"href":"https:\/\/packmarkt.com\/sq\/wp-json\/wp\/v2\/media?parent=26024"}],"wp:term":[{"taxonomy":"product_brand","embeddable":true,"href":"https:\/\/packmarkt.com\/sq\/wp-json\/wp\/v2\/product_brand?post=26024"},{"taxonomy":"product_cat","embeddable":true,"href":"https:\/\/packmarkt.com\/sq\/wp-json\/wp\/v2\/product_cat?post=26024"},{"taxonomy":"product_tag","embeddable":true,"href":"https:\/\/packmarkt.com\/sq\/wp-json\/wp\/v2\/product_tag?post=26024"}],"curies":[{"name":"wp","href":"https:\/\/api.w.org\/{rel}","templated":true}]}}