{"id":25824,"date":"2025-08-05T20:52:45","date_gmt":"2025-08-05T20:52:45","guid":{"rendered":"https:\/\/packmarkt.com\/product\/bidon-i-bardhe-5l-1-palete-352-cope\/"},"modified":"2026-04-08T15:24:32","modified_gmt":"2026-04-08T12:24:32","slug":"bidon-i-bardhe-5l-1-palete-352-cope","status":"publish","type":"product","link":"https:\/\/packmarkt.com\/sq\/produkt\/bidon-i-bardhe-5l-1-palete-352-cope\/","title":{"rendered":"Bidon i bardh\u00eb 5L &#8211; 1 Palet\u00eb (352 cop\u00eb)"},"content":{"rendered":"<p class=\"p1\">Bidoni i bardh\u00eb 5L p\u00ebrb\u00ebn nj\u00eb zgjidhje praktike p\u00ebr ruajtjen dhe transportin e produkteve t\u00eb l\u00ebngshme n\u00eb paketim t\u00eb vog\u00ebl. Disponohet n\u00eb nj\u00eb palet\u00eb me 352 cop\u00eb, duke ofruar ekonomi dhe leht\u00ebsi n\u00eb aplikime profesionale n\u00eb shkall\u00eb t\u00eb gjer\u00eb. <\/p>\n<h5><b>Karakteristika &amp; P\u00ebrfitime<\/b><\/h5>\n<ul>\n<li class=\"p1\"><span class=\"s1\"><b>Kapacitet kompakt:<\/b><\/span> 5 litra, ideal p\u00ebr sasi t\u00eb vogla l\u00ebngjesh.<\/li>\n<li class=\"p1\"><span class=\"s1\"><b>Zgjidhje ekonomike:<\/b><\/span> Disponohet n\u00eb nj\u00eb palet\u00eb t\u00eb plot\u00eb me 352 cop\u00eb.<\/li>\n<li class=\"p1\"><span class=\"s1\"><b>Dizajn i leht\u00eb:<\/b><\/span> Vet\u00ebm 150 g p\u00ebr menaxhim t\u00eb leht\u00eb.<\/li>\n<li class=\"p1\"><span class=\"s1\"><b>Kap\u00ebse praktike:<\/b><\/span> \u00d8 38 mm p\u00ebr mbyllje t\u00eb sigurt.<\/li>\n<li class=\"p1\"><span class=\"s1\"><b>I p\u00ebrshtatsh\u00ebm p\u00ebr p\u00ebrdorim profesional:<\/b><\/span> Ideal p\u00ebr ushqime, pije, kimikate dhe produkte bujq\u00ebsore.<\/li>\n<\/ul>\n<h5><b>Specifikime Teknike<\/b><\/h5>\n<ul>\n<li class=\"p1\"><b>Kapacitet:<\/b><span class=\"s1\"> 5L<\/span><\/li>\n<li class=\"p1\"><b>Pesha (p\u00ebr cop\u00eb):<\/b><span class=\"s1\"> 150 g<\/span><\/li>\n<li class=\"p1\"><span class=\"s1\"><b>Kap\u00ebse:<\/b><\/span> \u00d8 38 mm<\/li>\n<li class=\"p1\"><b>Sasia p\u00ebr palet\u00eb:<\/b><span class=\"s1\"> 352 cop\u00eb<\/span><\/li>\n<li class=\"p1\"><b>Paketimi:<\/b><span class=\"s1\"> 1 palet\u00eb<\/span><\/li>\n<\/ul>\n<h5><b>Aplikimet<\/b><\/h5>\n<ul>\n<li class=\"p1\">Industrit\u00eb ushqimore dhe t\u00eb pijeve<\/li>\n<li class=\"p1\">Produkte kimike dhe pastrues<\/li>\n<li class=\"p1\">Produkte bujq\u00ebsore dhe plehra t\u00eb l\u00ebngshme<\/li>\n<li class=\"p1\">Logjistik\u00eb dhe ruajtje e sasive t\u00eb vogla<\/li>\n<\/ul>\n<p>&nbsp;<\/p>\n","protected":false},"excerpt":{"rendered":"<p><strong>Kodi:<\/strong> SAR-PS05000S0152<br \/>\n<strong>Kapaciteti:<\/strong> 5L<br \/>\n<strong>Pesha:<\/strong> 150 g<br \/>\n<strong>Kap\u00ebse: <\/strong>\u00d8 38 mm<br \/>\n<strong>Cop\u00eb \/ palet\u00eb:<\/strong> 352<br \/>\n<strong>Paketimi:<\/strong> 1 palet\u00eb<\/p>\n","protected":false},"featured_media":25827,"template":"","meta":[],"product_brand":[],"product_cat":[1375],"product_tag":[],"class_list":{"0":"post-25824","1":"product","2":"type-product","3":"status-publish","4":"has-post-thumbnail","6":"product_cat-kimikate-dhe-detergjente","8":"first","9":"instock","10":"taxable","11":"shipping-taxable","12":"product-type-simple"},"aioseo_notices":[],"_links":{"self":[{"href":"https:\/\/packmarkt.com\/sq\/wp-json\/wp\/v2\/product\/25824","targetHints":{"allow":["GET"]}}],"collection":[{"href":"https:\/\/packmarkt.com\/sq\/wp-json\/wp\/v2\/product"}],"about":[{"href":"https:\/\/packmarkt.com\/sq\/wp-json\/wp\/v2\/types\/product"}],"wp:featuredmedia":[{"embeddable":true,"href":"https:\/\/packmarkt.com\/sq\/wp-json\/wp\/v2\/media\/25827"}],"wp:attachment":[{"href":"https:\/\/packmarkt.com\/sq\/wp-json\/wp\/v2\/media?parent=25824"}],"wp:term":[{"taxonomy":"product_brand","embeddable":true,"href":"https:\/\/packmarkt.com\/sq\/wp-json\/wp\/v2\/product_brand?post=25824"},{"taxonomy":"product_cat","embeddable":true,"href":"https:\/\/packmarkt.com\/sq\/wp-json\/wp\/v2\/product_cat?post=25824"},{"taxonomy":"product_tag","embeddable":true,"href":"https:\/\/packmarkt.com\/sq\/wp-json\/wp\/v2\/product_tag?post=25824"}],"curies":[{"name":"wp","href":"https:\/\/api.w.org\/{rel}","templated":true}]}}