{"id":24970,"date":"2026-03-20T16:04:40","date_gmt":"2026-03-20T13:04:40","guid":{"rendered":"https:\/\/packmarkt.com\/product\/shishe-parfumi-roamy-100ml\/"},"modified":"2026-03-20T16:04:40","modified_gmt":"2026-03-20T13:04:40","slug":"shishe-parfumi-roamy-100ml","status":"publish","type":"product","link":"https:\/\/packmarkt.com\/sq\/produkt\/shishe-parfumi-roamy-100ml\/","title":{"rendered":"Shishe Parfumi Roamy 100ml"},"content":{"rendered":"<p>Shishet e parfumit prej qelqi dallohen p\u00ebr linjat e tyre unike dhe detajet estetike t\u00eb rafinuara, duke nxjerr\u00eb n\u00eb pah arom\u00ebn me eleganc\u00eb dhe stil. Pamja e tyre e kthjell\u00ebt, e shk\u00eblqyeshme dhe me shk\u00eblqim jep nj\u00eb ndjenj\u00eb past\u00ebrtie dhe luksi t\u00eb p\u00ebrjetsh\u00ebm. <\/p>\n<h5><b>Karakteristika &amp; P\u00ebrfitime<\/b><\/h5>\n<ul>\n<li>T\u00eb prodhuara nga qelq transparent me cil\u00ebsi t\u00eb lart\u00eb, q\u00eb nxjerr n\u00eb pah ngjyr\u00ebn dhe tekstur\u00ebn e parfumit.<\/li>\n<li>Dizajn elegant dhe praktik, ideal p\u00ebr p\u00ebrdorim personal dhe profesional.<\/li>\n<li>Konstruksion i q\u00ebndruesh\u00ebm q\u00eb siguron ruajtjen e duhur t\u00eb p\u00ebrmbajtjes.<\/li>\n<li>T\u00eb disponueshme n\u00eb madh\u00ebsi t\u00eb ndryshme p\u00ebr t\u00eb plot\u00ebsuar \u00e7do nevoj\u00eb.<\/li>\n<\/ul>\n<h5><b>Specifikime Teknike<\/b><\/h5>\n<ul>\n<li><strong>Materiali: <\/strong>Qelq transparent<\/li>\n<li><strong>Kapaciteti: <\/strong>100ml<\/li>\n<li><strong>Pesha:<\/strong> 205 gr<\/li>\n<li><strong>Lart\u00ebsia: <\/strong>90 mm<\/li>\n<li><strong>Gjer\u00ebsia: <\/strong>60 mm<\/li>\n<li><strong>Gjat\u00ebsia: <\/strong>60 mm<\/li>\n<li><strong>Hapja:<\/strong> FEA15<\/li>\n<li><strong>Forma: <\/strong>Katror<\/li>\n<\/ul>\n<h5><b>Aplikimet<\/b><\/h5>\n<ul>\n<li>Ideale p\u00ebr ruajtjen dhe prezantimin e parfumeve.<\/li>\n<li>T\u00eb p\u00ebrshtatshme p\u00ebr p\u00ebrdorim profesional n\u00eb laborator\u00eb dhe dyqane kozmetike.<\/li>\n<li>Zgjedhje ideale p\u00ebr krijimin e parfumeve unike dhe produkteve premium.<\/li>\n<li>T\u00eb p\u00ebrshtatshme p\u00ebr projekte DIY me theks n\u00eb estetik\u00eb dhe cil\u00ebsi.<\/li>\n<\/ul>\n","protected":false},"excerpt":{"rendered":"<p><strong>Kodi:<\/strong> Roamy<br \/>\n<strong>Kapaciteti: <\/strong>100ml<br \/>\n<strong>Pesha: <\/strong>205 gr<br \/>\n<strong>Lart\u00ebsia: <\/strong>90 mm<br \/>\n<strong>Gjer\u00ebsia:<\/strong> 60 mm<br \/>\n<strong>Gjat\u00ebsia: <\/strong>60 mm<br \/>\n<strong>Hapja:<\/strong>FEA15<\/p>\n","protected":false},"featured_media":24824,"template":"","meta":[],"product_brand":[],"product_cat":[1538],"product_tag":[],"class_list":{"0":"post-24970","1":"product","2":"type-product","3":"status-publish","4":"has-post-thumbnail","6":"product_cat-parfume","7":"ts_product_brand-erbatur","9":"first","10":"instock","11":"taxable","12":"shipping-taxable","13":"product-type-simple"},"aioseo_notices":[],"_links":{"self":[{"href":"https:\/\/packmarkt.com\/sq\/wp-json\/wp\/v2\/product\/24970","targetHints":{"allow":["GET"]}}],"collection":[{"href":"https:\/\/packmarkt.com\/sq\/wp-json\/wp\/v2\/product"}],"about":[{"href":"https:\/\/packmarkt.com\/sq\/wp-json\/wp\/v2\/types\/product"}],"wp:featuredmedia":[{"embeddable":true,"href":"https:\/\/packmarkt.com\/sq\/wp-json\/wp\/v2\/media\/24824"}],"wp:attachment":[{"href":"https:\/\/packmarkt.com\/sq\/wp-json\/wp\/v2\/media?parent=24970"}],"wp:term":[{"taxonomy":"product_brand","embeddable":true,"href":"https:\/\/packmarkt.com\/sq\/wp-json\/wp\/v2\/product_brand?post=24970"},{"taxonomy":"product_cat","embeddable":true,"href":"https:\/\/packmarkt.com\/sq\/wp-json\/wp\/v2\/product_cat?post=24970"},{"taxonomy":"product_tag","embeddable":true,"href":"https:\/\/packmarkt.com\/sq\/wp-json\/wp\/v2\/product_tag?post=24970"}],"curies":[{"name":"wp","href":"https:\/\/api.w.org\/{rel}","templated":true}]}}