{"id":21705,"date":"2026-03-02T14:24:14","date_gmt":"2026-03-02T11:24:14","guid":{"rendered":"https:\/\/packmarkt.com\/?post_type=product&#038;p=21705"},"modified":"2026-03-12T14:22:47","modified_gmt":"2026-03-12T11:22:47","slug":"shishe-aquarius-250ml","status":"publish","type":"product","link":"https:\/\/packmarkt.com\/sq\/produkt\/shishe-aquarius-250ml\/","title":{"rendered":"Shishe Aquarius 250ml"},"content":{"rendered":"<p>Shishe p\u00ebr shurup \u00ebsht\u00eb prodhuar nga <strong>Black <\/strong><strong>glass<\/strong>, nj\u00eb qelq q\u00eb mbron n\u00eb m\u00ebnyr\u00eb efektive p\u00ebrmbajtjen nga drita, duke ruajtur freskin\u00eb, cil\u00ebsin\u00eb dhe karakteristikat natyrore t\u00eb l\u00ebngjeve.<\/p>\n<h5><b>Karakteristikat &amp; P\u00ebrfitimet<\/b><\/h5>\n<ul>\n<li>Prodhim nga <strong>Black <\/strong><strong>glass<\/strong>, i cili mbron n\u00eb m\u00ebnyr\u00eb efektive p\u00ebrmbajtjen nga drita, duke ruajtur freskin\u00eb, cil\u00ebsin\u00eb dhe karakteristikat natyrore t\u00eb l\u00ebngjeve.<\/li>\n<li>Dizajn elegant dhe praktik, i p\u00ebrshtatsh\u00ebm p\u00ebr p\u00ebrdorim personal dhe profesional.<\/li>\n<li>N\u00eb dispozicion n\u00eb madh\u00ebsi t\u00eb ndryshme p\u00ebr \u00e7do nevoj\u00eb.<\/li>\n<\/ul>\n<h5><b>Karakteristikat Teknike<\/b><\/h5>\n<ul>\n<li><strong>Materiali: <\/strong>Black glass<\/li>\n<li><strong>Kapaciteti: <\/strong>250ml<\/li>\n<li><strong>Gjatesia:<\/strong>164,9 mm<\/li>\n<li><strong>Diametri:\u00a0<\/strong>56,4 mm<\/li>\n<li><strong>Pesha:<\/strong>253gr<\/li>\n<li><strong>Gryk\u00eb:<\/strong> PP28<\/li>\n<li><strong>Forma: <\/strong>e rrumbullak\u00ebt<\/li>\n<\/ul>\n<h5><b>Aplikimet<\/b><\/h5>\n<ul>\n<li>Ideale p\u00ebr <strong>shurup, l\u00ebngje aromatike ose \u00ebmb\u00ebltues.<\/strong><\/li>\n<li>P\u00ebrdorim sht\u00ebpiak p\u00ebr <strong>spray aromatik, l\u00ebngje sapuni ose doza t\u00eb vogla t\u00eb produkteve t\u00eb l\u00ebngshme<\/strong>.<\/li>\n<li>E p\u00ebrshtatshme p\u00ebr <strong>projekte kreative<\/strong>, si pije sht\u00ebpiake ose kozmetik\u00eb.<\/li>\n<\/ul>\n","protected":false},"excerpt":{"rendered":"<p><strong>Kodi:<\/strong> SM191003-204<br \/>\n<strong>Materiali: <\/strong>Black glass<br \/>\n<strong>Kapaciteti: <\/strong>250ml<br \/>\n<strong>Gjatesia:\u00a0<\/strong>164,9 mm<br \/>\n<strong>Diametri:\u00a0<\/strong>56,4 mm<br \/>\n<strong>Pesha: <\/strong>253gr<br \/>\n<strong>Gryk\u00eb:<\/strong> PP28<br \/>\n<strong>Forma: <\/strong>e rrumbullak\u00ebt<\/p>\n","protected":false},"featured_media":22583,"template":"","meta":[],"product_brand":[],"product_cat":[15],"product_tag":[],"class_list":{"0":"post-21705","1":"product","2":"type-product","3":"status-publish","4":"has-post-thumbnail","6":"product_cat-mpitonia","7":"ts_product_brand-miron","9":"first","10":"instock","11":"taxable","12":"shipping-taxable","13":"product-type-simple"},"aioseo_notices":[],"_links":{"self":[{"href":"https:\/\/packmarkt.com\/sq\/wp-json\/wp\/v2\/product\/21705","targetHints":{"allow":["GET"]}}],"collection":[{"href":"https:\/\/packmarkt.com\/sq\/wp-json\/wp\/v2\/product"}],"about":[{"href":"https:\/\/packmarkt.com\/sq\/wp-json\/wp\/v2\/types\/product"}],"wp:featuredmedia":[{"embeddable":true,"href":"https:\/\/packmarkt.com\/sq\/wp-json\/wp\/v2\/media\/22583"}],"wp:attachment":[{"href":"https:\/\/packmarkt.com\/sq\/wp-json\/wp\/v2\/media?parent=21705"}],"wp:term":[{"taxonomy":"product_brand","embeddable":true,"href":"https:\/\/packmarkt.com\/sq\/wp-json\/wp\/v2\/product_brand?post=21705"},{"taxonomy":"product_cat","embeddable":true,"href":"https:\/\/packmarkt.com\/sq\/wp-json\/wp\/v2\/product_cat?post=21705"},{"taxonomy":"product_tag","embeddable":true,"href":"https:\/\/packmarkt.com\/sq\/wp-json\/wp\/v2\/product_tag?post=21705"}],"curies":[{"name":"wp","href":"https:\/\/api.w.org\/{rel}","templated":true}]}}