{"id":21666,"date":"2025-08-05T20:32:53","date_gmt":"2025-08-05T17:32:53","guid":{"rendered":"https:\/\/packmarkt.com\/product\/kontejner-ibc-1000l-me-palete-plastike\/"},"modified":"2025-08-05T20:32:53","modified_gmt":"2025-08-05T17:32:53","slug":"kontejner-ibc-1000l-me-palete-plastike","status":"publish","type":"product","link":"https:\/\/packmarkt.com\/sq\/produkt\/kontejner-ibc-1000l-me-palete-plastike\/","title":{"rendered":"Kontejner IBC 1000L me palet\u00eb plastike"},"content":{"rendered":"<p class=\"p1\">Kontejneri IBC 1000L me palet\u00eb plastike \u00ebsht\u00eb nj\u00eb zgjidhje praktike dhe e q\u00ebndrueshme p\u00ebr ruajtjen dhe transportin e produkteve t\u00eb l\u00ebngshme. Kombinimi i kapacitetit t\u00eb madh me nj\u00eb baz\u00eb palete plastike ofron rezistenc\u00eb ndaj lag\u00ebshtis\u00eb, leht\u00ebsi pastrimi dhe besueshm\u00ebri afatgjat\u00eb n\u00eb aplikime industriale dhe bujq\u00ebsore. <\/p>\n<h5><b>Karakteristika &amp; P\u00ebrfitime<\/b><\/h5>\n<ul>\n<li class=\"p1\"><span class=\"s1\"><b>Kapacitet i madh:<\/b><\/span> 1000 litra, ideal p\u00ebr produkte t\u00eb l\u00ebngshme n\u00eb sasi t\u00eb m\u00ebdha.<\/li>\n<li class=\"p1\"><span class=\"s1\"><b>Palet\u00eb plastike:<\/b><\/span> Rezistente ndaj lag\u00ebshtis\u00eb dhe e leht\u00eb p\u00ebr t&#8217;u pastruar.<\/li>\n<li class=\"p1\"><span class=\"s1\"><b>Konstruksion i fort\u00eb:<\/b><\/span> Pesha 60 kg p\u00ebr p\u00ebrdorim t\u00eb besuesh\u00ebm dhe t\u00eb q\u00ebndruesh\u00ebm.<\/li>\n<li class=\"p1\"><span class=\"s1\"><b>Leht\u00ebsi n\u00eb menaxhim:<\/b><\/span> I pajtuesh\u00ebm me karroca paletash dhe pirun\u00eb p\u00ebr transport t\u00eb shpejt\u00eb.<\/li>\n<li class=\"p1\"><span class=\"s1\"><b>Q\u00ebndrueshm\u00ebri:<\/b><\/span> I p\u00ebrshtatsh\u00ebm p\u00ebr p\u00ebrdorim profesional afatgjat\u00eb.<\/li>\n<\/ul>\n<h5><b>Specifikime Teknike<\/b><\/h5>\n<ul>\n<li class=\"p1\"><b>Kapaciteti:<\/b><span class=\"s1\"> 1000L<\/span><\/li>\n<li class=\"p1\"><b>Dimensionet e jashtme:<\/b><span class=\"s1\"> 1000 x 1200 x 1165 mm<\/span><\/li>\n<li class=\"p1\"><b>Pesha:<\/b><span class=\"s1\"> 60 kg<\/span><\/li>\n<li class=\"p1\"><b>Paketimi:<\/b><span class=\"s1\"> 1 cop\u00eb<\/span><\/li>\n<\/ul>\n<h5><b>Aplikimet<\/b><\/h5>\n<ul>\n<li class=\"p1\">Industrit\u00eb ushqimore dhe t\u00eb pijeve<\/li>\n<li class=\"p1\">Produkte kimike dhe industria farmaceutike<\/li>\n<li class=\"p1\">Produkte bujq\u00ebsore dhe kooperativa<\/li>\n<li class=\"p1\">Logjistika dhe qendrat e shp\u00ebrndarjes<\/li>\n<\/ul>\n<p>&nbsp;<\/p>\n","protected":false},"excerpt":{"rendered":"<p><strong>Kodi:<\/strong> 152908<br \/>\n<strong>Kapaciteti:<\/strong> 1000L<br \/>\n<strong>Dimensionet e jashtme:<\/strong> 1000x1200x1165mm<br \/>\n<strong>Pesha:<\/strong> 61kg<br \/>\n<strong>Paketimi:<\/strong> 1 cop\u00eb<\/p>\n","protected":false},"featured_media":7378,"template":"","meta":[],"product_brand":[],"product_cat":[1388],"product_tag":[],"class_list":{"0":"post-21666","1":"product","2":"type-product","3":"status-publish","4":"has-post-thumbnail","6":"product_cat-konteniere-plastik-ibc","7":"ts_product_brand-deren","9":"first","10":"instock","11":"taxable","12":"shipping-taxable","13":"purchasable","14":"product-type-simple"},"aioseo_notices":[],"_links":{"self":[{"href":"https:\/\/packmarkt.com\/sq\/wp-json\/wp\/v2\/product\/21666","targetHints":{"allow":["GET"]}}],"collection":[{"href":"https:\/\/packmarkt.com\/sq\/wp-json\/wp\/v2\/product"}],"about":[{"href":"https:\/\/packmarkt.com\/sq\/wp-json\/wp\/v2\/types\/product"}],"wp:featuredmedia":[{"embeddable":true,"href":"https:\/\/packmarkt.com\/sq\/wp-json\/wp\/v2\/media\/7378"}],"wp:attachment":[{"href":"https:\/\/packmarkt.com\/sq\/wp-json\/wp\/v2\/media?parent=21666"}],"wp:term":[{"taxonomy":"product_brand","embeddable":true,"href":"https:\/\/packmarkt.com\/sq\/wp-json\/wp\/v2\/product_brand?post=21666"},{"taxonomy":"product_cat","embeddable":true,"href":"https:\/\/packmarkt.com\/sq\/wp-json\/wp\/v2\/product_cat?post=21666"},{"taxonomy":"product_tag","embeddable":true,"href":"https:\/\/packmarkt.com\/sq\/wp-json\/wp\/v2\/product_tag?post=21666"}],"curies":[{"name":"wp","href":"https:\/\/api.w.org\/{rel}","templated":true}]}}